{"id":5314695,"date":"2026-01-19T14:14:52","date_gmt":"2026-01-19T12:14:52","guid":{"rendered":"https:\/\/gadgettravellers.eu\/shop\/incenso-per-bruciatore-scatola-6-5x6-5x3cm-la-santa-trinita-993011-12\/"},"modified":"2026-04-22T22:34:59","modified_gmt":"2026-04-22T20:34:59","slug":"incenso-per-bruciatore-scatola-6-5x6-5x3cm-la-santa-trinita-993011-12","status":"publish","type":"product","link":"https:\/\/gadgettravellers.eu\/it\/shop\/incenso-per-bruciatore-scatola-6-5x6-5x3cm-la-santa-trinita-993011-12\/","title":{"rendered":"Incenso per Bruciatore Scatola 6.5&#215;6.5x3cm La Santa Trinit\u00e0 993011\/12"},"content":{"rendered":"<p>Incenso 6.5&#215;6.5x3cm<\/p>\n<div class='aiseo-faq-section' style='margin-top:30px; border-top:1px solid #eee; padding-top:20px;'>\n<h3>Domande Frequenti<\/h3>\n<details style='margin-bottom:10px; padding:10px; background:#f9f9f9; border-radius:5px;'>\n<summary style='font-weight:bold; cursor:pointer;'>Quali sono le dimensioni del prodotto?<\/summary>\n<div style='margin-top:10px; color:#555;'>6,5 x 6,5 x 3 cm.<\/div>\n<\/details>\n<details style='margin-bottom:10px; padding:10px; background:#f9f9f9; border-radius:5px;'>\n<summary style='font-weight:bold; cursor:pointer;'>\u00c8 adatto per uso ecclesiastico?<\/summary>\n<div style='margin-top:10px; color:#555;'>S\u00ec, \u00e8 ideale per uso ecclesiastico e incensi personali.<\/div>\n<\/details>\n<details style='margin-bottom:10px; padding:10px; background:#f9f9f9; border-radius:5px;'>\n<summary style='font-weight:bold; cursor:pointer;'>\u00c8 necessaria una preparazione prima dell&#8217;uso?<\/summary>\n<div style='margin-top:10px; color:#555;'>No, \u00e8 pronto all&#8217;uso in un astuccio pratico.<\/div>\n<\/details>\n<details style='margin-bottom:10px; padding:10px; background:#f9f9f9; border-radius:5px;'>\n<summary style='font-weight:bold; cursor:pointer;'>Posso trasferirlo facilmente?<\/summary>\n<div style='margin-top:10px; color:#555;'>S\u00ec, l&#8217;astuccio facilita la conservazione e la portabilit\u00e0.<\/div>\n<\/details>\n<\/div>\n","protected":false},"excerpt":{"rendered":"<p>Incenso 6.5&#215;6.5x3cm Domande Frequenti Quali sono le dimensioni del prodotto? 6,5 x 6,5 x 3 cm. \u00c8 adatto per uso ecclesiastico? S\u00ec, \u00e8 ideale per uso ecclesiastico e incensi personali. \u00c8 necessaria una preparazione prima dell&#8217;uso? No, \u00e8 pronto all&#8217;uso in un astuccio pratico. Posso trasferirlo facilmente? S\u00ec, l&#8217;astuccio facilita la conservazione e la portabilit\u00e0.<\/p>\n","protected":false},"featured_media":10266,"comment_status":"closed","ping_status":"open","template":"","meta":[],"product_brand":[],"product_cat":[],"product_tag":[15],"class_list":{"0":"post-5314695","1":"product","2":"type-product","3":"status-publish","4":"has-post-thumbnail","6":"product_tag-uncategorized","8":"first","9":"onbackorder","10":"purchasable","11":"product-type-simple"},"jetpack_sharing_enabled":true,"_links":{"self":[{"href":"https:\/\/gadgettravellers.eu\/it\/wp-json\/wp\/v2\/product\/5314695","targetHints":{"allow":["GET"]}}],"collection":[{"href":"https:\/\/gadgettravellers.eu\/it\/wp-json\/wp\/v2\/product"}],"about":[{"href":"https:\/\/gadgettravellers.eu\/it\/wp-json\/wp\/v2\/types\/product"}],"replies":[{"embeddable":true,"href":"https:\/\/gadgettravellers.eu\/it\/wp-json\/wp\/v2\/comments?post=5314695"}],"wp:featuredmedia":[{"embeddable":true,"href":"https:\/\/gadgettravellers.eu\/it\/wp-json\/wp\/v2\/media\/10266"}],"wp:attachment":[{"href":"https:\/\/gadgettravellers.eu\/it\/wp-json\/wp\/v2\/media?parent=5314695"}],"wp:term":[{"taxonomy":"product_brand","embeddable":true,"href":"https:\/\/gadgettravellers.eu\/it\/wp-json\/wp\/v2\/product_brand?post=5314695"},{"taxonomy":"product_cat","embeddable":true,"href":"https:\/\/gadgettravellers.eu\/it\/wp-json\/wp\/v2\/product_cat?post=5314695"},{"taxonomy":"product_tag","embeddable":true,"href":"https:\/\/gadgettravellers.eu\/it\/wp-json\/wp\/v2\/product_tag?post=5314695"}],"curies":[{"name":"wp","href":"https:\/\/api.w.org\/{rel}","templated":true}]}}