{"id":5314701,"date":"2026-01-19T14:14:57","date_gmt":"2026-01-19T12:14:57","guid":{"rendered":"https:\/\/gadgettravellers.eu\/shop\/carbone-33mm-confezione10-carb-homie-5798\/"},"modified":"2026-04-22T22:35:01","modified_gmt":"2026-04-22T20:35:01","slug":"carbone-33mm-confezione10-carb-homie-5798","status":"publish","type":"product","link":"https:\/\/gadgettravellers.eu\/it\/shop\/carbone-33mm-confezione10-carb-homie-5798\/","title":{"rendered":"Carbone 33mm Confezione=10 carb. Homie 5798"},"content":{"rendered":"<p>Mazzetto=10 carboncini 33mm<\/p>\n<div class='aiseo-faq-section' style='margin-top:30px; border-top:1px solid #eee; padding-top:20px;'>\n<h3>Domande Frequenti<\/h3>\n<details style='margin-bottom:10px; padding:10px; background:#f9f9f9; border-radius:5px;'>\n<summary style='font-weight:bold; cursor:pointer;'>Qual \u00e8 la dimensione dei carboncini?<\/summary>\n<div style='margin-top:10px; color:#555;'>Diametro 33 mm.<\/div>\n<\/details>\n<details style='margin-bottom:10px; padding:10px; background:#f9f9f9; border-radius:5px;'>\n<summary style='font-weight:bold; cursor:pointer;'>Quanti carboncini sono inclusi nella confezione?<\/summary>\n<div style='margin-top:10px; color:#555;'>La confezione contiene 10 pezzi.<\/div>\n<\/details>\n<details style='margin-bottom:10px; padding:10px; background:#f9f9f9; border-radius:5px;'>\n<summary style='font-weight:bold; cursor:pointer;'>Sono adatti per narghil\u00e8\/shisha?<\/summary>\n<div style='margin-top:10px; color:#555;'>S\u00ec, sono adatti come materiale di consumo per narghil\u00e8.<\/div>\n<\/details>\n<details style='margin-bottom:10px; padding:10px; background:#f9f9f9; border-radius:5px;'>\n<summary style='font-weight:bold; cursor:pointer;'>\u00c8 facile installarli?<\/summary>\n<div style='margin-top:10px; color:#555;'>S\u00ec, sono facili da installare.<\/div>\n<\/details>\n<\/div>\n","protected":false},"excerpt":{"rendered":"<p>Mazzetto=10 carboncini 33mm Domande Frequenti Qual \u00e8 la dimensione dei carboncini? Diametro 33 mm. Quanti carboncini sono inclusi nella confezione? La confezione contiene 10 pezzi. Sono adatti per narghil\u00e8\/shisha? S\u00ec, sono adatti come materiale di consumo per narghil\u00e8. \u00c8 facile installarli? S\u00ec, sono facili da installare.<\/p>\n","protected":false},"featured_media":10280,"comment_status":"closed","ping_status":"open","template":"","meta":[],"product_brand":[],"product_cat":[],"product_tag":[15],"class_list":{"0":"post-5314701","1":"product","2":"type-product","3":"status-publish","4":"has-post-thumbnail","6":"product_tag-uncategorized","8":"first","9":"onbackorder","10":"purchasable","11":"product-type-simple"},"jetpack_sharing_enabled":true,"_links":{"self":[{"href":"https:\/\/gadgettravellers.eu\/it\/wp-json\/wp\/v2\/product\/5314701","targetHints":{"allow":["GET"]}}],"collection":[{"href":"https:\/\/gadgettravellers.eu\/it\/wp-json\/wp\/v2\/product"}],"about":[{"href":"https:\/\/gadgettravellers.eu\/it\/wp-json\/wp\/v2\/types\/product"}],"replies":[{"embeddable":true,"href":"https:\/\/gadgettravellers.eu\/it\/wp-json\/wp\/v2\/comments?post=5314701"}],"wp:featuredmedia":[{"embeddable":true,"href":"https:\/\/gadgettravellers.eu\/it\/wp-json\/wp\/v2\/media\/10280"}],"wp:attachment":[{"href":"https:\/\/gadgettravellers.eu\/it\/wp-json\/wp\/v2\/media?parent=5314701"}],"wp:term":[{"taxonomy":"product_brand","embeddable":true,"href":"https:\/\/gadgettravellers.eu\/it\/wp-json\/wp\/v2\/product_brand?post=5314701"},{"taxonomy":"product_cat","embeddable":true,"href":"https:\/\/gadgettravellers.eu\/it\/wp-json\/wp\/v2\/product_cat?post=5314701"},{"taxonomy":"product_tag","embeddable":true,"href":"https:\/\/gadgettravellers.eu\/it\/wp-json\/wp\/v2\/product_tag?post=5314701"}],"curies":[{"name":"wp","href":"https:\/\/api.w.org\/{rel}","templated":true}]}}