{"id":5314749,"date":"2026-01-19T14:15:38","date_gmt":"2026-01-19T12:15:38","guid":{"rendered":"https:\/\/gadgettravellers.eu\/shop\/seggiolino-metallico-pieghevole-peppa-pig-53x38x27cm-peppa-5013-4234\/"},"modified":"2026-04-22T22:35:22","modified_gmt":"2026-04-22T20:35:22","slug":"seggiolino-metallico-pieghevole-peppa-pig-53x38x27cm-peppa-5013-4234","status":"publish","type":"product","link":"https:\/\/gadgettravellers.eu\/it\/shop\/seggiolino-metallico-pieghevole-peppa-pig-53x38x27cm-peppa-5013-4234\/","title":{"rendered":"Seggiolino Metallico Pieghevole Peppa Pig 53x38x27cm Peppa 5013-4234"},"content":{"rendered":"<p>Peppa Pig pieghevole in metallo 53x38x27cm<\/p>\n<div class='aiseo-faq-section' style='margin-top:30px; border-top:1px solid #eee; padding-top:20px;'>\n<h3>Domande Frequenti<\/h3>\n<details style='margin-bottom:10px; padding:10px; background:#f9f9f9; border-radius:5px;'>\n<summary style='font-weight:bold; cursor:pointer;'>Di che materiale \u00e8 fatto il seggiolino?<\/summary>\n<div style='margin-top:10px; color:#555;'>La seggiolina \u00e8 di metallo.<\/div>\n<\/details>\n<details style='margin-bottom:10px; padding:10px; background:#f9f9f9; border-radius:5px;'>\n<summary style='font-weight:bold; cursor:pointer;'>Quali sono le sue dimensioni?<\/summary>\n<div style='margin-top:10px; color:#555;'>Le dimensioni sono 53x38x27 cm.<\/div>\n<\/details>\n<details style='margin-bottom:10px; padding:10px; background:#f9f9f9; border-radius:5px;'>\n<summary style='font-weight:bold; cursor:pointer;'>\u00c8 pieghevole e facile da trasportare?<\/summary>\n<div style='margin-top:10px; color:#555;'>S\u00ec, \u00e8 pieghevole, leggero e facile da trasportare e conservare.<\/div>\n<\/details>\n<details style='margin-bottom:10px; padding:10px; background:#f9f9f9; border-radius:5px;'>\n<summary style='font-weight:bold; cursor:pointer;'>Pu\u00f2 essere utilizzato all&#8217;aperto?<\/summary>\n<div style='margin-top:10px; color:#555;'>S\u00ec, \u00e8 adatto per l&#8217;uso sia in ambienti interni che esterni.<\/div>\n<\/details>\n<\/div>\n","protected":false},"excerpt":{"rendered":"<p>Peppa Pig pieghevole in metallo 53x38x27cm Domande Frequenti Di che materiale \u00e8 fatto il seggiolino? La seggiolina \u00e8 di metallo. Quali sono le sue dimensioni? Le dimensioni sono 53x38x27 cm. \u00c8 pieghevole e facile da trasportare? S\u00ec, \u00e8 pieghevole, leggero e facile da trasportare e conservare. Pu\u00f2 essere utilizzato all&#8217;aperto? S\u00ec, \u00e8 adatto per l&#8217;uso [&hellip;]<\/p>\n","protected":false},"featured_media":71223,"comment_status":"closed","ping_status":"open","template":"","meta":[],"product_brand":[],"product_cat":[],"product_tag":[15],"class_list":{"0":"post-5314749","1":"product","2":"type-product","3":"status-publish","4":"has-post-thumbnail","6":"product_tag-uncategorized","8":"first","9":"onbackorder","10":"purchasable","11":"product-type-simple"},"jetpack_sharing_enabled":true,"_links":{"self":[{"href":"https:\/\/gadgettravellers.eu\/it\/wp-json\/wp\/v2\/product\/5314749","targetHints":{"allow":["GET"]}}],"collection":[{"href":"https:\/\/gadgettravellers.eu\/it\/wp-json\/wp\/v2\/product"}],"about":[{"href":"https:\/\/gadgettravellers.eu\/it\/wp-json\/wp\/v2\/types\/product"}],"replies":[{"embeddable":true,"href":"https:\/\/gadgettravellers.eu\/it\/wp-json\/wp\/v2\/comments?post=5314749"}],"wp:featuredmedia":[{"embeddable":true,"href":"https:\/\/gadgettravellers.eu\/it\/wp-json\/wp\/v2\/media\/71223"}],"wp:attachment":[{"href":"https:\/\/gadgettravellers.eu\/it\/wp-json\/wp\/v2\/media?parent=5314749"}],"wp:term":[{"taxonomy":"product_brand","embeddable":true,"href":"https:\/\/gadgettravellers.eu\/it\/wp-json\/wp\/v2\/product_brand?post=5314749"},{"taxonomy":"product_cat","embeddable":true,"href":"https:\/\/gadgettravellers.eu\/it\/wp-json\/wp\/v2\/product_cat?post=5314749"},{"taxonomy":"product_tag","embeddable":true,"href":"https:\/\/gadgettravellers.eu\/it\/wp-json\/wp\/v2\/product_tag?post=5314749"}],"curies":[{"name":"wp","href":"https:\/\/api.w.org\/{rel}","templated":true}]}}