{"id":5314752,"date":"2026-01-19T14:15:41","date_gmt":"2026-01-19T12:15:41","guid":{"rendered":"https:\/\/gadgettravellers.eu\/shop\/cuscino-da-viaggio-gonfiabile-35x26x9cm-summertiempo-623103\/"},"modified":"2026-04-05T22:45:11","modified_gmt":"2026-04-05T20:45:11","slug":"cuscino-da-viaggio-gonfiabile-35x26x9cm-summertiempo-623103","status":"publish","type":"product","link":"https:\/\/gadgettravellers.eu\/it\/shop\/cuscino-da-viaggio-gonfiabile-35x26x9cm-summertiempo-623103\/","title":{"rendered":"Cuscino da Viaggio Gonfiabile 35x26x9cm SummerTiempo 623103"},"content":{"rendered":"<p>Cuscino da viaggio gonfiabile 35x26x9cm<\/p>\n<div class='aiseo-faq-section' style='margin-top:30px; border-top:1px solid #eee; padding-top:20px;'>\n<h3>Domande Frequenti<\/h3>\n<details style='margin-bottom:10px; padding:10px; background:#f9f9f9; border-radius:5px;'>\n<summary style='font-weight:bold; cursor:pointer;'>Quali sono le dimensioni del prodotto?<\/summary>\n<div style='margin-top:10px; color:#555;'>Le dimensioni sono 35x26x9 cm.<\/div>\n<\/details>\n<details style='margin-bottom:10px; padding:10px; background:#f9f9f9; border-radius:5px;'>\n<summary style='font-weight:bold; cursor:pointer;'>\u00c8 un cuscino gonfiabile?<\/summary>\n<div style='margin-top:10px; color:#555;'>S\u00ec, si tratta di un cuscino gonfiabile da viaggio.<\/div>\n<\/details>\n<details style='margin-bottom:10px; padding:10px; background:#f9f9f9; border-radius:5px;'>\n<summary style='font-weight:bold; cursor:pointer;'>Perch\u00e9 \u00e8 adatto per i viaggi?<\/summary>\n<div style='margin-top:10px; color:#555;'>\u00c8 leggero e compatto e offre un comodo supporto per il collo, quindi \u00e8 ideale per viaggi e spostamenti.<\/div>\n<\/details>\n<details style='margin-bottom:10px; padding:10px; background:#f9f9f9; border-radius:5px;'>\n<summary style='font-weight:bold; cursor:pointer;'>In quale punto del corpo fornisce supporto?<\/summary>\n<div style='margin-top:10px; color:#555;'>Fornisce supporto al collo.<\/div>\n<\/details>\n<\/div>\n","protected":false},"excerpt":{"rendered":"<p>Cuscino da viaggio gonfiabile 35x26x9cm Domande Frequenti Quali sono le dimensioni del prodotto? Le dimensioni sono 35x26x9 cm. \u00c8 un cuscino gonfiabile? S\u00ec, si tratta di un cuscino gonfiabile da viaggio. Perch\u00e9 \u00e8 adatto per i viaggi? \u00c8 leggero e compatto e offre un comodo supporto per il collo, quindi \u00e8 ideale per viaggi e [&hellip;]<\/p>\n","protected":false},"featured_media":12389,"comment_status":"closed","ping_status":"open","template":"","meta":[],"product_brand":[],"product_cat":[],"product_tag":[15],"class_list":{"0":"post-5314752","1":"product","2":"type-product","3":"status-publish","4":"has-post-thumbnail","6":"product_tag-uncategorized","8":"first","9":"onbackorder","10":"purchasable","11":"product-type-simple"},"jetpack_sharing_enabled":true,"_links":{"self":[{"href":"https:\/\/gadgettravellers.eu\/it\/wp-json\/wp\/v2\/product\/5314752","targetHints":{"allow":["GET"]}}],"collection":[{"href":"https:\/\/gadgettravellers.eu\/it\/wp-json\/wp\/v2\/product"}],"about":[{"href":"https:\/\/gadgettravellers.eu\/it\/wp-json\/wp\/v2\/types\/product"}],"replies":[{"embeddable":true,"href":"https:\/\/gadgettravellers.eu\/it\/wp-json\/wp\/v2\/comments?post=5314752"}],"wp:featuredmedia":[{"embeddable":true,"href":"https:\/\/gadgettravellers.eu\/it\/wp-json\/wp\/v2\/media\/12389"}],"wp:attachment":[{"href":"https:\/\/gadgettravellers.eu\/it\/wp-json\/wp\/v2\/media?parent=5314752"}],"wp:term":[{"taxonomy":"product_brand","embeddable":true,"href":"https:\/\/gadgettravellers.eu\/it\/wp-json\/wp\/v2\/product_brand?post=5314752"},{"taxonomy":"product_cat","embeddable":true,"href":"https:\/\/gadgettravellers.eu\/it\/wp-json\/wp\/v2\/product_cat?post=5314752"},{"taxonomy":"product_tag","embeddable":true,"href":"https:\/\/gadgettravellers.eu\/it\/wp-json\/wp\/v2\/product_tag?post=5314752"}],"curies":[{"name":"wp","href":"https:\/\/api.w.org\/{rel}","templated":true}]}}