{"id":5314777,"date":"2026-01-19T14:16:04","date_gmt":"2026-01-19T12:16:04","guid":{"rendered":"https:\/\/gadgettravellers.eu\/shop\/crema-solare-corpo-e-viso-impermeabile-agrado-spf50-250ml-agrado-8710\/"},"modified":"2026-04-05T22:45:22","modified_gmt":"2026-04-05T20:45:22","slug":"crema-solare-corpo-e-viso-impermeabile-agrado-spf50-250ml-agrado-8710","status":"publish","type":"product","link":"https:\/\/gadgettravellers.eu\/it\/shop\/crema-solare-corpo-e-viso-impermeabile-agrado-spf50-250ml-agrado-8710\/","title":{"rendered":"Crema Solare Corpo e Viso Impermeabile Agrado Spf50 250ml Agrado 8710"},"content":{"rendered":"<p>Crema solare impermeabile per corpo e viso, spf50 250ml<\/p>\n<div class='aiseo-faq-section' style='margin-top:30px; border-top:1px solid #eee; padding-top:20px;'>\n<h3>Domande Frequenti<\/h3>\n<details style='margin-bottom:10px; padding:10px; background:#f9f9f9; border-radius:5px;'>\n<summary style='font-weight:bold; cursor:pointer;'>Qual \u00e8 il fattore di protezione della crema?<\/summary>\n<div style='margin-top:10px; color:#555;'>La crema ha un fattore di protezione SPF50.<\/div>\n<\/details>\n<details style='margin-bottom:10px; padding:10px; background:#f9f9f9; border-radius:5px;'>\n<summary style='font-weight:bold; cursor:pointer;'>Pu\u00f2 essere usato sul viso e sul corpo?<\/summary>\n<div style='margin-top:10px; color:#555;'>S\u00ec, \u00e8 progettata per l&#8217;uso sia sul viso che sul corpo.<\/div>\n<\/details>\n<details style='margin-bottom:10px; padding:10px; background:#f9f9f9; border-radius:5px;'>\n<summary style='font-weight:bold; cursor:pointer;'>La crema solare \u00e8 impermeabile?<\/summary>\n<div style='margin-top:10px; color:#555;'>S\u00ec, \u00e8 impermeabile e adatta per attivit\u00e0 in mare.<\/div>\n<\/details>\n<details style='margin-bottom:10px; padding:10px; background:#f9f9f9; border-radius:5px;'>\n<summary style='font-weight:bold; cursor:pointer;'>Qual \u00e8 il volume del prodotto?<\/summary>\n<div style='margin-top:10px; color:#555;'>La confezione \u00e8 da 250ml.<\/div>\n<\/details>\n<\/div>\n","protected":false},"excerpt":{"rendered":"<p>Crema solare impermeabile per corpo e viso, spf50 250ml Domande Frequenti Qual \u00e8 il fattore di protezione della crema? La crema ha un fattore di protezione SPF50. Pu\u00f2 essere usato sul viso e sul corpo? S\u00ec, \u00e8 progettata per l&#8217;uso sia sul viso che sul corpo. La crema solare \u00e8 impermeabile? S\u00ec, \u00e8 impermeabile e [&hellip;]<\/p>\n","protected":false},"featured_media":13350,"comment_status":"closed","ping_status":"open","template":"","meta":[],"product_brand":[],"product_cat":[],"product_tag":[15],"class_list":{"0":"post-5314777","1":"product","2":"type-product","3":"status-publish","4":"has-post-thumbnail","6":"product_tag-uncategorized","8":"first","9":"onbackorder","10":"purchasable","11":"product-type-simple"},"jetpack_sharing_enabled":true,"_links":{"self":[{"href":"https:\/\/gadgettravellers.eu\/it\/wp-json\/wp\/v2\/product\/5314777","targetHints":{"allow":["GET"]}}],"collection":[{"href":"https:\/\/gadgettravellers.eu\/it\/wp-json\/wp\/v2\/product"}],"about":[{"href":"https:\/\/gadgettravellers.eu\/it\/wp-json\/wp\/v2\/types\/product"}],"replies":[{"embeddable":true,"href":"https:\/\/gadgettravellers.eu\/it\/wp-json\/wp\/v2\/comments?post=5314777"}],"wp:featuredmedia":[{"embeddable":true,"href":"https:\/\/gadgettravellers.eu\/it\/wp-json\/wp\/v2\/media\/13350"}],"wp:attachment":[{"href":"https:\/\/gadgettravellers.eu\/it\/wp-json\/wp\/v2\/media?parent=5314777"}],"wp:term":[{"taxonomy":"product_brand","embeddable":true,"href":"https:\/\/gadgettravellers.eu\/it\/wp-json\/wp\/v2\/product_brand?post=5314777"},{"taxonomy":"product_cat","embeddable":true,"href":"https:\/\/gadgettravellers.eu\/it\/wp-json\/wp\/v2\/product_cat?post=5314777"},{"taxonomy":"product_tag","embeddable":true,"href":"https:\/\/gadgettravellers.eu\/it\/wp-json\/wp\/v2\/product_tag?post=5314777"}],"curies":[{"name":"wp","href":"https:\/\/api.w.org\/{rel}","templated":true}]}}