{"id":5314805,"date":"2026-01-19T14:16:30","date_gmt":"2026-01-19T12:16:30","guid":{"rendered":"https:\/\/gadgettravellers.eu\/shop\/cucitrice-grande-n24-6-no24-6-17x85cm-justnote-701322\/"},"modified":"2026-04-22T22:35:46","modified_gmt":"2026-04-22T20:35:46","slug":"cucitrice-grande-n24-6-no24-6-17x85cm-justnote-701322","status":"publish","type":"product","link":"https:\/\/gadgettravellers.eu\/it\/shop\/cucitrice-grande-n24-6-no24-6-17x85cm-justnote-701322\/","title":{"rendered":"Cucitrice Grande N\u00b0:24\/6 No:24\/6   17&#215;8,5cm JustNote 701322"},"content":{"rendered":"<p>No:24\/6   17&#215;8,5cm<\/p>\n<div class='aiseo-faq-section' style='margin-top:30px; border-top:1px solid #eee; padding-top:20px;'>\n<h3>Domande Frequenti<\/h3>\n<details style='margin-bottom:10px; padding:10px; background:#f9f9f9; border-radius:5px;'>\n<summary style='font-weight:bold; cursor:pointer;'>Qual \u00e8 la dimensione della cucitrice?<\/summary>\n<div style='margin-top:10px; color:#555;'>La cucitrice ha una dimensione compatta di 17&#215;8,5 cm.<\/div>\n<\/details>\n<details style='margin-bottom:10px; padding:10px; background:#f9f9f9; border-radius:5px;'>\n<summary style='font-weight:bold; cursor:pointer;'>Che tipo di punti metallici accetta?<\/summary>\n<div style='margin-top:10px; color:#555;'>Accetta punti metallici tipo 24\/6.<\/div>\n<\/details>\n<details style='margin-bottom:10px; padding:10px; background:#f9f9f9; border-radius:5px;'>\n<summary style='font-weight:bold; cursor:pointer;'>\u00c8 adatto per uffici e scuole?<\/summary>\n<div style='margin-top:10px; color:#555;'>S\u00ec, \u00e8 progettato per l&#8217;uso quotidiano in uffici e scuole.<\/div>\n<\/details>\n<details style='margin-bottom:10px; padding:10px; background:#f9f9f9; border-radius:5px;'>\n<summary style='font-weight:bold; cursor:pointer;'>Perch\u00e9 dovrei sceglierlo?<\/summary>\n<div style='margin-top:10px; color:#555;'>Offre una rilegatura affidabile e veloce dei documenti in dimensioni compatte.<\/div>\n<\/details>\n<\/div>\n","protected":false},"excerpt":{"rendered":"<p>No:24\/6 17&#215;8,5cm Domande Frequenti Qual \u00e8 la dimensione della cucitrice? La cucitrice ha una dimensione compatta di 17&#215;8,5 cm. Che tipo di punti metallici accetta? Accetta punti metallici tipo 24\/6. \u00c8 adatto per uffici e scuole? S\u00ec, \u00e8 progettato per l&#8217;uso quotidiano in uffici e scuole. Perch\u00e9 dovrei sceglierlo? Offre una rilegatura affidabile e veloce [&hellip;]<\/p>\n","protected":false},"featured_media":13489,"comment_status":"closed","ping_status":"open","template":"","meta":[],"product_brand":[],"product_cat":[],"product_tag":[15],"class_list":{"0":"post-5314805","1":"product","2":"type-product","3":"status-publish","4":"has-post-thumbnail","6":"product_tag-uncategorized","8":"first","9":"onbackorder","10":"purchasable","11":"product-type-simple"},"jetpack_sharing_enabled":true,"_links":{"self":[{"href":"https:\/\/gadgettravellers.eu\/it\/wp-json\/wp\/v2\/product\/5314805","targetHints":{"allow":["GET"]}}],"collection":[{"href":"https:\/\/gadgettravellers.eu\/it\/wp-json\/wp\/v2\/product"}],"about":[{"href":"https:\/\/gadgettravellers.eu\/it\/wp-json\/wp\/v2\/types\/product"}],"replies":[{"embeddable":true,"href":"https:\/\/gadgettravellers.eu\/it\/wp-json\/wp\/v2\/comments?post=5314805"}],"wp:featuredmedia":[{"embeddable":true,"href":"https:\/\/gadgettravellers.eu\/it\/wp-json\/wp\/v2\/media\/13489"}],"wp:attachment":[{"href":"https:\/\/gadgettravellers.eu\/it\/wp-json\/wp\/v2\/media?parent=5314805"}],"wp:term":[{"taxonomy":"product_brand","embeddable":true,"href":"https:\/\/gadgettravellers.eu\/it\/wp-json\/wp\/v2\/product_brand?post=5314805"},{"taxonomy":"product_cat","embeddable":true,"href":"https:\/\/gadgettravellers.eu\/it\/wp-json\/wp\/v2\/product_cat?post=5314805"},{"taxonomy":"product_tag","embeddable":true,"href":"https:\/\/gadgettravellers.eu\/it\/wp-json\/wp\/v2\/product_tag?post=5314805"}],"curies":[{"name":"wp","href":"https:\/\/api.w.org\/{rel}","templated":true}]}}