{"id":5314863,"date":"2026-01-19T14:17:21","date_gmt":"2026-01-19T12:17:21","guid":{"rendered":"https:\/\/gadgettravellers.eu\/shop\/borsello-a-tracolla-pj-masks-18x16x4cm-pj-masks-611711222\/"},"modified":"2026-04-22T22:36:12","modified_gmt":"2026-04-22T20:36:12","slug":"borsello-a-tracolla-pj-masks-18x16x4cm-pj-masks-611711222","status":"publish","type":"product","link":"https:\/\/gadgettravellers.eu\/it\/shop\/borsello-a-tracolla-pj-masks-18x16x4cm-pj-masks-611711222\/","title":{"rendered":"Borsello a Tracolla pj Masks 18x16x4cm Pj Masks 611711222"},"content":{"rendered":"<p>Borsello pj masks 18x16x4cm<\/p>\n<div class='aiseo-faq-section' style='margin-top:30px; border-top:1px solid #eee; padding-top:20px;'>\n<h3>Domande Frequenti<\/h3>\n<details style='margin-bottom:10px; padding:10px; background:#f9f9f9; border-radius:5px;'>\n<summary style='font-weight:bold; cursor:pointer;'>Quali sono le dimensioni della borsetta?<\/summary>\n<div style='margin-top:10px; color:#555;'>18x16x4 cm.<\/div>\n<\/details>\n<details style='margin-bottom:10px; padding:10px; background:#f9f9f9; border-radius:5px;'>\n<summary style='font-weight:bold; cursor:pointer;'>\u00c8 adatto ai bambini?<\/summary>\n<div style='margin-top:10px; color:#555;'>S\u00ec, \u00e8 ideale per i bambini e per brevi spostamenti.<\/div>\n<\/details>\n<details style='margin-bottom:10px; padding:10px; background:#f9f9f9; border-radius:5px;'>\n<summary style='font-weight:bold; cursor:pointer;'>Per quali usi \u00e8 consigliato?<\/summary>\n<div style='margin-top:10px; color:#555;'>Pratico per passeggiate, attivit\u00e0 e piccoli spostamenti.<\/div>\n<\/details>\n<details style='margin-bottom:10px; padding:10px; background:#f9f9f9; border-radius:5px;'>\n<summary style='font-weight:bold; cursor:pointer;'>Ha una cinghia per essere appeso alla spalla?<\/summary>\n<div style='margin-top:10px; color:#555;'>S\u00ec, si tratta di una piccola borsa a tracolla.<\/div>\n<\/details>\n<\/div>\n","protected":false},"excerpt":{"rendered":"<p>Borsello pj masks 18x16x4cm Domande Frequenti Quali sono le dimensioni della borsetta? 18x16x4 cm. \u00c8 adatto ai bambini? S\u00ec, \u00e8 ideale per i bambini e per brevi spostamenti. Per quali usi \u00e8 consigliato? Pratico per passeggiate, attivit\u00e0 e piccoli spostamenti. Ha una cinghia per essere appeso alla spalla? S\u00ec, si tratta di una piccola borsa [&hellip;]<\/p>\n","protected":false},"featured_media":5026941,"comment_status":"closed","ping_status":"open","template":"","meta":[],"product_brand":[],"product_cat":[],"product_tag":[15],"class_list":{"0":"post-5314863","1":"product","2":"type-product","3":"status-publish","4":"has-post-thumbnail","6":"product_tag-uncategorized","8":"first","9":"onbackorder","10":"purchasable","11":"product-type-simple"},"jetpack_sharing_enabled":true,"_links":{"self":[{"href":"https:\/\/gadgettravellers.eu\/it\/wp-json\/wp\/v2\/product\/5314863","targetHints":{"allow":["GET"]}}],"collection":[{"href":"https:\/\/gadgettravellers.eu\/it\/wp-json\/wp\/v2\/product"}],"about":[{"href":"https:\/\/gadgettravellers.eu\/it\/wp-json\/wp\/v2\/types\/product"}],"replies":[{"embeddable":true,"href":"https:\/\/gadgettravellers.eu\/it\/wp-json\/wp\/v2\/comments?post=5314863"}],"wp:featuredmedia":[{"embeddable":true,"href":"https:\/\/gadgettravellers.eu\/it\/wp-json\/wp\/v2\/media\/5026941"}],"wp:attachment":[{"href":"https:\/\/gadgettravellers.eu\/it\/wp-json\/wp\/v2\/media?parent=5314863"}],"wp:term":[{"taxonomy":"product_brand","embeddable":true,"href":"https:\/\/gadgettravellers.eu\/it\/wp-json\/wp\/v2\/product_brand?post=5314863"},{"taxonomy":"product_cat","embeddable":true,"href":"https:\/\/gadgettravellers.eu\/it\/wp-json\/wp\/v2\/product_cat?post=5314863"},{"taxonomy":"product_tag","embeddable":true,"href":"https:\/\/gadgettravellers.eu\/it\/wp-json\/wp\/v2\/product_tag?post=5314863"}],"curies":[{"name":"wp","href":"https:\/\/api.w.org\/{rel}","templated":true}]}}