{"id":5314913,"date":"2026-01-19T14:18:08","date_gmt":"2026-01-19T12:18:08","guid":{"rendered":"https:\/\/gadgettravellers.eu\/shop\/cartella-bottone-a4-mickey-a4-disney\/"},"modified":"2026-04-22T22:36:33","modified_gmt":"2026-04-22T20:36:33","slug":"cartella-bottone-a4-mickey-a4-disney","status":"publish","type":"product","link":"https:\/\/gadgettravellers.eu\/it\/shop\/cartella-bottone-a4-mickey-a4-disney\/","title":{"rendered":"Cartella Bottone A4 Mickey A4 Disney"},"content":{"rendered":"<p>Mickey A4<\/p>\n<div class='aiseo-faq-section' style='margin-top:30px; border-top:1px solid #eee; padding-top:20px;'>\n<h3>Domande Frequenti<\/h3>\n<details style='margin-bottom:10px; padding:10px; background:#f9f9f9; border-radius:5px;'>\n<summary style='font-weight:bold; cursor:pointer;'>Che dimensione di documenti pu\u00f2 contenere la cartella?<\/summary>\n<div style='margin-top:10px; color:#555;'>La cartella \u00e8 destinata a documenti di formato A4.<\/div>\n<\/details>\n<details style='margin-bottom:10px; padding:10px; background:#f9f9f9; border-radius:5px;'>\n<summary style='font-weight:bold; cursor:pointer;'>Qual \u00e8 il sistema di chiusura?<\/summary>\n<div style='margin-top:10px; color:#555;'>Dispone di chiusura pratica con bottone per la protezione delle pagine.<\/div>\n<\/details>\n<details style='margin-bottom:10px; padding:10px; background:#f9f9f9; border-radius:5px;'>\n<summary style='font-weight:bold; cursor:pointer;'>\u00c8 adatto per l&#8217;uso a scuola?<\/summary>\n<div style='margin-top:10px; color:#555;'>S\u00ec, ha un profilo sottile per una facile impilabilit\u00e0 ed \u00e8 ideale per la scuola o l&#8217;ufficio.<\/div>\n<\/details>\n<\/div>\n","protected":false},"excerpt":{"rendered":"<p>Mickey A4 Domande Frequenti Che dimensione di documenti pu\u00f2 contenere la cartella? La cartella \u00e8 destinata a documenti di formato A4. Qual \u00e8 il sistema di chiusura? Dispone di chiusura pratica con bottone per la protezione delle pagine. \u00c8 adatto per l&#8217;uso a scuola? S\u00ec, ha un profilo sottile per una facile impilabilit\u00e0 ed \u00e8 [&hellip;]<\/p>\n","protected":false},"featured_media":14014,"comment_status":"closed","ping_status":"open","template":"","meta":[],"product_brand":[],"product_cat":[],"product_tag":[15],"class_list":{"0":"post-5314913","1":"product","2":"type-product","3":"status-publish","4":"has-post-thumbnail","6":"product_tag-uncategorized","8":"first","9":"onbackorder","10":"purchasable","11":"product-type-simple"},"jetpack_sharing_enabled":true,"_links":{"self":[{"href":"https:\/\/gadgettravellers.eu\/it\/wp-json\/wp\/v2\/product\/5314913","targetHints":{"allow":["GET"]}}],"collection":[{"href":"https:\/\/gadgettravellers.eu\/it\/wp-json\/wp\/v2\/product"}],"about":[{"href":"https:\/\/gadgettravellers.eu\/it\/wp-json\/wp\/v2\/types\/product"}],"replies":[{"embeddable":true,"href":"https:\/\/gadgettravellers.eu\/it\/wp-json\/wp\/v2\/comments?post=5314913"}],"wp:featuredmedia":[{"embeddable":true,"href":"https:\/\/gadgettravellers.eu\/it\/wp-json\/wp\/v2\/media\/14014"}],"wp:attachment":[{"href":"https:\/\/gadgettravellers.eu\/it\/wp-json\/wp\/v2\/media?parent=5314913"}],"wp:term":[{"taxonomy":"product_brand","embeddable":true,"href":"https:\/\/gadgettravellers.eu\/it\/wp-json\/wp\/v2\/product_brand?post=5314913"},{"taxonomy":"product_cat","embeddable":true,"href":"https:\/\/gadgettravellers.eu\/it\/wp-json\/wp\/v2\/product_cat?post=5314913"},{"taxonomy":"product_tag","embeddable":true,"href":"https:\/\/gadgettravellers.eu\/it\/wp-json\/wp\/v2\/product_tag?post=5314913"}],"curies":[{"name":"wp","href":"https:\/\/api.w.org\/{rel}","templated":true}]}}