{"id":5314914,"date":"2026-01-19T14:18:09","date_gmt":"2026-01-19T12:18:09","guid":{"rendered":"https:\/\/gadgettravellers.eu\/shop\/cartella-bottone-a4-spiderman-a4-spiderman\/"},"modified":"2026-04-22T22:36:34","modified_gmt":"2026-04-22T20:36:34","slug":"cartella-bottone-a4-spiderman-a4-spiderman","status":"publish","type":"product","link":"https:\/\/gadgettravellers.eu\/it\/shop\/cartella-bottone-a4-spiderman-a4-spiderman\/","title":{"rendered":"Cartella Bottone a4 Spiderman A4 Spiderman"},"content":{"rendered":"<p>Spiderman A4<\/p>\n<div class='aiseo-faq-section' style='margin-top:30px; border-top:1px solid #eee; padding-top:20px;'>\n<h3>Domande Frequenti<\/h3>\n<details style='margin-bottom:10px; padding:10px; background:#f9f9f9; border-radius:5px;'>\n<summary style='font-weight:bold; cursor:pointer;'>Quale dimensione di documenti pu\u00f2 contenere questa cartella?<\/summary>\n<div style='margin-top:10px; color:#555;'>La cartella ospita documenti di formato A4.<\/div>\n<\/details>\n<details style='margin-bottom:10px; padding:10px; background:#f9f9f9; border-radius:5px;'>\n<summary style='font-weight:bold; cursor:pointer;'>Di che materiale \u00e8 fatto?<\/summary>\n<div style='margin-top:10px; color:#555;'>\u00c8 realizzato in plastica resistente e leggera che protegge i documenti da strappi e macchie.<\/div>\n<\/details>\n<details style='margin-bottom:10px; padding:10px; background:#f9f9f9; border-radius:5px;'>\n<summary style='font-weight:bold; cursor:pointer;'>Che tipo di chiusura ha?<\/summary>\n<div style='margin-top:10px; color:#555;'>Dispone di chiusura con bottone facile da usare e che assicura i documenti.<\/div>\n<\/details>\n<details style='margin-bottom:10px; padding:10px; background:#f9f9f9; border-radius:5px;'>\n<summary style='font-weight:bold; cursor:pointer;'>\u00c8 adatto per l&#8217;uso a scuola?<\/summary>\n<div style='margin-top:10px; color:#555;'>S\u00ec, \u00e8 ideale per documenti scolastici e dispone di stampa autorizzata Spiderman adatta ai bambini.<\/div>\n<\/details>\n<\/div>\n","protected":false},"excerpt":{"rendered":"<p>Spiderman A4 Domande Frequenti Quale dimensione di documenti pu\u00f2 contenere questa cartella? La cartella ospita documenti di formato A4. Di che materiale \u00e8 fatto? \u00c8 realizzato in plastica resistente e leggera che protegge i documenti da strappi e macchie. Che tipo di chiusura ha? Dispone di chiusura con bottone facile da usare e che assicura [&hellip;]<\/p>\n","protected":false},"featured_media":5027249,"comment_status":"closed","ping_status":"open","template":"","meta":[],"product_brand":[],"product_cat":[],"product_tag":[15],"class_list":{"0":"post-5314914","1":"product","2":"type-product","3":"status-publish","4":"has-post-thumbnail","6":"product_tag-uncategorized","8":"first","9":"onbackorder","10":"purchasable","11":"product-type-simple"},"jetpack_sharing_enabled":true,"_links":{"self":[{"href":"https:\/\/gadgettravellers.eu\/it\/wp-json\/wp\/v2\/product\/5314914","targetHints":{"allow":["GET"]}}],"collection":[{"href":"https:\/\/gadgettravellers.eu\/it\/wp-json\/wp\/v2\/product"}],"about":[{"href":"https:\/\/gadgettravellers.eu\/it\/wp-json\/wp\/v2\/types\/product"}],"replies":[{"embeddable":true,"href":"https:\/\/gadgettravellers.eu\/it\/wp-json\/wp\/v2\/comments?post=5314914"}],"wp:featuredmedia":[{"embeddable":true,"href":"https:\/\/gadgettravellers.eu\/it\/wp-json\/wp\/v2\/media\/5027249"}],"wp:attachment":[{"href":"https:\/\/gadgettravellers.eu\/it\/wp-json\/wp\/v2\/media?parent=5314914"}],"wp:term":[{"taxonomy":"product_brand","embeddable":true,"href":"https:\/\/gadgettravellers.eu\/it\/wp-json\/wp\/v2\/product_brand?post=5314914"},{"taxonomy":"product_cat","embeddable":true,"href":"https:\/\/gadgettravellers.eu\/it\/wp-json\/wp\/v2\/product_cat?post=5314914"},{"taxonomy":"product_tag","embeddable":true,"href":"https:\/\/gadgettravellers.eu\/it\/wp-json\/wp\/v2\/product_tag?post=5314914"}],"curies":[{"name":"wp","href":"https:\/\/api.w.org\/{rel}","templated":true}]}}