{"id":5314917,"date":"2026-01-19T14:18:13","date_gmt":"2026-01-19T12:18:13","guid":{"rendered":"https:\/\/gadgettravellers.eu\/shop\/contenitore-plastica-per-cibo-barbie-165x125x6cm-600ml-barbie\/"},"modified":"2026-04-22T22:36:35","modified_gmt":"2026-04-22T20:36:35","slug":"contenitore-plastica-per-cibo-barbie-165x125x6cm-600ml-barbie","status":"publish","type":"product","link":"https:\/\/gadgettravellers.eu\/it\/shop\/contenitore-plastica-per-cibo-barbie-165x125x6cm-600ml-barbie\/","title":{"rendered":"Contenitore Plastica per Cibo Barbie 16,5&#215;12,5x6cm   600ml Barbie"},"content":{"rendered":"<p>Barbie 16,5&#215;12,5x6cm   600ml<\/p>\n<div class='aiseo-faq-section' style='margin-top:30px; border-top:1px solid #eee; padding-top:20px;'>\n<h3>Domande Frequenti<\/h3>\n<details style='margin-bottom:10px; padding:10px; background:#f9f9f9; border-radius:5px;'>\n<summary style='font-weight:bold; cursor:pointer;'>Qual \u00e8 la capacit\u00e0 del contenitore?<\/summary>\n<div style='margin-top:10px; color:#555;'>La capacit\u00e0 \u00e8 di 600ml.<\/div>\n<\/details>\n<details style='margin-bottom:10px; padding:10px; background:#f9f9f9; border-radius:5px;'>\n<summary style='font-weight:bold; cursor:pointer;'>Quali sono le dimensioni del prodotto?<\/summary>\n<div style='margin-top:10px; color:#555;'>Le dimensioni sono 16,5\u00d712,5\u00d76 cm.<\/div>\n<\/details>\n<details style='margin-bottom:10px; padding:10px; background:#f9f9f9; border-radius:5px;'>\n<summary style='font-weight:bold; cursor:pointer;'>Di che materiale \u00e8 fatto?<\/summary>\n<div style='margin-top:10px; color:#555;'>\u00c8 fatto di plastica.<\/div>\n<\/details>\n<details style='margin-bottom:10px; padding:10px; background:#f9f9f9; border-radius:5px;'>\n<summary style='font-weight:bold; cursor:pointer;'>\u00c8 riutilizzabile e facile da trasportare?<\/summary>\n<div style='margin-top:10px; color:#555;'>S\u00ec, il contenitore \u00e8 riutilizzabile, leggero e facile da trasportare.<\/div>\n<\/details>\n<details style='margin-bottom:10px; padding:10px; background:#f9f9f9; border-radius:5px;'>\n<summary style='font-weight:bold; cursor:pointer;'>Per quale uso \u00e8 adatto?<\/summary>\n<div style='margin-top:10px; color:#555;'>\u00c8 ideale per il pranzo e la conservazione degli alimenti.<\/div>\n<\/details>\n<\/div>\n","protected":false},"excerpt":{"rendered":"<p>Barbie 16,5&#215;12,5x6cm 600ml Domande Frequenti Qual \u00e8 la capacit\u00e0 del contenitore? La capacit\u00e0 \u00e8 di 600ml. Quali sono le dimensioni del prodotto? Le dimensioni sono 16,5\u00d712,5\u00d76 cm. Di che materiale \u00e8 fatto? \u00c8 fatto di plastica. \u00c8 riutilizzabile e facile da trasportare? S\u00ec, il contenitore \u00e8 riutilizzabile, leggero e facile da trasportare. Per quale uso [&hellip;]<\/p>\n","protected":false},"featured_media":14024,"comment_status":"closed","ping_status":"open","template":"","meta":[],"product_brand":[],"product_cat":[],"product_tag":[15],"class_list":{"0":"post-5314917","1":"product","2":"type-product","3":"status-publish","4":"has-post-thumbnail","6":"product_tag-uncategorized","8":"first","9":"onbackorder","10":"purchasable","11":"product-type-simple"},"jetpack_sharing_enabled":true,"_links":{"self":[{"href":"https:\/\/gadgettravellers.eu\/it\/wp-json\/wp\/v2\/product\/5314917","targetHints":{"allow":["GET"]}}],"collection":[{"href":"https:\/\/gadgettravellers.eu\/it\/wp-json\/wp\/v2\/product"}],"about":[{"href":"https:\/\/gadgettravellers.eu\/it\/wp-json\/wp\/v2\/types\/product"}],"replies":[{"embeddable":true,"href":"https:\/\/gadgettravellers.eu\/it\/wp-json\/wp\/v2\/comments?post=5314917"}],"wp:featuredmedia":[{"embeddable":true,"href":"https:\/\/gadgettravellers.eu\/it\/wp-json\/wp\/v2\/media\/14024"}],"wp:attachment":[{"href":"https:\/\/gadgettravellers.eu\/it\/wp-json\/wp\/v2\/media?parent=5314917"}],"wp:term":[{"taxonomy":"product_brand","embeddable":true,"href":"https:\/\/gadgettravellers.eu\/it\/wp-json\/wp\/v2\/product_brand?post=5314917"},{"taxonomy":"product_cat","embeddable":true,"href":"https:\/\/gadgettravellers.eu\/it\/wp-json\/wp\/v2\/product_cat?post=5314917"},{"taxonomy":"product_tag","embeddable":true,"href":"https:\/\/gadgettravellers.eu\/it\/wp-json\/wp\/v2\/product_tag?post=5314917"}],"curies":[{"name":"wp","href":"https:\/\/api.w.org\/{rel}","templated":true}]}}