{"id":5314918,"date":"2026-01-19T14:18:13","date_gmt":"2026-01-19T12:18:13","guid":{"rendered":"https:\/\/gadgettravellers.eu\/shop\/cartellina-di-carta-con-elastico-peppa-pig-25x35cm-peppa\/"},"modified":"2026-04-22T22:36:35","modified_gmt":"2026-04-22T20:36:35","slug":"cartellina-di-carta-con-elastico-peppa-pig-25x35cm-peppa","status":"publish","type":"product","link":"https:\/\/gadgettravellers.eu\/it\/shop\/cartellina-di-carta-con-elastico-peppa-pig-25x35cm-peppa\/","title":{"rendered":"Cartellina di Carta con Elastico Peppa pig 25x35cm Peppa"},"content":{"rendered":"<p>(abbina) cartellina di carta con elastico peppa pig 25x35cm<\/p>\n<div class='aiseo-faq-section' style='margin-top:30px; border-top:1px solid #eee; padding-top:20px;'>\n<h3>Domande Frequenti<\/h3>\n<details style='margin-bottom:10px; padding:10px; background:#f9f9f9; border-radius:5px;'>\n<summary style='font-weight:bold; cursor:pointer;'>Qual \u00e8 la dimensione della cartella?<\/summary>\n<div style='margin-top:10px; color:#555;'>La cartella ha dimensioni 25&#215;35 cm.<\/div>\n<\/details>\n<details style='margin-bottom:10px; padding:10px; background:#f9f9f9; border-radius:5px;'>\n<summary style='font-weight:bold; cursor:pointer;'>Di che materiale \u00e8 fatto?<\/summary>\n<div style='margin-top:10px; color:#555;'>\u00c8 di cartone, realizzato in cartone resistente.<\/div>\n<\/details>\n<details style='margin-bottom:10px; padding:10px; background:#f9f9f9; border-radius:5px;'>\n<summary style='font-weight:bold; cursor:pointer;'>Come si chiude la cartella?<\/summary>\n<div style='margin-top:10px; color:#555;'>Dispone di un elastico per una chiusura sicura e stabile.<\/div>\n<\/details>\n<details style='margin-bottom:10px; padding:10px; background:#f9f9f9; border-radius:5px;'>\n<summary style='font-weight:bold; cursor:pointer;'>Per quali usi \u00e8 adatto?<\/summary>\n<div style='margin-top:10px; color:#555;'>Ideale per la scuola e l&#8217;archiviazione, grazie alla resistenza e alla chiusura sicura.<\/div>\n<\/details>\n<\/div>\n","protected":false},"excerpt":{"rendered":"<p>(abbina) cartellina di carta con elastico peppa pig 25x35cm Domande Frequenti Qual \u00e8 la dimensione della cartella? La cartella ha dimensioni 25&#215;35 cm. Di che materiale \u00e8 fatto? \u00c8 di cartone, realizzato in cartone resistente. Come si chiude la cartella? Dispone di un elastico per una chiusura sicura e stabile. Per quali usi \u00e8 adatto? [&hellip;]<\/p>\n","protected":false},"featured_media":14020,"comment_status":"closed","ping_status":"open","template":"","meta":[],"product_brand":[],"product_cat":[],"product_tag":[15],"class_list":{"0":"post-5314918","1":"product","2":"type-product","3":"status-publish","4":"has-post-thumbnail","6":"product_tag-uncategorized","8":"first","9":"onbackorder","10":"purchasable","11":"product-type-simple"},"jetpack_sharing_enabled":true,"_links":{"self":[{"href":"https:\/\/gadgettravellers.eu\/it\/wp-json\/wp\/v2\/product\/5314918","targetHints":{"allow":["GET"]}}],"collection":[{"href":"https:\/\/gadgettravellers.eu\/it\/wp-json\/wp\/v2\/product"}],"about":[{"href":"https:\/\/gadgettravellers.eu\/it\/wp-json\/wp\/v2\/types\/product"}],"replies":[{"embeddable":true,"href":"https:\/\/gadgettravellers.eu\/it\/wp-json\/wp\/v2\/comments?post=5314918"}],"wp:featuredmedia":[{"embeddable":true,"href":"https:\/\/gadgettravellers.eu\/it\/wp-json\/wp\/v2\/media\/14020"}],"wp:attachment":[{"href":"https:\/\/gadgettravellers.eu\/it\/wp-json\/wp\/v2\/media?parent=5314918"}],"wp:term":[{"taxonomy":"product_brand","embeddable":true,"href":"https:\/\/gadgettravellers.eu\/it\/wp-json\/wp\/v2\/product_brand?post=5314918"},{"taxonomy":"product_cat","embeddable":true,"href":"https:\/\/gadgettravellers.eu\/it\/wp-json\/wp\/v2\/product_cat?post=5314918"},{"taxonomy":"product_tag","embeddable":true,"href":"https:\/\/gadgettravellers.eu\/it\/wp-json\/wp\/v2\/product_tag?post=5314918"}],"curies":[{"name":"wp","href":"https:\/\/api.w.org\/{rel}","templated":true}]}}