{"id":5314948,"date":"2026-01-19T14:18:38","date_gmt":"2026-01-19T12:18:38","guid":{"rendered":"https:\/\/gadgettravellers.eu\/shop\/borsa-termica-per-cibo-astronauta-2820x22x11cm-justnote-703232\/"},"modified":"2026-04-22T22:36:48","modified_gmt":"2026-04-22T20:36:48","slug":"borsa-termica-per-cibo-astronauta-2820x22x11cm-justnote-703232","status":"publish","type":"product","link":"https:\/\/gadgettravellers.eu\/it\/shop\/borsa-termica-per-cibo-astronauta-2820x22x11cm-justnote-703232\/","title":{"rendered":"Borsa Termica per Cibo Astronauta (28)20x22x11cm JustNote 703232"},"content":{"rendered":"<p>Isotermico (28)20x22x11cm<\/p>\n<div class='aiseo-faq-section' style='margin-top:30px; border-top:1px solid #eee; padding-top:20px;'>\n<h3>Domande Frequenti<\/h3>\n<details style='margin-bottom:10px; padding:10px; background:#f9f9f9; border-radius:5px;'>\n<summary style='font-weight:bold; cursor:pointer;'>Quali sono le dimensioni della borsetta?<\/summary>\n<div style='margin-top:10px; color:#555;'>Le dimensioni sono 20x22x11cm.<\/div>\n<\/details>\n<details style='margin-bottom:10px; padding:10px; background:#f9f9f9; border-radius:5px;'>\n<summary style='font-weight:bold; cursor:pointer;'>La borsa \u00e8 isotermica?<\/summary>\n<div style='margin-top:10px; color:#555;'>S\u00ec, si tratta di una borsa termica per il cibo.<\/div>\n<\/details>\n<details style='margin-bottom:10px; padding:10px; background:#f9f9f9; border-radius:5px;'>\n<summary style='font-weight:bold; cursor:pointer;'>Per quali usi \u00e8 adatto?<\/summary>\n<div style='margin-top:10px; color:#555;'>\u00c8 ideale per la scuola e i picnic, poich\u00e9 \u00e8 portatile e pratico.<\/div>\n<\/details>\n<details style='margin-bottom:10px; padding:10px; background:#f9f9f9; border-radius:5px;'>\n<summary style='font-weight:bold; cursor:pointer;'>\u00c8 portatile e leggero?<\/summary>\n<div style='margin-top:10px; color:#555;'>S\u00ec, \u00e8 progettato per essere portatile, leggero e adatto all&#8217;uso quotidiano.<\/div>\n<\/details>\n<\/div>\n","protected":false},"excerpt":{"rendered":"<p>Isotermico (28)20x22x11cm Domande Frequenti Quali sono le dimensioni della borsetta? Le dimensioni sono 20x22x11cm. La borsa \u00e8 isotermica? S\u00ec, si tratta di una borsa termica per il cibo. Per quali usi \u00e8 adatto? \u00c8 ideale per la scuola e i picnic, poich\u00e9 \u00e8 portatile e pratico. \u00c8 portatile e leggero? S\u00ec, \u00e8 progettato per essere [&hellip;]<\/p>\n","protected":false},"featured_media":14161,"comment_status":"closed","ping_status":"open","template":"","meta":[],"product_brand":[],"product_cat":[],"product_tag":[15],"class_list":{"0":"post-5314948","1":"product","2":"type-product","3":"status-publish","4":"has-post-thumbnail","6":"product_tag-uncategorized","8":"first","9":"onbackorder","10":"purchasable","11":"product-type-simple"},"jetpack_sharing_enabled":true,"_links":{"self":[{"href":"https:\/\/gadgettravellers.eu\/it\/wp-json\/wp\/v2\/product\/5314948","targetHints":{"allow":["GET"]}}],"collection":[{"href":"https:\/\/gadgettravellers.eu\/it\/wp-json\/wp\/v2\/product"}],"about":[{"href":"https:\/\/gadgettravellers.eu\/it\/wp-json\/wp\/v2\/types\/product"}],"replies":[{"embeddable":true,"href":"https:\/\/gadgettravellers.eu\/it\/wp-json\/wp\/v2\/comments?post=5314948"}],"wp:featuredmedia":[{"embeddable":true,"href":"https:\/\/gadgettravellers.eu\/it\/wp-json\/wp\/v2\/media\/14161"}],"wp:attachment":[{"href":"https:\/\/gadgettravellers.eu\/it\/wp-json\/wp\/v2\/media?parent=5314948"}],"wp:term":[{"taxonomy":"product_brand","embeddable":true,"href":"https:\/\/gadgettravellers.eu\/it\/wp-json\/wp\/v2\/product_brand?post=5314948"},{"taxonomy":"product_cat","embeddable":true,"href":"https:\/\/gadgettravellers.eu\/it\/wp-json\/wp\/v2\/product_cat?post=5314948"},{"taxonomy":"product_tag","embeddable":true,"href":"https:\/\/gadgettravellers.eu\/it\/wp-json\/wp\/v2\/product_tag?post=5314948"}],"curies":[{"name":"wp","href":"https:\/\/api.w.org\/{rel}","templated":true}]}}