{"id":5314949,"date":"2026-01-19T14:18:39","date_gmt":"2026-01-19T12:18:39","guid":{"rendered":"https:\/\/gadgettravellers.eu\/shop\/borsa-termica-per-cibo-unicorno-2820x22x11cm-justnote-703230\/"},"modified":"2026-04-22T22:36:48","modified_gmt":"2026-04-22T20:36:48","slug":"borsa-termica-per-cibo-unicorno-2820x22x11cm-justnote-703230","status":"publish","type":"product","link":"https:\/\/gadgettravellers.eu\/it\/shop\/borsa-termica-per-cibo-unicorno-2820x22x11cm-justnote-703230\/","title":{"rendered":"Borsa Termica per Cibo Unicorno (28)20x22x11cm JustNote 703230"},"content":{"rendered":"<p>Isotermico (28)20x22x11cm<\/p>\n<div class='aiseo-faq-section' style='margin-top:30px; border-top:1px solid #eee; padding-top:20px;'>\n<h3>Domande Frequenti<\/h3>\n<details style='margin-bottom:10px; padding:10px; background:#f9f9f9; border-radius:5px;'>\n<summary style='font-weight:bold; cursor:pointer;'>Quali sono le dimensioni della borsetta?<\/summary>\n<div style='margin-top:10px; color:#555;'>Le dimensioni sono 20x22x11 cm.<\/div>\n<\/details>\n<details style='margin-bottom:10px; padding:10px; background:#f9f9f9; border-radius:5px;'>\n<summary style='font-weight:bold; cursor:pointer;'>\u00c8 adatto per l&#8217;uso a scuola?<\/summary>\n<div style='margin-top:10px; color:#555;'>S\u00ec, \u00e8 ideale per il pranzo scolastico e il picnic.<\/div>\n<\/details>\n<details style='margin-bottom:10px; padding:10px; background:#f9f9f9; border-radius:5px;'>\n<summary style='font-weight:bold; cursor:pointer;'>\u00c8 sicuro per i bambini?<\/summary>\n<div style='margin-top:10px; color:#555;'>S\u00ec, il prodotto \u00e8 portatile e sicuro per i bambini.<\/div>\n<\/details>\n<details style='margin-bottom:10px; padding:10px; background:#f9f9f9; border-radius:5px;'>\n<summary style='font-weight:bold; cursor:pointer;'>Qual \u00e8 il disegno sulla borsetta?<\/summary>\n<div style='margin-top:10px; color:#555;'>La borsetta ha un disegno di unicorno.<\/div>\n<\/details>\n<\/div>\n","protected":false},"excerpt":{"rendered":"<p>Isotermico (28)20x22x11cm Domande Frequenti Quali sono le dimensioni della borsetta? Le dimensioni sono 20x22x11 cm. \u00c8 adatto per l&#8217;uso a scuola? S\u00ec, \u00e8 ideale per il pranzo scolastico e il picnic. \u00c8 sicuro per i bambini? S\u00ec, il prodotto \u00e8 portatile e sicuro per i bambini. Qual \u00e8 il disegno sulla borsetta? La borsetta ha [&hellip;]<\/p>\n","protected":false},"featured_media":14159,"comment_status":"closed","ping_status":"open","template":"","meta":[],"product_brand":[],"product_cat":[],"product_tag":[15],"class_list":{"0":"post-5314949","1":"product","2":"type-product","3":"status-publish","4":"has-post-thumbnail","6":"product_tag-uncategorized","8":"first","9":"onbackorder","10":"purchasable","11":"product-type-simple"},"jetpack_sharing_enabled":true,"_links":{"self":[{"href":"https:\/\/gadgettravellers.eu\/it\/wp-json\/wp\/v2\/product\/5314949","targetHints":{"allow":["GET"]}}],"collection":[{"href":"https:\/\/gadgettravellers.eu\/it\/wp-json\/wp\/v2\/product"}],"about":[{"href":"https:\/\/gadgettravellers.eu\/it\/wp-json\/wp\/v2\/types\/product"}],"replies":[{"embeddable":true,"href":"https:\/\/gadgettravellers.eu\/it\/wp-json\/wp\/v2\/comments?post=5314949"}],"wp:featuredmedia":[{"embeddable":true,"href":"https:\/\/gadgettravellers.eu\/it\/wp-json\/wp\/v2\/media\/14159"}],"wp:attachment":[{"href":"https:\/\/gadgettravellers.eu\/it\/wp-json\/wp\/v2\/media?parent=5314949"}],"wp:term":[{"taxonomy":"product_brand","embeddable":true,"href":"https:\/\/gadgettravellers.eu\/it\/wp-json\/wp\/v2\/product_brand?post=5314949"},{"taxonomy":"product_cat","embeddable":true,"href":"https:\/\/gadgettravellers.eu\/it\/wp-json\/wp\/v2\/product_cat?post=5314949"},{"taxonomy":"product_tag","embeddable":true,"href":"https:\/\/gadgettravellers.eu\/it\/wp-json\/wp\/v2\/product_tag?post=5314949"}],"curies":[{"name":"wp","href":"https:\/\/api.w.org\/{rel}","templated":true}]}}