{"id":5314956,"date":"2026-01-19T14:18:46","date_gmt":"2026-01-19T12:18:46","guid":{"rendered":"https:\/\/gadgettravellers.eu\/shop\/contenitore-di-plastica-per-cibo-gabbys-dollhouse-165x125x6cm-600ml-gabbys-dollhouse\/"},"modified":"2026-04-22T22:36:51","modified_gmt":"2026-04-22T20:36:51","slug":"contenitore-di-plastica-per-cibo-gabbys-dollhouse-165x125x6cm-600ml-gabbys-dollhouse","status":"publish","type":"product","link":"https:\/\/gadgettravellers.eu\/it\/shop\/contenitore-di-plastica-per-cibo-gabbys-dollhouse-165x125x6cm-600ml-gabbys-dollhouse\/","title":{"rendered":"Contenitore di Plastica per Cibo Gabby&#8217;s Dollhouse 16,5&#215;12,5x6cm 600ml Gabbys Dollhouse"},"content":{"rendered":"<p>Gabby &#8216;s dollhouse 16,5&#215;12,5x6cm   600ml<\/p>\n<div class='aiseo-faq-section' style='margin-top:30px; border-top:1px solid #eee; padding-top:20px;'>\n<h3>Domande Frequenti<\/h3>\n<details style='margin-bottom:10px; padding:10px; background:#f9f9f9; border-radius:5px;'>\n<summary style='font-weight:bold; cursor:pointer;'>Qual \u00e8 la capacit\u00e0 del contenitore?<\/summary>\n<div style='margin-top:10px; color:#555;'>La capacit\u00e0 \u00e8 di 600ml.<\/div>\n<\/details>\n<details style='margin-bottom:10px; padding:10px; background:#f9f9f9; border-radius:5px;'>\n<summary style='font-weight:bold; cursor:pointer;'>Quali sono le dimensioni del prodotto?<\/summary>\n<div style='margin-top:10px; color:#555;'>Le dimensioni sono 16,5&#215;12,5x6cm.<\/div>\n<\/details>\n<details style='margin-bottom:10px; padding:10px; background:#f9f9f9; border-radius:5px;'>\n<summary style='font-weight:bold; cursor:pointer;'>Per quale uso \u00e8 adatto?<\/summary>\n<div style='margin-top:10px; color:#555;'>\u00c8 ideale per la merenda dei bambini e per il trasporto quotidiano a scuola o durante la passeggiata.<\/div>\n<\/details>\n<details style='margin-bottom:10px; padding:10px; background:#f9f9f9; border-radius:5px;'>\n<summary style='font-weight:bold; cursor:pointer;'>Di che materiale \u00e8 fatto?<\/summary>\n<div style='margin-top:10px; color:#555;'>\u00c8 un contenitore di plastica, leggero e riutilizzabile.<\/div>\n<\/details>\n<\/div>\n","protected":false},"excerpt":{"rendered":"<p>Gabby &#8216;s dollhouse 16,5&#215;12,5x6cm 600ml Domande Frequenti Qual \u00e8 la capacit\u00e0 del contenitore? La capacit\u00e0 \u00e8 di 600ml. Quali sono le dimensioni del prodotto? Le dimensioni sono 16,5&#215;12,5x6cm. Per quale uso \u00e8 adatto? \u00c8 ideale per la merenda dei bambini e per il trasporto quotidiano a scuola o durante la passeggiata. Di che materiale \u00e8 [&hellip;]<\/p>\n","protected":false},"featured_media":14169,"comment_status":"closed","ping_status":"open","template":"","meta":[],"product_brand":[],"product_cat":[],"product_tag":[15],"class_list":{"0":"post-5314956","1":"product","2":"type-product","3":"status-publish","4":"has-post-thumbnail","6":"product_tag-uncategorized","8":"first","9":"onbackorder","10":"purchasable","11":"product-type-simple"},"jetpack_sharing_enabled":true,"_links":{"self":[{"href":"https:\/\/gadgettravellers.eu\/it\/wp-json\/wp\/v2\/product\/5314956","targetHints":{"allow":["GET"]}}],"collection":[{"href":"https:\/\/gadgettravellers.eu\/it\/wp-json\/wp\/v2\/product"}],"about":[{"href":"https:\/\/gadgettravellers.eu\/it\/wp-json\/wp\/v2\/types\/product"}],"replies":[{"embeddable":true,"href":"https:\/\/gadgettravellers.eu\/it\/wp-json\/wp\/v2\/comments?post=5314956"}],"wp:featuredmedia":[{"embeddable":true,"href":"https:\/\/gadgettravellers.eu\/it\/wp-json\/wp\/v2\/media\/14169"}],"wp:attachment":[{"href":"https:\/\/gadgettravellers.eu\/it\/wp-json\/wp\/v2\/media?parent=5314956"}],"wp:term":[{"taxonomy":"product_brand","embeddable":true,"href":"https:\/\/gadgettravellers.eu\/it\/wp-json\/wp\/v2\/product_brand?post=5314956"},{"taxonomy":"product_cat","embeddable":true,"href":"https:\/\/gadgettravellers.eu\/it\/wp-json\/wp\/v2\/product_cat?post=5314956"},{"taxonomy":"product_tag","embeddable":true,"href":"https:\/\/gadgettravellers.eu\/it\/wp-json\/wp\/v2\/product_tag?post=5314956"}],"curies":[{"name":"wp","href":"https:\/\/api.w.org\/{rel}","templated":true}]}}