{"id":5314957,"date":"2026-01-19T14:18:47","date_gmt":"2026-01-19T12:18:47","guid":{"rendered":"https:\/\/gadgettravellers.eu\/shop\/borraccia-in-plastica-princess-18x6cm-380ml-disney\/"},"modified":"2026-04-22T22:36:52","modified_gmt":"2026-04-22T20:36:52","slug":"borraccia-in-plastica-princess-18x6cm-380ml-disney","status":"publish","type":"product","link":"https:\/\/gadgettravellers.eu\/it\/shop\/borraccia-in-plastica-princess-18x6cm-380ml-disney\/","title":{"rendered":"Borraccia in plastica Princess 18x6cm 380ml Disney"},"content":{"rendered":"<p>Plastica princess 18x6cm 380ml<\/p>\n<div class='aiseo-faq-section' style='margin-top:30px; border-top:1px solid #eee; padding-top:20px;'>\n<h3>Domande Frequenti<\/h3>\n<details style='margin-bottom:10px; padding:10px; background:#f9f9f9; border-radius:5px;'>\n<summary style='font-weight:bold; cursor:pointer;'>Di che materiale \u00e8 fatto il borraccia?<\/summary>\n<div style='margin-top:10px; color:#555;'>La borraccia \u00e8 fatta di plastica.<\/div>\n<\/details>\n<details style='margin-bottom:10px; padding:10px; background:#f9f9f9; border-radius:5px;'>\n<summary style='font-weight:bold; cursor:pointer;'>Qual \u00e8 la capacit\u00e0 della borraccia?<\/summary>\n<div style='margin-top:10px; color:#555;'>La capacit\u00e0 \u00e8 di 380 ml.<\/div>\n<\/details>\n<details style='margin-bottom:10px; padding:10px; background:#f9f9f9; border-radius:5px;'>\n<summary style='font-weight:bold; cursor:pointer;'>Quali sono le dimensioni del prodotto?<\/summary>\n<div style='margin-top:10px; color:#555;'>Le dimensioni sono 18&#215;6 cm.<\/div>\n<\/details>\n<details style='margin-bottom:10px; padding:10px; background:#f9f9f9; border-radius:5px;'>\n<summary style='font-weight:bold; cursor:pointer;'>\u00c8 adatto per l&#8217;uso a scuola?<\/summary>\n<div style='margin-top:10px; color:#555;'>S\u00ec, \u00e8 ideale per la scuola e le gite.<\/div>\n<\/details>\n<details style='margin-bottom:10px; padding:10px; background:#f9f9f9; border-radius:5px;'>\n<summary style='font-weight:bold; cursor:pointer;'>Quali sono le caratteristiche d&#8217;uso?<\/summary>\n<div style='margin-top:10px; color:#555;'>\u00c8 leggero, ergonomico e riutilizzabile in una dimensione pratica.<\/div>\n<\/details>\n<\/div>\n","protected":false},"excerpt":{"rendered":"<p>Plastica princess 18x6cm 380ml Domande Frequenti Di che materiale \u00e8 fatto il borraccia? La borraccia \u00e8 fatta di plastica. Qual \u00e8 la capacit\u00e0 della borraccia? La capacit\u00e0 \u00e8 di 380 ml. Quali sono le dimensioni del prodotto? Le dimensioni sono 18&#215;6 cm. \u00c8 adatto per l&#8217;uso a scuola? S\u00ec, \u00e8 ideale per la scuola e [&hellip;]<\/p>\n","protected":false},"featured_media":14175,"comment_status":"closed","ping_status":"open","template":"","meta":[],"product_brand":[],"product_cat":[],"product_tag":[15],"class_list":{"0":"post-5314957","1":"product","2":"type-product","3":"status-publish","4":"has-post-thumbnail","6":"product_tag-uncategorized","8":"first","9":"onbackorder","10":"purchasable","11":"product-type-simple"},"jetpack_sharing_enabled":true,"_links":{"self":[{"href":"https:\/\/gadgettravellers.eu\/it\/wp-json\/wp\/v2\/product\/5314957","targetHints":{"allow":["GET"]}}],"collection":[{"href":"https:\/\/gadgettravellers.eu\/it\/wp-json\/wp\/v2\/product"}],"about":[{"href":"https:\/\/gadgettravellers.eu\/it\/wp-json\/wp\/v2\/types\/product"}],"replies":[{"embeddable":true,"href":"https:\/\/gadgettravellers.eu\/it\/wp-json\/wp\/v2\/comments?post=5314957"}],"wp:featuredmedia":[{"embeddable":true,"href":"https:\/\/gadgettravellers.eu\/it\/wp-json\/wp\/v2\/media\/14175"}],"wp:attachment":[{"href":"https:\/\/gadgettravellers.eu\/it\/wp-json\/wp\/v2\/media?parent=5314957"}],"wp:term":[{"taxonomy":"product_brand","embeddable":true,"href":"https:\/\/gadgettravellers.eu\/it\/wp-json\/wp\/v2\/product_brand?post=5314957"},{"taxonomy":"product_cat","embeddable":true,"href":"https:\/\/gadgettravellers.eu\/it\/wp-json\/wp\/v2\/product_cat?post=5314957"},{"taxonomy":"product_tag","embeddable":true,"href":"https:\/\/gadgettravellers.eu\/it\/wp-json\/wp\/v2\/product_tag?post=5314957"}],"curies":[{"name":"wp","href":"https:\/\/api.w.org\/{rel}","templated":true}]}}