{"id":5314967,"date":"2026-01-19T14:18:56","date_gmt":"2026-01-19T12:18:56","guid":{"rendered":"https:\/\/gadgettravellers.eu\/shop\/set-scolastico-4-pezzi-barbie-23x11cm-barbie-3042-24572\/"},"modified":"2026-04-22T22:36:57","modified_gmt":"2026-04-22T20:36:57","slug":"set-scolastico-4-pezzi-barbie-23x11cm-barbie-3042-24572","status":"publish","type":"product","link":"https:\/\/gadgettravellers.eu\/it\/shop\/set-scolastico-4-pezzi-barbie-23x11cm-barbie-3042-24572\/","title":{"rendered":"Set scolastico 4 pezzi Barbie 23x11cm Barbie 3042-24572"},"content":{"rendered":"<p>Set=4 pz barbie 23x11cm<\/p>\n<div class='aiseo-faq-section' style='margin-top:30px; border-top:1px solid #eee; padding-top:20px;'>\n<h3>Domande Frequenti<\/h3>\n<details style='margin-bottom:10px; padding:10px; background:#f9f9f9; border-radius:5px;'>\n<summary style='font-weight:bold; cursor:pointer;'>Cosa include il prodotto?<\/summary>\n<div style='margin-top:10px; color:#555;'>Si tratta di un set di 4 pezzi a tema Barbie, ogni pezzo ha dimensioni 23&#215;11 cm.<\/div>\n<\/details>\n<details style='margin-bottom:10px; padding:10px; background:#f9f9f9; border-radius:5px;'>\n<summary style='font-weight:bold; cursor:pointer;'>\u00c8 adatto per l&#8217;uso scolastico?<\/summary>\n<div style='margin-top:10px; color:#555;'>S\u00ec, il set \u00e8 progettato per l&#8217;uso a scuola e pu\u00f2 essere utilizzato come regalo pratico per i bambini.<\/div>\n<\/details>\n<details style='margin-bottom:10px; padding:10px; background:#f9f9f9; border-radius:5px;'>\n<summary style='font-weight:bold; cursor:pointer;'>Quali sono le dimensioni del set?<\/summary>\n<div style='margin-top:10px; color:#555;'>Ogni pezzo ha dimensioni 23&#215;11 cm, come indicato nella descrizione.<\/div>\n<\/details>\n<\/div>\n","protected":false},"excerpt":{"rendered":"<p>Set=4 pz barbie 23x11cm Domande Frequenti Cosa include il prodotto? Si tratta di un set di 4 pezzi a tema Barbie, ogni pezzo ha dimensioni 23&#215;11 cm. \u00c8 adatto per l&#8217;uso scolastico? S\u00ec, il set \u00e8 progettato per l&#8217;uso a scuola e pu\u00f2 essere utilizzato come regalo pratico per i bambini. Quali sono le dimensioni [&hellip;]<\/p>\n","protected":false},"featured_media":14227,"comment_status":"closed","ping_status":"open","template":"","meta":[],"product_brand":[],"product_cat":[],"product_tag":[15],"class_list":{"0":"post-5314967","1":"product","2":"type-product","3":"status-publish","4":"has-post-thumbnail","6":"product_tag-uncategorized","8":"first","9":"onbackorder","10":"purchasable","11":"product-type-simple"},"jetpack_sharing_enabled":true,"_links":{"self":[{"href":"https:\/\/gadgettravellers.eu\/it\/wp-json\/wp\/v2\/product\/5314967","targetHints":{"allow":["GET"]}}],"collection":[{"href":"https:\/\/gadgettravellers.eu\/it\/wp-json\/wp\/v2\/product"}],"about":[{"href":"https:\/\/gadgettravellers.eu\/it\/wp-json\/wp\/v2\/types\/product"}],"replies":[{"embeddable":true,"href":"https:\/\/gadgettravellers.eu\/it\/wp-json\/wp\/v2\/comments?post=5314967"}],"wp:featuredmedia":[{"embeddable":true,"href":"https:\/\/gadgettravellers.eu\/it\/wp-json\/wp\/v2\/media\/14227"}],"wp:attachment":[{"href":"https:\/\/gadgettravellers.eu\/it\/wp-json\/wp\/v2\/media?parent=5314967"}],"wp:term":[{"taxonomy":"product_brand","embeddable":true,"href":"https:\/\/gadgettravellers.eu\/it\/wp-json\/wp\/v2\/product_brand?post=5314967"},{"taxonomy":"product_cat","embeddable":true,"href":"https:\/\/gadgettravellers.eu\/it\/wp-json\/wp\/v2\/product_cat?post=5314967"},{"taxonomy":"product_tag","embeddable":true,"href":"https:\/\/gadgettravellers.eu\/it\/wp-json\/wp\/v2\/product_tag?post=5314967"}],"curies":[{"name":"wp","href":"https:\/\/api.w.org\/{rel}","templated":true}]}}