{"id":5314981,"date":"2026-01-19T14:19:07","date_gmt":"2026-01-19T12:19:07","guid":{"rendered":"https:\/\/gadgettravellers.eu\/shop\/cartella-pulsante-a4-wish-a4-disney-000574056\/"},"modified":"2026-04-22T22:37:04","modified_gmt":"2026-04-22T20:37:04","slug":"cartella-pulsante-a4-wish-a4-disney-000574056","status":"publish","type":"product","link":"https:\/\/gadgettravellers.eu\/it\/shop\/cartella-pulsante-a4-wish-a4-disney-000574056\/","title":{"rendered":"Cartella Pulsante a4 Wish A4 Disney 000574056"},"content":{"rendered":"<p>Wish A4<\/p>\n<div class='aiseo-faq-section' style='margin-top:30px; border-top:1px solid #eee; padding-top:20px;'>\n<h3>Domande Frequenti<\/h3>\n<details style='margin-bottom:10px; padding:10px; background:#f9f9f9; border-radius:5px;'>\n<summary style='font-weight:bold; cursor:pointer;'>Che dimensione di documenti pu\u00f2 contenere la cartella?<\/summary>\n<div style='margin-top:10px; color:#555;'>La cartella \u00e8 destinata a fogli formato A4 e pu\u00f2 contenere documenti di questa dimensione.<\/div>\n<\/details>\n<details style='margin-bottom:10px; padding:10px; background:#f9f9f9; border-radius:5px;'>\n<summary style='font-weight:bold; cursor:pointer;'>Che tipo di chiusura ha?<\/summary>\n<div style='margin-top:10px; color:#555;'>Dispone di chiusura con bottone che garantisce una chiusura sicura.<\/div>\n<\/details>\n<details style='margin-bottom:10px; padding:10px; background:#f9f9f9; border-radius:5px;'>\n<summary style='font-weight:bold; cursor:pointer;'>Protegge i documenti da pieghe e polvere?<\/summary>\n<div style='margin-top:10px; color:#555;'>S\u00ec, la chiusura sicura e l&#8217;involucro aiutano a proteggere da pieghe e polvere.<\/div>\n<\/details>\n<details style='margin-bottom:10px; padding:10px; background:#f9f9f9; border-radius:5px;'>\n<summary style='font-weight:bold; cursor:pointer;'>\u00c8 adatto per la scuola e l&#8217;uso quotidiano?<\/summary>\n<div style='margin-top:10px; color:#555;'>S\u00ec, \u00e8 leggero e resistente, adatto per articoli scolastici e uso in ufficio.<\/div>\n<\/details>\n<\/div>\n","protected":false},"excerpt":{"rendered":"<p>Wish A4 Domande Frequenti Che dimensione di documenti pu\u00f2 contenere la cartella? La cartella \u00e8 destinata a fogli formato A4 e pu\u00f2 contenere documenti di questa dimensione. Che tipo di chiusura ha? Dispone di chiusura con bottone che garantisce una chiusura sicura. Protegge i documenti da pieghe e polvere? S\u00ec, la chiusura sicura e l&#8217;involucro [&hellip;]<\/p>\n","protected":false},"featured_media":14315,"comment_status":"closed","ping_status":"open","template":"","meta":[],"product_brand":[],"product_cat":[],"product_tag":[15],"class_list":{"0":"post-5314981","1":"product","2":"type-product","3":"status-publish","4":"has-post-thumbnail","6":"product_tag-uncategorized","8":"first","9":"onbackorder","10":"purchasable","11":"product-type-simple"},"jetpack_sharing_enabled":true,"_links":{"self":[{"href":"https:\/\/gadgettravellers.eu\/it\/wp-json\/wp\/v2\/product\/5314981","targetHints":{"allow":["GET"]}}],"collection":[{"href":"https:\/\/gadgettravellers.eu\/it\/wp-json\/wp\/v2\/product"}],"about":[{"href":"https:\/\/gadgettravellers.eu\/it\/wp-json\/wp\/v2\/types\/product"}],"replies":[{"embeddable":true,"href":"https:\/\/gadgettravellers.eu\/it\/wp-json\/wp\/v2\/comments?post=5314981"}],"wp:featuredmedia":[{"embeddable":true,"href":"https:\/\/gadgettravellers.eu\/it\/wp-json\/wp\/v2\/media\/14315"}],"wp:attachment":[{"href":"https:\/\/gadgettravellers.eu\/it\/wp-json\/wp\/v2\/media?parent=5314981"}],"wp:term":[{"taxonomy":"product_brand","embeddable":true,"href":"https:\/\/gadgettravellers.eu\/it\/wp-json\/wp\/v2\/product_brand?post=5314981"},{"taxonomy":"product_cat","embeddable":true,"href":"https:\/\/gadgettravellers.eu\/it\/wp-json\/wp\/v2\/product_cat?post=5314981"},{"taxonomy":"product_tag","embeddable":true,"href":"https:\/\/gadgettravellers.eu\/it\/wp-json\/wp\/v2\/product_tag?post=5314981"}],"curies":[{"name":"wp","href":"https:\/\/api.w.org\/{rel}","templated":true}]}}