{"id":5315009,"date":"2026-01-19T14:19:32","date_gmt":"2026-01-19T12:19:32","guid":{"rendered":"https:\/\/gadgettravellers.eu\/shop\/matita-con-gomma-in-legno-eco-set50pz-20cm-justnote-703403\/"},"modified":"2026-04-22T22:37:17","modified_gmt":"2026-04-22T20:37:17","slug":"matita-con-gomma-in-legno-eco-set50pz-20cm-justnote-703403","status":"publish","type":"product","link":"https:\/\/gadgettravellers.eu\/it\/shop\/matita-con-gomma-in-legno-eco-set50pz-20cm-justnote-703403\/","title":{"rendered":"Matita con Gomma in Legno eco set=50pz 20cm JustNote 703403"},"content":{"rendered":"<p>Set=50 pz. Matita con gomma eco 20cm<\/p>\n<div class='aiseo-faq-section' style='margin-top:30px; border-top:1px solid #eee; padding-top:20px;'>\n<h3>Domande Frequenti<\/h3>\n<details style='margin-bottom:10px; padding:10px; background:#f9f9f9; border-radius:5px;'>\n<summary style='font-weight:bold; cursor:pointer;'>Quanti pezzi contiene il set?<\/summary>\n<div style='margin-top:10px; color:#555;'>Il set contiene 50 pezzi.<\/div>\n<\/details>\n<details style='margin-bottom:10px; padding:10px; background:#f9f9f9; border-radius:5px;'>\n<summary style='font-weight:bold; cursor:pointer;'>Qual \u00e8 la lunghezza della matita?<\/summary>\n<div style='margin-top:10px; color:#555;'>La matita \u00e8 lunga 20 cm.<\/div>\n<\/details>\n<details style='margin-bottom:10px; padding:10px; background:#f9f9f9; border-radius:5px;'>\n<summary style='font-weight:bold; cursor:pointer;'>Ha una gomma incorporata?<\/summary>\n<div style='margin-top:10px; color:#555;'>S\u00ec, la matita ha una gomma incorporata.<\/div>\n<\/details>\n<details style='margin-bottom:10px; padding:10px; background:#f9f9f9; border-radius:5px;'>\n<summary style='font-weight:bold; cursor:pointer;'>\u00c8 adatto per la scuola e l&#8217;ufficio?<\/summary>\n<div style='margin-top:10px; color:#555;'>S\u00ec, \u00e8 descritto come una scelta ecologica per la scuola e l&#8217;ufficio.<\/div>\n<\/details>\n<\/div>\n","protected":false},"excerpt":{"rendered":"<p>Set=50 pz. Matita con gomma eco 20cm Domande Frequenti Quanti pezzi contiene il set? Il set contiene 50 pezzi. Qual \u00e8 la lunghezza della matita? La matita \u00e8 lunga 20 cm. Ha una gomma incorporata? S\u00ec, la matita ha una gomma incorporata. \u00c8 adatto per la scuola e l&#8217;ufficio? S\u00ec, \u00e8 descritto come una scelta [&hellip;]<\/p>\n","protected":false},"featured_media":5027618,"comment_status":"closed","ping_status":"open","template":"","meta":[],"product_brand":[],"product_cat":[],"product_tag":[15],"class_list":{"0":"post-5315009","1":"product","2":"type-product","3":"status-publish","4":"has-post-thumbnail","6":"product_tag-uncategorized","8":"first","9":"onbackorder","10":"purchasable","11":"product-type-simple"},"jetpack_sharing_enabled":true,"_links":{"self":[{"href":"https:\/\/gadgettravellers.eu\/it\/wp-json\/wp\/v2\/product\/5315009","targetHints":{"allow":["GET"]}}],"collection":[{"href":"https:\/\/gadgettravellers.eu\/it\/wp-json\/wp\/v2\/product"}],"about":[{"href":"https:\/\/gadgettravellers.eu\/it\/wp-json\/wp\/v2\/types\/product"}],"replies":[{"embeddable":true,"href":"https:\/\/gadgettravellers.eu\/it\/wp-json\/wp\/v2\/comments?post=5315009"}],"wp:featuredmedia":[{"embeddable":true,"href":"https:\/\/gadgettravellers.eu\/it\/wp-json\/wp\/v2\/media\/5027618"}],"wp:attachment":[{"href":"https:\/\/gadgettravellers.eu\/it\/wp-json\/wp\/v2\/media?parent=5315009"}],"wp:term":[{"taxonomy":"product_brand","embeddable":true,"href":"https:\/\/gadgettravellers.eu\/it\/wp-json\/wp\/v2\/product_brand?post=5315009"},{"taxonomy":"product_cat","embeddable":true,"href":"https:\/\/gadgettravellers.eu\/it\/wp-json\/wp\/v2\/product_cat?post=5315009"},{"taxonomy":"product_tag","embeddable":true,"href":"https:\/\/gadgettravellers.eu\/it\/wp-json\/wp\/v2\/product_tag?post=5315009"}],"curies":[{"name":"wp","href":"https:\/\/api.w.org\/{rel}","templated":true}]}}