{"id":5315014,"date":"2026-01-19T14:19:36","date_gmt":"2026-01-19T12:19:36","guid":{"rendered":"https:\/\/gadgettravellers.eu\/shop\/penna-metallica-sirena-14cm-justnote-703409\/"},"modified":"2026-04-22T22:37:19","modified_gmt":"2026-04-22T20:37:19","slug":"penna-metallica-sirena-14cm-justnote-703409","status":"publish","type":"product","link":"https:\/\/gadgettravellers.eu\/it\/shop\/penna-metallica-sirena-14cm-justnote-703409\/","title":{"rendered":"Penna Metallica Sirena 14cm JustNote 703409"},"content":{"rendered":"<p>(abbina) 14cm<\/p>\n<div class='aiseo-faq-section' style='margin-top:30px; border-top:1px solid #eee; padding-top:20px;'>\n<h3>Domande Frequenti<\/h3>\n<details style='margin-bottom:10px; padding:10px; background:#f9f9f9; border-radius:5px;'>\n<summary style='font-weight:bold; cursor:pointer;'>Di che materiale \u00e8 fatto la penna?<\/summary>\n<div style='margin-top:10px; color:#555;'>Il corpo \u00e8 in metallo solido con una finitura elegante per resistenza e durata.<\/div>\n<\/details>\n<details style='margin-bottom:10px; padding:10px; background:#f9f9f9; border-radius:5px;'>\n<summary style='font-weight:bold; cursor:pointer;'>Qual \u00e8 la lunghezza della penna?<\/summary>\n<div style='margin-top:10px; color:#555;'>Ha una lunghezza di 14 cm, compatto per un facile trasporto.<\/div>\n<\/details>\n<details style='margin-bottom:10px; padding:10px; background:#f9f9f9; border-radius:5px;'>\n<summary style='font-weight:bold; cursor:pointer;'>Per quali usi \u00e8 adatto?<\/summary>\n<div style='margin-top:10px; color:#555;'>Ideale per la scuola, l&#8217;uso in ufficio e come piccolo regalo che si distingue.<\/div>\n<\/details>\n<details style='margin-bottom:10px; padding:10px; background:#f9f9f9; border-radius:5px;'>\n<summary style='font-weight:bold; cursor:pointer;'>Ha una presa comoda?<\/summary>\n<div style='margin-top:10px; color:#555;'>S\u00ec, dispone di un&#8217;impugnatura ergonomica per una scrittura confortevole.<\/div>\n<\/details>\n<\/div>\n","protected":false},"excerpt":{"rendered":"<p>(abbina) 14cm Domande Frequenti Di che materiale \u00e8 fatto la penna? Il corpo \u00e8 in metallo solido con una finitura elegante per resistenza e durata. Qual \u00e8 la lunghezza della penna? Ha una lunghezza di 14 cm, compatto per un facile trasporto. Per quali usi \u00e8 adatto? Ideale per la scuola, l&#8217;uso in ufficio e [&hellip;]<\/p>\n","protected":false},"featured_media":14466,"comment_status":"closed","ping_status":"open","template":"","meta":[],"product_brand":[],"product_cat":[],"product_tag":[15],"class_list":{"0":"post-5315014","1":"product","2":"type-product","3":"status-publish","4":"has-post-thumbnail","6":"product_tag-uncategorized","8":"first","9":"onbackorder","10":"purchasable","11":"product-type-simple"},"jetpack_sharing_enabled":true,"_links":{"self":[{"href":"https:\/\/gadgettravellers.eu\/it\/wp-json\/wp\/v2\/product\/5315014","targetHints":{"allow":["GET"]}}],"collection":[{"href":"https:\/\/gadgettravellers.eu\/it\/wp-json\/wp\/v2\/product"}],"about":[{"href":"https:\/\/gadgettravellers.eu\/it\/wp-json\/wp\/v2\/types\/product"}],"replies":[{"embeddable":true,"href":"https:\/\/gadgettravellers.eu\/it\/wp-json\/wp\/v2\/comments?post=5315014"}],"wp:featuredmedia":[{"embeddable":true,"href":"https:\/\/gadgettravellers.eu\/it\/wp-json\/wp\/v2\/media\/14466"}],"wp:attachment":[{"href":"https:\/\/gadgettravellers.eu\/it\/wp-json\/wp\/v2\/media?parent=5315014"}],"wp:term":[{"taxonomy":"product_brand","embeddable":true,"href":"https:\/\/gadgettravellers.eu\/it\/wp-json\/wp\/v2\/product_brand?post=5315014"},{"taxonomy":"product_cat","embeddable":true,"href":"https:\/\/gadgettravellers.eu\/it\/wp-json\/wp\/v2\/product_cat?post=5315014"},{"taxonomy":"product_tag","embeddable":true,"href":"https:\/\/gadgettravellers.eu\/it\/wp-json\/wp\/v2\/product_tag?post=5315014"}],"curies":[{"name":"wp","href":"https:\/\/api.w.org\/{rel}","templated":true}]}}