{"id":5315027,"date":"2026-01-19T14:19:47","date_gmt":"2026-01-19T12:19:47","guid":{"rendered":"https:\/\/gadgettravellers.eu\/shop\/chiodi-per-bacheca-trasparenti-120-pz-25mm-justnote-703433\/"},"modified":"2026-04-22T22:37:25","modified_gmt":"2026-04-22T20:37:25","slug":"chiodi-per-bacheca-trasparenti-120-pz-25mm-justnote-703433","status":"publish","type":"product","link":"https:\/\/gadgettravellers.eu\/it\/shop\/chiodi-per-bacheca-trasparenti-120-pz-25mm-justnote-703433\/","title":{"rendered":"Chiodi per bacheca trasparenti 120 pz 25mm JustNote 703433"},"content":{"rendered":"<p>Pacco=120 pz chiodi per bacheca 25mm<\/p>\n<div class='aiseo-faq-section' style='margin-top:30px; border-top:1px solid #eee; padding-top:20px;'>\n<h3>Domande Frequenti<\/h3>\n<details style='margin-bottom:10px; padding:10px; background:#f9f9f9; border-radius:5px;'>\n<summary style='font-weight:bold; cursor:pointer;'>Quanti pezzi contiene la confezione?<\/summary>\n<div style='margin-top:10px; color:#555;'>Il pacchetto contiene 120 spilli.<\/div>\n<\/details>\n<details style='margin-bottom:10px; padding:10px; background:#f9f9f9; border-radius:5px;'>\n<summary style='font-weight:bold; cursor:pointer;'>Qual \u00e8 la lunghezza delle spille?<\/summary>\n<div style='margin-top:10px; color:#555;'>La loro lunghezza \u00e8 di 25 mm.<\/div>\n<\/details>\n<details style='margin-bottom:10px; padding:10px; background:#f9f9f9; border-radius:5px;'>\n<summary style='font-weight:bold; cursor:pointer;'>Sono adatti per sughero e bacheche?<\/summary>\n<div style='margin-top:10px; color:#555;'>S\u00ec, sono ideali per sughero e bacheche.<\/div>\n<\/details>\n<details style='margin-bottom:10px; padding:10px; background:#f9f9f9; border-radius:5px;'>\n<summary style='font-weight:bold; cursor:pointer;'>Di che materiale sono la testa e il gambo?<\/summary>\n<div style='margin-top:10px; color:#555;'>La testa \u00e8 in plastica trasparente e il gambo \u00e8 in metallo resistente.<\/div>\n<\/details>\n<\/div>\n","protected":false},"excerpt":{"rendered":"<p>Pacco=120 pz chiodi per bacheca 25mm Domande Frequenti Quanti pezzi contiene la confezione? Il pacchetto contiene 120 spilli. Qual \u00e8 la lunghezza delle spille? La loro lunghezza \u00e8 di 25 mm. Sono adatti per sughero e bacheche? S\u00ec, sono ideali per sughero e bacheche. Di che materiale sono la testa e il gambo? La testa [&hellip;]<\/p>\n","protected":false},"featured_media":74377,"comment_status":"closed","ping_status":"open","template":"","meta":[],"product_brand":[],"product_cat":[],"product_tag":[15],"class_list":{"0":"post-5315027","1":"product","2":"type-product","3":"status-publish","4":"has-post-thumbnail","6":"product_tag-uncategorized","8":"first","9":"onbackorder","10":"purchasable","11":"product-type-simple"},"jetpack_sharing_enabled":true,"_links":{"self":[{"href":"https:\/\/gadgettravellers.eu\/it\/wp-json\/wp\/v2\/product\/5315027","targetHints":{"allow":["GET"]}}],"collection":[{"href":"https:\/\/gadgettravellers.eu\/it\/wp-json\/wp\/v2\/product"}],"about":[{"href":"https:\/\/gadgettravellers.eu\/it\/wp-json\/wp\/v2\/types\/product"}],"replies":[{"embeddable":true,"href":"https:\/\/gadgettravellers.eu\/it\/wp-json\/wp\/v2\/comments?post=5315027"}],"wp:featuredmedia":[{"embeddable":true,"href":"https:\/\/gadgettravellers.eu\/it\/wp-json\/wp\/v2\/media\/74377"}],"wp:attachment":[{"href":"https:\/\/gadgettravellers.eu\/it\/wp-json\/wp\/v2\/media?parent=5315027"}],"wp:term":[{"taxonomy":"product_brand","embeddable":true,"href":"https:\/\/gadgettravellers.eu\/it\/wp-json\/wp\/v2\/product_brand?post=5315027"},{"taxonomy":"product_cat","embeddable":true,"href":"https:\/\/gadgettravellers.eu\/it\/wp-json\/wp\/v2\/product_cat?post=5315027"},{"taxonomy":"product_tag","embeddable":true,"href":"https:\/\/gadgettravellers.eu\/it\/wp-json\/wp\/v2\/product_tag?post=5315027"}],"curies":[{"name":"wp","href":"https:\/\/api.w.org\/{rel}","templated":true}]}}