{"id":5315031,"date":"2026-01-19T14:19:50","date_gmt":"2026-01-19T12:19:50","guid":{"rendered":"https:\/\/gadgettravellers.eu\/shop\/adesivo-trasparente-cpp-rotolo5m-rotolo-5m-x45cm-spessore-007mm-justnote-703438\/"},"modified":"2026-04-22T22:37:27","modified_gmt":"2026-04-22T20:37:27","slug":"adesivo-trasparente-cpp-rotolo5m-rotolo-5m-x45cm-spessore-007mm-justnote-703438","status":"publish","type":"product","link":"https:\/\/gadgettravellers.eu\/it\/shop\/adesivo-trasparente-cpp-rotolo5m-rotolo-5m-x45cm-spessore-007mm-justnote-703438\/","title":{"rendered":"Adesivo Trasparente cpp Rotolo=5m Rotolo: 5m x45cm \u2022 Spessore: 0,07mm JustNote 703438"},"content":{"rendered":"<p>Rotolo: 5m x 45cm \u2022 Spessore: 0,07mm<\/p>\n<div class='aiseo-faq-section' style='margin-top:30px; border-top:1px solid #eee; padding-top:20px;'>\n<h3>Domande Frequenti<\/h3>\n<details style='margin-bottom:10px; padding:10px; background:#f9f9f9; border-radius:5px;'>\n<summary style='font-weight:bold; cursor:pointer;'>Qual \u00e8 la dimensione del rotolo?<\/summary>\n<div style='margin-top:10px; color:#555;'>Rotolo 5 m x 45 cm.<\/div>\n<\/details>\n<details style='margin-bottom:10px; padding:10px; background:#f9f9f9; border-radius:5px;'>\n<summary style='font-weight:bold; cursor:pointer;'>Qual \u00e8 lo spessore del film?<\/summary>\n<div style='margin-top:10px; color:#555;'>Spessore 0,07 mm.<\/div>\n<\/details>\n<details style='margin-bottom:10px; padding:10px; background:#f9f9f9; border-radius:5px;'>\n<summary style='font-weight:bold; cursor:pointer;'>Per quali applicazioni \u00e8 destinato?<\/summary>\n<div style='margin-top:10px; color:#555;'>Ideale per la protezione delle superfici, etichettatura e imballaggio.<\/div>\n<\/details>\n<details style='margin-bottom:10px; padding:10px; background:#f9f9f9; border-radius:5px;'>\n<summary style='font-weight:bold; cursor:pointer;'>\u00c8 facile da tagliare?<\/summary>\n<div style='margin-top:10px; color:#555;'>S\u00ec, si taglia facilmente con forbici o taglierina per l&#8217;adattamento.<\/div>\n<\/details>\n<\/div>\n","protected":false},"excerpt":{"rendered":"<p>Rotolo: 5m x 45cm \u2022 Spessore: 0,07mm Domande Frequenti Qual \u00e8 la dimensione del rotolo? Rotolo 5 m x 45 cm. Qual \u00e8 lo spessore del film? Spessore 0,07 mm. Per quali applicazioni \u00e8 destinato? Ideale per la protezione delle superfici, etichettatura e imballaggio. \u00c8 facile da tagliare? S\u00ec, si taglia facilmente con forbici o [&hellip;]<\/p>\n","protected":false},"featured_media":5027662,"comment_status":"closed","ping_status":"open","template":"","meta":[],"product_brand":[],"product_cat":[],"product_tag":[15],"class_list":{"0":"post-5315031","1":"product","2":"type-product","3":"status-publish","4":"has-post-thumbnail","6":"product_tag-uncategorized","8":"first","9":"onbackorder","10":"purchasable","11":"product-type-simple"},"jetpack_sharing_enabled":true,"_links":{"self":[{"href":"https:\/\/gadgettravellers.eu\/it\/wp-json\/wp\/v2\/product\/5315031","targetHints":{"allow":["GET"]}}],"collection":[{"href":"https:\/\/gadgettravellers.eu\/it\/wp-json\/wp\/v2\/product"}],"about":[{"href":"https:\/\/gadgettravellers.eu\/it\/wp-json\/wp\/v2\/types\/product"}],"replies":[{"embeddable":true,"href":"https:\/\/gadgettravellers.eu\/it\/wp-json\/wp\/v2\/comments?post=5315031"}],"wp:featuredmedia":[{"embeddable":true,"href":"https:\/\/gadgettravellers.eu\/it\/wp-json\/wp\/v2\/media\/5027662"}],"wp:attachment":[{"href":"https:\/\/gadgettravellers.eu\/it\/wp-json\/wp\/v2\/media?parent=5315031"}],"wp:term":[{"taxonomy":"product_brand","embeddable":true,"href":"https:\/\/gadgettravellers.eu\/it\/wp-json\/wp\/v2\/product_brand?post=5315031"},{"taxonomy":"product_cat","embeddable":true,"href":"https:\/\/gadgettravellers.eu\/it\/wp-json\/wp\/v2\/product_cat?post=5315031"},{"taxonomy":"product_tag","embeddable":true,"href":"https:\/\/gadgettravellers.eu\/it\/wp-json\/wp\/v2\/product_tag?post=5315031"}],"curies":[{"name":"wp","href":"https:\/\/api.w.org\/{rel}","templated":true}]}}