{"id":5315047,"date":"2026-01-19T14:20:04","date_gmt":"2026-01-19T12:20:04","guid":{"rendered":"https:\/\/gadgettravellers.eu\/shop\/set-scolastico5-pezzi-di-pittura-quaderno-a-spirale-e-4-pennarelli-25x25cm-justnote-703454\/"},"modified":"2026-04-22T22:37:34","modified_gmt":"2026-04-22T20:37:34","slug":"set-scolastico5-pezzi-di-pittura-quaderno-a-spirale-e-4-pennarelli-25x25cm-justnote-703454","status":"publish","type":"product","link":"https:\/\/gadgettravellers.eu\/it\/shop\/set-scolastico5-pezzi-di-pittura-quaderno-a-spirale-e-4-pennarelli-25x25cm-justnote-703454\/","title":{"rendered":"Set scolastico=5 pezzi di pittura, quaderno a spirale e 4 pennarelli 25x25cm JustNote 703454"},"content":{"rendered":"<p>Set=5 pz. Quaderno a spirale &#038; 4 pennarelli 25x25cm<\/p>\n<div class='aiseo-faq-section' style='margin-top:30px; border-top:1px solid #eee; padding-top:20px;'>\n<h3>Domande Frequenti<\/h3>\n<details style='margin-bottom:10px; padding:10px; background:#f9f9f9; border-radius:5px;'>\n<summary style='font-weight:bold; cursor:pointer;'>Cosa include il set?<\/summary>\n<div style='margin-top:10px; color:#555;'>Quaderno a spirale 25&#215;25 cm e 4 pennarelli, in totale 5 pezzi.<\/div>\n<\/details>\n<details style='margin-bottom:10px; padding:10px; background:#f9f9f9; border-radius:5px;'>\n<summary style='font-weight:bold; cursor:pointer;'>Quali sono le dimensioni del quaderno?<\/summary>\n<div style='margin-top:10px; color:#555;'>Il quaderno ha dimensioni 25&#215;25 cm.<\/div>\n<\/details>\n<details style='margin-bottom:10px; padding:10px; background:#f9f9f9; border-radius:5px;'>\n<summary style='font-weight:bold; cursor:pointer;'>\u00c8 adatto per l&#8217;uso a scuola?<\/summary>\n<div style='margin-top:10px; color:#555;'>S\u00ec, \u00e8 ideale per la scuola, la pittura e i progetti creativi.<\/div>\n<\/details>\n<details style='margin-bottom:10px; padding:10px; background:#f9f9f9; border-radius:5px;'>\n<summary style='font-weight:bold; cursor:pointer;'>\u00c8 portatile e pronto all&#8217;uso?<\/summary>\n<div style='margin-top:10px; color:#555;'>S\u00ec, il set \u00e8 compatto, portatile e pronto per l&#8217;uso immediato.<\/div>\n<\/details>\n<\/div>\n","protected":false},"excerpt":{"rendered":"<p>Set=5 pz. Quaderno a spirale &#038; 4 pennarelli 25x25cm Domande Frequenti Cosa include il set? Quaderno a spirale 25&#215;25 cm e 4 pennarelli, in totale 5 pezzi. Quali sono le dimensioni del quaderno? Il quaderno ha dimensioni 25&#215;25 cm. \u00c8 adatto per l&#8217;uso a scuola? S\u00ec, \u00e8 ideale per la scuola, la pittura e i [&hellip;]<\/p>\n","protected":false},"featured_media":5027727,"comment_status":"closed","ping_status":"open","template":"","meta":[],"product_brand":[],"product_cat":[],"product_tag":[15],"class_list":{"0":"post-5315047","1":"product","2":"type-product","3":"status-publish","4":"has-post-thumbnail","6":"product_tag-uncategorized","8":"first","9":"onbackorder","10":"purchasable","11":"product-type-simple"},"jetpack_sharing_enabled":true,"_links":{"self":[{"href":"https:\/\/gadgettravellers.eu\/it\/wp-json\/wp\/v2\/product\/5315047","targetHints":{"allow":["GET"]}}],"collection":[{"href":"https:\/\/gadgettravellers.eu\/it\/wp-json\/wp\/v2\/product"}],"about":[{"href":"https:\/\/gadgettravellers.eu\/it\/wp-json\/wp\/v2\/types\/product"}],"replies":[{"embeddable":true,"href":"https:\/\/gadgettravellers.eu\/it\/wp-json\/wp\/v2\/comments?post=5315047"}],"wp:featuredmedia":[{"embeddable":true,"href":"https:\/\/gadgettravellers.eu\/it\/wp-json\/wp\/v2\/media\/5027727"}],"wp:attachment":[{"href":"https:\/\/gadgettravellers.eu\/it\/wp-json\/wp\/v2\/media?parent=5315047"}],"wp:term":[{"taxonomy":"product_brand","embeddable":true,"href":"https:\/\/gadgettravellers.eu\/it\/wp-json\/wp\/v2\/product_brand?post=5315047"},{"taxonomy":"product_cat","embeddable":true,"href":"https:\/\/gadgettravellers.eu\/it\/wp-json\/wp\/v2\/product_cat?post=5315047"},{"taxonomy":"product_tag","embeddable":true,"href":"https:\/\/gadgettravellers.eu\/it\/wp-json\/wp\/v2\/product_tag?post=5315047"}],"curies":[{"name":"wp","href":"https:\/\/api.w.org\/{rel}","templated":true}]}}