{"id":5315053,"date":"2026-01-19T14:20:10","date_gmt":"2026-01-19T12:20:10","guid":{"rendered":"https:\/\/gadgettravellers.eu\/shop\/forbice-scolastica-dipinta-13cm-justnote-703471\/"},"modified":"2026-04-22T22:37:37","modified_gmt":"2026-04-22T20:37:37","slug":"forbice-scolastica-dipinta-13cm-justnote-703471","status":"publish","type":"product","link":"https:\/\/gadgettravellers.eu\/it\/shop\/forbice-scolastica-dipinta-13cm-justnote-703471\/","title":{"rendered":"Forbice Scolastica Dipinta 13cm JustNote 703471"},"content":{"rendered":"<p>(abbina) 13cm<\/p>\n<div class='aiseo-faq-section' style='margin-top:30px; border-top:1px solid #eee; padding-top:20px;'>\n<h3>Domande Frequenti<\/h3>\n<details style='margin-bottom:10px; padding:10px; background:#f9f9f9; border-radius:5px;'>\n<summary style='font-weight:bold; cursor:pointer;'>Per quali et\u00e0 \u00e8 adatto il paio di forbici?<\/summary>\n<div style='margin-top:10px; color:#555;'>Adatto per bambini e studenti, ideale per attivit\u00e0 scolastiche e lavori manuali.<\/div>\n<\/details>\n<details style='margin-bottom:10px; padding:10px; background:#f9f9f9; border-radius:5px;'>\n<summary style='font-weight:bold; cursor:pointer;'>Qual \u00e8 la dimensione delle forbici?<\/summary>\n<div style='margin-top:10px; color:#555;'>Lunghezza 13 cm.<\/div>\n<\/details>\n<details style='margin-bottom:10px; padding:10px; background:#f9f9f9; border-radius:5px;'>\n<summary style='font-weight:bold; cursor:pointer;'>Disponibile in diversi colori?<\/summary>\n<div style='margin-top:10px; color:#555;'>S\u00ec, \u00e8 disponibile in colori assortiti per un facile riconoscimento.<\/div>\n<\/details>\n<details style='margin-bottom:10px; padding:10px; background:#f9f9f9; border-radius:5px;'>\n<summary style='font-weight:bold; cursor:pointer;'>\u00c8 comodo da usare?<\/summary>\n<div style='margin-top:10px; color:#555;'>S\u00ec, \u00e8 leggero ed ergonomico per una presa comoda.<\/div>\n<\/details>\n<\/div>\n","protected":false},"excerpt":{"rendered":"<p>(abbina) 13cm Domande Frequenti Per quali et\u00e0 \u00e8 adatto il paio di forbici? Adatto per bambini e studenti, ideale per attivit\u00e0 scolastiche e lavori manuali. Qual \u00e8 la dimensione delle forbici? Lunghezza 13 cm. Disponibile in diversi colori? S\u00ec, \u00e8 disponibile in colori assortiti per un facile riconoscimento. \u00c8 comodo da usare? S\u00ec, \u00e8 leggero [&hellip;]<\/p>\n","protected":false},"featured_media":5027806,"comment_status":"closed","ping_status":"open","template":"","meta":[],"product_brand":[],"product_cat":[],"product_tag":[15],"class_list":{"0":"post-5315053","1":"product","2":"type-product","3":"status-publish","4":"has-post-thumbnail","6":"product_tag-uncategorized","8":"first","9":"onbackorder","10":"purchasable","11":"product-type-simple"},"jetpack_sharing_enabled":true,"_links":{"self":[{"href":"https:\/\/gadgettravellers.eu\/it\/wp-json\/wp\/v2\/product\/5315053","targetHints":{"allow":["GET"]}}],"collection":[{"href":"https:\/\/gadgettravellers.eu\/it\/wp-json\/wp\/v2\/product"}],"about":[{"href":"https:\/\/gadgettravellers.eu\/it\/wp-json\/wp\/v2\/types\/product"}],"replies":[{"embeddable":true,"href":"https:\/\/gadgettravellers.eu\/it\/wp-json\/wp\/v2\/comments?post=5315053"}],"wp:featuredmedia":[{"embeddable":true,"href":"https:\/\/gadgettravellers.eu\/it\/wp-json\/wp\/v2\/media\/5027806"}],"wp:attachment":[{"href":"https:\/\/gadgettravellers.eu\/it\/wp-json\/wp\/v2\/media?parent=5315053"}],"wp:term":[{"taxonomy":"product_brand","embeddable":true,"href":"https:\/\/gadgettravellers.eu\/it\/wp-json\/wp\/v2\/product_brand?post=5315053"},{"taxonomy":"product_cat","embeddable":true,"href":"https:\/\/gadgettravellers.eu\/it\/wp-json\/wp\/v2\/product_cat?post=5315053"},{"taxonomy":"product_tag","embeddable":true,"href":"https:\/\/gadgettravellers.eu\/it\/wp-json\/wp\/v2\/product_tag?post=5315053"}],"curies":[{"name":"wp","href":"https:\/\/api.w.org\/{rel}","templated":true}]}}