{"id":5315054,"date":"2026-01-19T14:20:10","date_gmt":"2026-01-19T12:20:10","guid":{"rendered":"https:\/\/gadgettravellers.eu\/shop\/forbice-scolastica-di-sicurezza-bicolore-135cm-justnote-703470\/"},"modified":"2026-04-22T22:37:37","modified_gmt":"2026-04-22T20:37:37","slug":"forbice-scolastica-di-sicurezza-bicolore-135cm-justnote-703470","status":"publish","type":"product","link":"https:\/\/gadgettravellers.eu\/it\/shop\/forbice-scolastica-di-sicurezza-bicolore-135cm-justnote-703470\/","title":{"rendered":"Forbice Scolastica di Sicurezza Bicolore 13,5cm JustNote 703470"},"content":{"rendered":"<p>(Abbinato) sicurezza 13,5cm<\/p>\n<div class='aiseo-faq-section' style='margin-top:30px; border-top:1px solid #eee; padding-top:20px;'>\n<h3>Domande Frequenti<\/h3>\n<details style='margin-bottom:10px; padding:10px; background:#f9f9f9; border-radius:5px;'>\n<summary style='font-weight:bold; cursor:pointer;'>Qual \u00e8 la lunghezza delle forbici?<\/summary>\n<div style='margin-top:10px; color:#555;'>Le forbici hanno una lunghezza di 13,5 cm.<\/div>\n<\/details>\n<details style='margin-bottom:10px; padding:10px; background:#f9f9f9; border-radius:5px;'>\n<summary style='font-weight:bold; cursor:pointer;'>\u00c8 adatto ai bambini?<\/summary>\n<div style='margin-top:10px; color:#555;'>S\u00ec, \u00e8 ideale per bambini e lavori manuali grazie al design protetto.<\/div>\n<\/details>\n<details style='margin-bottom:10px; padding:10px; background:#f9f9f9; border-radius:5px;'>\n<summary style='font-weight:bold; cursor:pointer;'>Che tipo di punte ha?<\/summary>\n<div style='margin-top:10px; color:#555;'>Ha punte arrotondate per una maggiore sicurezza.<\/div>\n<\/details>\n<details style='margin-bottom:10px; padding:10px; background:#f9f9f9; border-radius:5px;'>\n<summary style='font-weight:bold; cursor:pointer;'>Com&#8217;\u00e8 l&#8217;impugnatura delle forbici?<\/summary>\n<div style='margin-top:10px; color:#555;'>La maniglia \u00e8 bicolore e offre una presa comoda.<\/div>\n<\/details>\n<\/div>\n","protected":false},"excerpt":{"rendered":"<p>(Abbinato) sicurezza 13,5cm Domande Frequenti Qual \u00e8 la lunghezza delle forbici? Le forbici hanno una lunghezza di 13,5 cm. \u00c8 adatto ai bambini? S\u00ec, \u00e8 ideale per bambini e lavori manuali grazie al design protetto. Che tipo di punte ha? Ha punte arrotondate per una maggiore sicurezza. Com&#8217;\u00e8 l&#8217;impugnatura delle forbici? La maniglia \u00e8 bicolore [&hellip;]<\/p>\n","protected":false},"featured_media":5027802,"comment_status":"closed","ping_status":"open","template":"","meta":[],"product_brand":[],"product_cat":[],"product_tag":[15],"class_list":{"0":"post-5315054","1":"product","2":"type-product","3":"status-publish","4":"has-post-thumbnail","6":"product_tag-uncategorized","8":"first","9":"onbackorder","10":"purchasable","11":"product-type-simple"},"jetpack_sharing_enabled":true,"_links":{"self":[{"href":"https:\/\/gadgettravellers.eu\/it\/wp-json\/wp\/v2\/product\/5315054","targetHints":{"allow":["GET"]}}],"collection":[{"href":"https:\/\/gadgettravellers.eu\/it\/wp-json\/wp\/v2\/product"}],"about":[{"href":"https:\/\/gadgettravellers.eu\/it\/wp-json\/wp\/v2\/types\/product"}],"replies":[{"embeddable":true,"href":"https:\/\/gadgettravellers.eu\/it\/wp-json\/wp\/v2\/comments?post=5315054"}],"wp:featuredmedia":[{"embeddable":true,"href":"https:\/\/gadgettravellers.eu\/it\/wp-json\/wp\/v2\/media\/5027802"}],"wp:attachment":[{"href":"https:\/\/gadgettravellers.eu\/it\/wp-json\/wp\/v2\/media?parent=5315054"}],"wp:term":[{"taxonomy":"product_brand","embeddable":true,"href":"https:\/\/gadgettravellers.eu\/it\/wp-json\/wp\/v2\/product_brand?post=5315054"},{"taxonomy":"product_cat","embeddable":true,"href":"https:\/\/gadgettravellers.eu\/it\/wp-json\/wp\/v2\/product_cat?post=5315054"},{"taxonomy":"product_tag","embeddable":true,"href":"https:\/\/gadgettravellers.eu\/it\/wp-json\/wp\/v2\/product_tag?post=5315054"}],"curies":[{"name":"wp","href":"https:\/\/api.w.org\/{rel}","templated":true}]}}