{"id":5315055,"date":"2026-01-19T14:20:11","date_gmt":"2026-01-19T12:20:11","guid":{"rendered":"https:\/\/gadgettravellers.eu\/shop\/cartella-bottone-a4-lilo-stitch-a4-stitch-000564912\/"},"modified":"2026-04-22T22:37:37","modified_gmt":"2026-04-22T20:37:37","slug":"cartella-bottone-a4-lilo-stitch-a4-stitch-000564912","status":"publish","type":"product","link":"https:\/\/gadgettravellers.eu\/it\/shop\/cartella-bottone-a4-lilo-stitch-a4-stitch-000564912\/","title":{"rendered":"Cartella Bottone a4 Lilo &#038; Stitch A4 Stitch 000564912"},"content":{"rendered":"<p>Lilo &#038; stitch A4<\/p>\n<div class='aiseo-faq-section' style='margin-top:30px; border-top:1px solid #eee; padding-top:20px;'>\n<h3>Domande Frequenti<\/h3>\n<details style='margin-bottom:10px; padding:10px; background:#f9f9f9; border-radius:5px;'>\n<summary style='font-weight:bold; cursor:pointer;'>Qual \u00e8 la dimensione della cartella?<\/summary>\n<div style='margin-top:10px; color:#555;'>\u00c8 di formato A4, adatto per documenti A4.<\/div>\n<\/details>\n<details style='margin-bottom:10px; padding:10px; background:#f9f9f9; border-radius:5px;'>\n<summary style='font-weight:bold; cursor:pointer;'>Qual \u00e8 il modo di chiusura?<\/summary>\n<div style='margin-top:10px; color:#555;'>Dispone di chiusura con bottone.<\/div>\n<\/details>\n<details style='margin-bottom:10px; padding:10px; background:#f9f9f9; border-radius:5px;'>\n<summary style='font-weight:bold; cursor:pointer;'>Per quale uso \u00e8 destinato?<\/summary>\n<div style='margin-top:10px; color:#555;'>Ideale per scuola e ufficio, per uso quotidiano.<\/div>\n<\/details>\n<details style='margin-bottom:10px; padding:10px; background:#f9f9f9; border-radius:5px;'>\n<summary style='font-weight:bold; cursor:pointer;'>Protegge i documenti?<\/summary>\n<div style='margin-top:10px; color:#555;'>S\u00ec, protegge e organizza i documenti ed \u00e8 leggero e facile da usare.<\/div>\n<\/details>\n<\/div>\n","protected":false},"excerpt":{"rendered":"<p>Lilo &#038; stitch A4 Domande Frequenti Qual \u00e8 la dimensione della cartella? \u00c8 di formato A4, adatto per documenti A4. Qual \u00e8 il modo di chiusura? Dispone di chiusura con bottone. Per quale uso \u00e8 destinato? Ideale per scuola e ufficio, per uso quotidiano. Protegge i documenti? S\u00ec, protegge e organizza i documenti ed \u00e8 [&hellip;]<\/p>\n","protected":false},"featured_media":5027826,"comment_status":"closed","ping_status":"open","template":"","meta":[],"product_brand":[],"product_cat":[],"product_tag":[15],"class_list":{"0":"post-5315055","1":"product","2":"type-product","3":"status-publish","4":"has-post-thumbnail","6":"product_tag-uncategorized","8":"first","9":"onbackorder","10":"purchasable","11":"product-type-simple"},"jetpack_sharing_enabled":true,"_links":{"self":[{"href":"https:\/\/gadgettravellers.eu\/it\/wp-json\/wp\/v2\/product\/5315055","targetHints":{"allow":["GET"]}}],"collection":[{"href":"https:\/\/gadgettravellers.eu\/it\/wp-json\/wp\/v2\/product"}],"about":[{"href":"https:\/\/gadgettravellers.eu\/it\/wp-json\/wp\/v2\/types\/product"}],"replies":[{"embeddable":true,"href":"https:\/\/gadgettravellers.eu\/it\/wp-json\/wp\/v2\/comments?post=5315055"}],"wp:featuredmedia":[{"embeddable":true,"href":"https:\/\/gadgettravellers.eu\/it\/wp-json\/wp\/v2\/media\/5027826"}],"wp:attachment":[{"href":"https:\/\/gadgettravellers.eu\/it\/wp-json\/wp\/v2\/media?parent=5315055"}],"wp:term":[{"taxonomy":"product_brand","embeddable":true,"href":"https:\/\/gadgettravellers.eu\/it\/wp-json\/wp\/v2\/product_brand?post=5315055"},{"taxonomy":"product_cat","embeddable":true,"href":"https:\/\/gadgettravellers.eu\/it\/wp-json\/wp\/v2\/product_cat?post=5315055"},{"taxonomy":"product_tag","embeddable":true,"href":"https:\/\/gadgettravellers.eu\/it\/wp-json\/wp\/v2\/product_tag?post=5315055"}],"curies":[{"name":"wp","href":"https:\/\/api.w.org\/{rel}","templated":true}]}}