{"id":5315059,"date":"2026-01-19T14:20:16","date_gmt":"2026-01-19T12:20:16","guid":{"rendered":"https:\/\/gadgettravellers.eu\/shop\/matita-con-gomma-frozen-2-disney-000564962\/"},"modified":"2026-04-22T22:37:39","modified_gmt":"2026-04-22T20:37:39","slug":"matita-con-gomma-frozen-2-disney-000564962","status":"publish","type":"product","link":"https:\/\/gadgettravellers.eu\/it\/shop\/matita-con-gomma-frozen-2-disney-000564962\/","title":{"rendered":"Matita con Gomma Frozen 2 Disney 000564962"},"content":{"rendered":"<p>Frozen 2<\/p>\n<div class='aiseo-faq-section' style='margin-top:30px; border-top:1px solid #eee; padding-top:20px;'>\n<h3>Domande Frequenti<\/h3>\n<details style='margin-bottom:10px; padding:10px; background:#f9f9f9; border-radius:5px;'>\n<summary style='font-weight:bold; cursor:pointer;'>Che tipo di mina ha la matita?<\/summary>\n<div style='margin-top:10px; color:#555;'>Dispone di grafite HB per un risultato pulito e stabile.<\/div>\n<\/details>\n<details style='margin-bottom:10px; padding:10px; background:#f9f9f9; border-radius:5px;'>\n<summary style='font-weight:bold; cursor:pointer;'>C&#8217;\u00e8 una gomma incorporata?<\/summary>\n<div style='margin-top:10px; color:#555;'>S\u00ec, ha una gomma incorporata sul retro per correzioni rapide.<\/div>\n<\/details>\n<details style='margin-bottom:10px; padding:10px; background:#f9f9f9; border-radius:5px;'>\n<summary style='font-weight:bold; cursor:pointer;'>Per chi \u00e8 adatta la matita?<\/summary>\n<div style='margin-top:10px; color:#555;'>\u00c8 adatto per bambini e per uso scolastico, nonch\u00e9 come regalo a tema.<\/div>\n<\/details>\n<details style='margin-bottom:10px; padding:10px; background:#f9f9f9; border-radius:5px;'>\n<summary style='font-weight:bold; cursor:pointer;'>Com&#8217;\u00e8 la presa della matita?<\/summary>\n<div style='margin-top:10px; color:#555;'>Ha un&#8217;impugnatura facile da usare per una scrittura confortevole durante l&#8217;uso scolastico.<\/div>\n<\/details>\n<details style='margin-bottom:10px; padding:10px; background:#f9f9f9; border-radius:5px;'>\n<summary style='font-weight:bold; cursor:pointer;'>Si adatta a borse e astucci?<\/summary>\n<div style='margin-top:10px; color:#555;'>S\u00ec, ha una dimensione pratica che si adatta facilmente a borse e astucci.<\/div>\n<\/details>\n<\/div>\n","protected":false},"excerpt":{"rendered":"<p>Frozen 2 Domande Frequenti Che tipo di mina ha la matita? Dispone di grafite HB per un risultato pulito e stabile. C&#8217;\u00e8 una gomma incorporata? S\u00ec, ha una gomma incorporata sul retro per correzioni rapide. Per chi \u00e8 adatta la matita? \u00c8 adatto per bambini e per uso scolastico, nonch\u00e9 come regalo a tema. Com&#8217;\u00e8 [&hellip;]<\/p>\n","protected":false},"featured_media":5027850,"comment_status":"closed","ping_status":"open","template":"","meta":[],"product_brand":[],"product_cat":[],"product_tag":[15],"class_list":{"0":"post-5315059","1":"product","2":"type-product","3":"status-publish","4":"has-post-thumbnail","6":"product_tag-uncategorized","8":"first","9":"onbackorder","10":"purchasable","11":"product-type-simple"},"jetpack_sharing_enabled":true,"_links":{"self":[{"href":"https:\/\/gadgettravellers.eu\/it\/wp-json\/wp\/v2\/product\/5315059","targetHints":{"allow":["GET"]}}],"collection":[{"href":"https:\/\/gadgettravellers.eu\/it\/wp-json\/wp\/v2\/product"}],"about":[{"href":"https:\/\/gadgettravellers.eu\/it\/wp-json\/wp\/v2\/types\/product"}],"replies":[{"embeddable":true,"href":"https:\/\/gadgettravellers.eu\/it\/wp-json\/wp\/v2\/comments?post=5315059"}],"wp:featuredmedia":[{"embeddable":true,"href":"https:\/\/gadgettravellers.eu\/it\/wp-json\/wp\/v2\/media\/5027850"}],"wp:attachment":[{"href":"https:\/\/gadgettravellers.eu\/it\/wp-json\/wp\/v2\/media?parent=5315059"}],"wp:term":[{"taxonomy":"product_brand","embeddable":true,"href":"https:\/\/gadgettravellers.eu\/it\/wp-json\/wp\/v2\/product_brand?post=5315059"},{"taxonomy":"product_cat","embeddable":true,"href":"https:\/\/gadgettravellers.eu\/it\/wp-json\/wp\/v2\/product_cat?post=5315059"},{"taxonomy":"product_tag","embeddable":true,"href":"https:\/\/gadgettravellers.eu\/it\/wp-json\/wp\/v2\/product_tag?post=5315059"}],"curies":[{"name":"wp","href":"https:\/\/api.w.org\/{rel}","templated":true}]}}