{"id":5315060,"date":"2026-01-19T14:20:17","date_gmt":"2026-01-19T12:20:17","guid":{"rendered":"https:\/\/gadgettravellers.eu\/shop\/matita-con-gomma-mickey-minnie-disney-000564961\/"},"modified":"2026-04-22T22:37:39","modified_gmt":"2026-04-22T20:37:39","slug":"matita-con-gomma-mickey-minnie-disney-000564961","status":"publish","type":"product","link":"https:\/\/gadgettravellers.eu\/it\/shop\/matita-con-gomma-mickey-minnie-disney-000564961\/","title":{"rendered":"Matita con Gomma Mickey, Minnie Disney 000564961"},"content":{"rendered":"<p>Mickey, minnie<\/p>\n<div class='aiseo-faq-section' style='margin-top:30px; border-top:1px solid #eee; padding-top:20px;'>\n<h3>Domande Frequenti<\/h3>\n<details style='margin-bottom:10px; padding:10px; background:#f9f9f9; border-radius:5px;'>\n<summary style='font-weight:bold; cursor:pointer;'>Che tipo di gomma ha la matita?<\/summary>\n<div style='margin-top:10px; color:#555;'>Dispone di una gomma incorporata nella parte superiore per una correzione rapida e pratica.<\/div>\n<\/details>\n<details style='margin-bottom:10px; padding:10px; background:#f9f9f9; border-radius:5px;'>\n<summary style='font-weight:bold; cursor:pointer;'>Com&#8217;\u00e8 la qualit\u00e0 della scrittura?<\/summary>\n<div style='margin-top:10px; color:#555;'>Fornisce una scrittura confortevole grazie alla grafite morbida.<\/div>\n<\/details>\n<details style='margin-bottom:10px; padding:10px; background:#f9f9f9; border-radius:5px;'>\n<summary style='font-weight:bold; cursor:pointer;'>Per quale et\u00e0 \u00e8 adatto?<\/summary>\n<div style='margin-top:10px; color:#555;'>\u00c8 progettato per bambini ed \u00e8 adatto all&#8217;uso scolastico.<\/div>\n<\/details>\n<details style='margin-bottom:10px; padding:10px; background:#f9f9f9; border-radius:5px;'>\n<summary style='font-weight:bold; cursor:pointer;'>Di che materiale \u00e8 fatto?<\/summary>\n<div style='margin-top:10px; color:#555;'>Realizzato in legno resistente, ideale per l&#8217;uso quotidiano.<\/div>\n<\/details>\n<\/div>\n","protected":false},"excerpt":{"rendered":"<p>Mickey, minnie Domande Frequenti Che tipo di gomma ha la matita? Dispone di una gomma incorporata nella parte superiore per una correzione rapida e pratica. Com&#8217;\u00e8 la qualit\u00e0 della scrittura? Fornisce una scrittura confortevole grazie alla grafite morbida. Per quale et\u00e0 \u00e8 adatto? \u00c8 progettato per bambini ed \u00e8 adatto all&#8217;uso scolastico. Di che materiale [&hellip;]<\/p>\n","protected":false},"featured_media":5027842,"comment_status":"closed","ping_status":"open","template":"","meta":[],"product_brand":[],"product_cat":[],"product_tag":[15],"class_list":{"0":"post-5315060","1":"product","2":"type-product","3":"status-publish","4":"has-post-thumbnail","6":"product_tag-uncategorized","8":"first","9":"onbackorder","10":"purchasable","11":"product-type-simple"},"jetpack_sharing_enabled":true,"_links":{"self":[{"href":"https:\/\/gadgettravellers.eu\/it\/wp-json\/wp\/v2\/product\/5315060","targetHints":{"allow":["GET"]}}],"collection":[{"href":"https:\/\/gadgettravellers.eu\/it\/wp-json\/wp\/v2\/product"}],"about":[{"href":"https:\/\/gadgettravellers.eu\/it\/wp-json\/wp\/v2\/types\/product"}],"replies":[{"embeddable":true,"href":"https:\/\/gadgettravellers.eu\/it\/wp-json\/wp\/v2\/comments?post=5315060"}],"wp:featuredmedia":[{"embeddable":true,"href":"https:\/\/gadgettravellers.eu\/it\/wp-json\/wp\/v2\/media\/5027842"}],"wp:attachment":[{"href":"https:\/\/gadgettravellers.eu\/it\/wp-json\/wp\/v2\/media?parent=5315060"}],"wp:term":[{"taxonomy":"product_brand","embeddable":true,"href":"https:\/\/gadgettravellers.eu\/it\/wp-json\/wp\/v2\/product_brand?post=5315060"},{"taxonomy":"product_cat","embeddable":true,"href":"https:\/\/gadgettravellers.eu\/it\/wp-json\/wp\/v2\/product_cat?post=5315060"},{"taxonomy":"product_tag","embeddable":true,"href":"https:\/\/gadgettravellers.eu\/it\/wp-json\/wp\/v2\/product_tag?post=5315060"}],"curies":[{"name":"wp","href":"https:\/\/api.w.org\/{rel}","templated":true}]}}