{"id":5315061,"date":"2026-01-19T14:20:18","date_gmt":"2026-01-19T12:20:18","guid":{"rendered":"https:\/\/gadgettravellers.eu\/shop\/set-scolastico-lilo-stitch-stitch-000564892\/"},"modified":"2026-04-22T22:37:40","modified_gmt":"2026-04-22T20:37:40","slug":"set-scolastico-lilo-stitch-stitch-000564892","status":"publish","type":"product","link":"https:\/\/gadgettravellers.eu\/it\/shop\/set-scolastico-lilo-stitch-stitch-000564892\/","title":{"rendered":"Set scolastico Lilo &#038; Stitch  Stitch 000564892"},"content":{"rendered":"<p>Set=5pz lilo &#038; stitch<\/p>\n<div class='aiseo-faq-section' style='margin-top:30px; border-top:1px solid #eee; padding-top:20px;'>\n<h3>Domande Frequenti<\/h3>\n<details style='margin-bottom:10px; padding:10px; background:#f9f9f9; border-radius:5px;'>\n<summary style='font-weight:bold; cursor:pointer;'>Cosa include il set?<\/summary>\n<div style='margin-top:10px; color:#555;'>Include 5 pezzi di articoli scolastici con design Lilo &#038; Stitch.<\/div>\n<\/details>\n<details style='margin-bottom:10px; padding:10px; background:#f9f9f9; border-radius:5px;'>\n<summary style='font-weight:bold; cursor:pointer;'>Per chi \u00e8 adatto?<\/summary>\n<div style='margin-top:10px; color:#555;'>Ideale per piccoli studenti e bambini della scuola elementare.<\/div>\n<\/details>\n<details style='margin-bottom:10px; padding:10px; background:#f9f9f9; border-radius:5px;'>\n<summary style='font-weight:bold; cursor:pointer;'>Pu\u00f2 essere usato quotidianamente?<\/summary>\n<div style='margin-top:10px; color:#555;'>S\u00ec, \u00e8 funzionale e adatto all&#8217;uso quotidiano.<\/div>\n<\/details>\n<details style='margin-bottom:10px; padding:10px; background:#f9f9f9; border-radius:5px;'>\n<summary style='font-weight:bold; cursor:pointer;'>\u00c8 adatto come regalo?<\/summary>\n<div style='margin-top:10px; color:#555;'>S\u00ec, \u00e8 piacevole alla vista e adatto come regalo per gli studenti.<\/div>\n<\/details>\n<\/div>\n","protected":false},"excerpt":{"rendered":"<p>Set=5pz lilo &#038; stitch Domande Frequenti Cosa include il set? Include 5 pezzi di articoli scolastici con design Lilo &#038; Stitch. Per chi \u00e8 adatto? Ideale per piccoli studenti e bambini della scuola elementare. Pu\u00f2 essere usato quotidianamente? S\u00ec, \u00e8 funzionale e adatto all&#8217;uso quotidiano. \u00c8 adatto come regalo? S\u00ec, \u00e8 piacevole alla vista e [&hellip;]<\/p>\n","protected":false},"featured_media":5027858,"comment_status":"closed","ping_status":"open","template":"","meta":[],"product_brand":[],"product_cat":[],"product_tag":[15],"class_list":{"0":"post-5315061","1":"product","2":"type-product","3":"status-publish","4":"has-post-thumbnail","6":"product_tag-uncategorized","8":"first","9":"onbackorder","10":"purchasable","11":"product-type-simple"},"jetpack_sharing_enabled":true,"_links":{"self":[{"href":"https:\/\/gadgettravellers.eu\/it\/wp-json\/wp\/v2\/product\/5315061","targetHints":{"allow":["GET"]}}],"collection":[{"href":"https:\/\/gadgettravellers.eu\/it\/wp-json\/wp\/v2\/product"}],"about":[{"href":"https:\/\/gadgettravellers.eu\/it\/wp-json\/wp\/v2\/types\/product"}],"replies":[{"embeddable":true,"href":"https:\/\/gadgettravellers.eu\/it\/wp-json\/wp\/v2\/comments?post=5315061"}],"wp:featuredmedia":[{"embeddable":true,"href":"https:\/\/gadgettravellers.eu\/it\/wp-json\/wp\/v2\/media\/5027858"}],"wp:attachment":[{"href":"https:\/\/gadgettravellers.eu\/it\/wp-json\/wp\/v2\/media?parent=5315061"}],"wp:term":[{"taxonomy":"product_brand","embeddable":true,"href":"https:\/\/gadgettravellers.eu\/it\/wp-json\/wp\/v2\/product_brand?post=5315061"},{"taxonomy":"product_cat","embeddable":true,"href":"https:\/\/gadgettravellers.eu\/it\/wp-json\/wp\/v2\/product_cat?post=5315061"},{"taxonomy":"product_tag","embeddable":true,"href":"https:\/\/gadgettravellers.eu\/it\/wp-json\/wp\/v2\/product_tag?post=5315061"}],"curies":[{"name":"wp","href":"https:\/\/api.w.org\/{rel}","templated":true}]}}