{"id":5315062,"date":"2026-01-19T14:20:18","date_gmt":"2026-01-19T12:20:18","guid":{"rendered":"https:\/\/gadgettravellers.eu\/shop\/matita-con-gomma-my-melody-my-melody-000490169\/"},"modified":"2026-04-22T22:37:40","modified_gmt":"2026-04-22T20:37:40","slug":"matita-con-gomma-my-melody-my-melody-000490169","status":"publish","type":"product","link":"https:\/\/gadgettravellers.eu\/it\/shop\/matita-con-gomma-my-melody-my-melody-000490169\/","title":{"rendered":"Matita con Gomma my Melody  My Melody 000490169"},"content":{"rendered":"<p>My melody<\/p>\n<div class='aiseo-faq-section' style='margin-top:30px; border-top:1px solid #eee; padding-top:20px;'>\n<h3>Domande Frequenti<\/h3>\n<details style='margin-bottom:10px; padding:10px; background:#f9f9f9; border-radius:5px;'>\n<summary style='font-weight:bold; cursor:pointer;'>La matita ha una gomma incorporata?<\/summary>\n<div style='margin-top:10px; color:#555;'>S\u00ec, dispone di una gomma incorporata per una correzione rapida e pulita.<\/div>\n<\/details>\n<details style='margin-bottom:10px; padding:10px; background:#f9f9f9; border-radius:5px;'>\n<summary style='font-weight:bold; cursor:pointer;'>\u00c8 adatto per l&#8217;uso scolastico?<\/summary>\n<div style='margin-top:10px; color:#555;'>S\u00ec, \u00e8 progettato per l&#8217;uso scolastico quotidiano e le esigenze degli studenti.<\/div>\n<\/details>\n<details style='margin-bottom:10px; padding:10px; background:#f9f9f9; border-radius:5px;'>\n<summary style='font-weight:bold; cursor:pointer;'>\u00c8 leggero e resistente?<\/summary>\n<div style='margin-top:10px; color:#555;'>S\u00ec, il prodotto \u00e8 descritto come leggero e resistente.<\/div>\n<\/details>\n<details style='margin-bottom:10px; padding:10px; background:#f9f9f9; border-radius:5px;'>\n<summary style='font-weight:bold; cursor:pointer;'>Pu\u00f2 essere usato come regalo per bambini?<\/summary>\n<div style='margin-top:10px; color:#555;'>S\u00ec, il design per bambini lo rende ideale per un piccolo regalo.<\/div>\n<\/details>\n<\/div>\n","protected":false},"excerpt":{"rendered":"<p>My melody Domande Frequenti La matita ha una gomma incorporata? S\u00ec, dispone di una gomma incorporata per una correzione rapida e pulita. \u00c8 adatto per l&#8217;uso scolastico? S\u00ec, \u00e8 progettato per l&#8217;uso scolastico quotidiano e le esigenze degli studenti. \u00c8 leggero e resistente? S\u00ec, il prodotto \u00e8 descritto come leggero e resistente. Pu\u00f2 essere usato [&hellip;]<\/p>\n","protected":false},"featured_media":5027854,"comment_status":"closed","ping_status":"open","template":"","meta":[],"product_brand":[],"product_cat":[],"product_tag":[15],"class_list":{"0":"post-5315062","1":"product","2":"type-product","3":"status-publish","4":"has-post-thumbnail","6":"product_tag-uncategorized","8":"first","9":"onbackorder","10":"purchasable","11":"product-type-simple"},"jetpack_sharing_enabled":true,"_links":{"self":[{"href":"https:\/\/gadgettravellers.eu\/it\/wp-json\/wp\/v2\/product\/5315062","targetHints":{"allow":["GET"]}}],"collection":[{"href":"https:\/\/gadgettravellers.eu\/it\/wp-json\/wp\/v2\/product"}],"about":[{"href":"https:\/\/gadgettravellers.eu\/it\/wp-json\/wp\/v2\/types\/product"}],"replies":[{"embeddable":true,"href":"https:\/\/gadgettravellers.eu\/it\/wp-json\/wp\/v2\/comments?post=5315062"}],"wp:featuredmedia":[{"embeddable":true,"href":"https:\/\/gadgettravellers.eu\/it\/wp-json\/wp\/v2\/media\/5027854"}],"wp:attachment":[{"href":"https:\/\/gadgettravellers.eu\/it\/wp-json\/wp\/v2\/media?parent=5315062"}],"wp:term":[{"taxonomy":"product_brand","embeddable":true,"href":"https:\/\/gadgettravellers.eu\/it\/wp-json\/wp\/v2\/product_brand?post=5315062"},{"taxonomy":"product_cat","embeddable":true,"href":"https:\/\/gadgettravellers.eu\/it\/wp-json\/wp\/v2\/product_cat?post=5315062"},{"taxonomy":"product_tag","embeddable":true,"href":"https:\/\/gadgettravellers.eu\/it\/wp-json\/wp\/v2\/product_tag?post=5315062"}],"curies":[{"name":"wp","href":"https:\/\/api.w.org\/{rel}","templated":true}]}}