{"id":5315072,"date":"2026-01-19T14:20:26","date_gmt":"2026-01-19T12:20:26","guid":{"rendered":"https:\/\/gadgettravellers.eu\/shop\/borraccia-in-plastica-ps-550ml-paw-patrol-21x7cm-550ml-gim-555-23203\/"},"modified":"2026-04-22T22:37:45","modified_gmt":"2026-04-22T20:37:45","slug":"borraccia-in-plastica-ps-550ml-paw-patrol-21x7cm-550ml-gim-555-23203","status":"publish","type":"product","link":"https:\/\/gadgettravellers.eu\/it\/shop\/borraccia-in-plastica-ps-550ml-paw-patrol-21x7cm-550ml-gim-555-23203\/","title":{"rendered":"Borraccia in plastica ps 550ml Paw Patrol 21x7cm  550ml Gim 555-23203"},"content":{"rendered":"<p>Plastica ps con cannuccia flip, senza BPA, Paw Patrol 21x7cm 550ml<\/p>\n<div class='aiseo-faq-section' style='margin-top:30px; border-top:1px solid #eee; padding-top:20px;'>\n<h3>Domande Frequenti<\/h3>\n<details style='margin-bottom:10px; padding:10px; background:#f9f9f9; border-radius:5px;'>\n<summary style='font-weight:bold; cursor:pointer;'>Qual \u00e8 la capacit\u00e0 della borraccia?<\/summary>\n<div style='margin-top:10px; color:#555;'>La capacit\u00e0 \u00e8 di 550 ml.<\/div>\n<\/details>\n<details style='margin-bottom:10px; padding:10px; background:#f9f9f9; border-radius:5px;'>\n<summary style='font-weight:bold; cursor:pointer;'>Di che materiale \u00e8 fatto?<\/summary>\n<div style='margin-top:10px; color:#555;'>\u00c8 realizzato in plastica PS ed \u00e8 privo di BPA.<\/div>\n<\/details>\n<details style='margin-bottom:10px; padding:10px; background:#f9f9f9; border-radius:5px;'>\n<summary style='font-weight:bold; cursor:pointer;'>Quali sono le sue dimensioni?<\/summary>\n<div style='margin-top:10px; color:#555;'>Le dimensioni sono 21&#215;7 cm.<\/div>\n<\/details>\n<details style='margin-bottom:10px; padding:10px; background:#f9f9f9; border-radius:5px;'>\n<summary style='font-weight:bold; cursor:pointer;'>Ha una cannuccia?<\/summary>\n<div style='margin-top:10px; color:#555;'>S\u00ec, dispone di una cannuccia pieghevole (flip).<\/div>\n<\/details>\n<details style='margin-bottom:10px; padding:10px; background:#f9f9f9; border-radius:5px;'>\n<summary style='font-weight:bold; cursor:pointer;'>\u00c8 adatto per la scuola e le attivit\u00e0 all&#8217;aperto?<\/summary>\n<div style='margin-top:10px; color:#555;'>S\u00ec, \u00e8 ideale per la scuola e le attivit\u00e0 all&#8217;aperto per bambini.<\/div>\n<\/details>\n<\/div>\n","protected":false},"excerpt":{"rendered":"<p>Plastica ps con cannuccia flip, senza BPA, Paw Patrol 21x7cm 550ml Domande Frequenti Qual \u00e8 la capacit\u00e0 della borraccia? La capacit\u00e0 \u00e8 di 550 ml. Di che materiale \u00e8 fatto? \u00c8 realizzato in plastica PS ed \u00e8 privo di BPA. Quali sono le sue dimensioni? Le dimensioni sono 21&#215;7 cm. Ha una cannuccia? S\u00ec, dispone [&hellip;]<\/p>\n","protected":false},"featured_media":5028002,"comment_status":"closed","ping_status":"open","template":"","meta":[],"product_brand":[],"product_cat":[],"product_tag":[15],"class_list":{"0":"post-5315072","1":"product","2":"type-product","3":"status-publish","4":"has-post-thumbnail","6":"product_tag-uncategorized","8":"first","9":"onbackorder","10":"purchasable","11":"product-type-simple"},"jetpack_sharing_enabled":true,"_links":{"self":[{"href":"https:\/\/gadgettravellers.eu\/it\/wp-json\/wp\/v2\/product\/5315072","targetHints":{"allow":["GET"]}}],"collection":[{"href":"https:\/\/gadgettravellers.eu\/it\/wp-json\/wp\/v2\/product"}],"about":[{"href":"https:\/\/gadgettravellers.eu\/it\/wp-json\/wp\/v2\/types\/product"}],"replies":[{"embeddable":true,"href":"https:\/\/gadgettravellers.eu\/it\/wp-json\/wp\/v2\/comments?post=5315072"}],"wp:featuredmedia":[{"embeddable":true,"href":"https:\/\/gadgettravellers.eu\/it\/wp-json\/wp\/v2\/media\/5028002"}],"wp:attachment":[{"href":"https:\/\/gadgettravellers.eu\/it\/wp-json\/wp\/v2\/media?parent=5315072"}],"wp:term":[{"taxonomy":"product_brand","embeddable":true,"href":"https:\/\/gadgettravellers.eu\/it\/wp-json\/wp\/v2\/product_brand?post=5315072"},{"taxonomy":"product_cat","embeddable":true,"href":"https:\/\/gadgettravellers.eu\/it\/wp-json\/wp\/v2\/product_cat?post=5315072"},{"taxonomy":"product_tag","embeddable":true,"href":"https:\/\/gadgettravellers.eu\/it\/wp-json\/wp\/v2\/product_tag?post=5315072"}],"curies":[{"name":"wp","href":"https:\/\/api.w.org\/{rel}","templated":true}]}}