{"id":5315074,"date":"2026-01-19T14:20:28","date_gmt":"2026-01-19T12:20:28","guid":{"rendered":"https:\/\/gadgettravellers.eu\/shop\/borraccia-in-plastica-stor-tritan-590ml-spiderman-21x6cm-590ml-gim-530-61352\/"},"modified":"2026-04-22T22:37:46","modified_gmt":"2026-04-22T20:37:46","slug":"borraccia-in-plastica-stor-tritan-590ml-spiderman-21x6cm-590ml-gim-530-61352","status":"publish","type":"product","link":"https:\/\/gadgettravellers.eu\/it\/shop\/borraccia-in-plastica-stor-tritan-590ml-spiderman-21x6cm-590ml-gim-530-61352\/","title":{"rendered":"Borraccia in plastica Stor Tritan 590ml Spiderman 21x6cm 590ml Gim 530-61352"},"content":{"rendered":"<p>Plastica tritan, senza BPA Spiderman 21x6cm 590ml<\/p>\n<div class='aiseo-faq-section' style='margin-top:30px; border-top:1px solid #eee; padding-top:20px;'>\n<h3>Domande Frequenti<\/h3>\n<details style='margin-bottom:10px; padding:10px; background:#f9f9f9; border-radius:5px;'>\n<summary style='font-weight:bold; cursor:pointer;'>Di che materiale \u00e8 fatta questa borraccia?<\/summary>\n<div style='margin-top:10px; color:#555;'>\u00c8 in plastica Tritan ed \u00e8 senza BPA.<\/div>\n<\/details>\n<details style='margin-bottom:10px; padding:10px; background:#f9f9f9; border-radius:5px;'>\n<summary style='font-weight:bold; cursor:pointer;'>Qual \u00e8 la capacit\u00e0 della borraccia?<\/summary>\n<div style='margin-top:10px; color:#555;'>La capacit\u00e0 \u00e8 di 590 ml.<\/div>\n<\/details>\n<details style='margin-bottom:10px; padding:10px; background:#f9f9f9; border-radius:5px;'>\n<summary style='font-weight:bold; cursor:pointer;'>\u00c8 adatto per l&#8217;uso a scuola?<\/summary>\n<div style='margin-top:10px; color:#555;'>S\u00ec, \u00e8 leggero, resistente e ideale per l&#8217;uso scolastico.<\/div>\n<\/details>\n<details style='margin-bottom:10px; padding:10px; background:#f9f9f9; border-radius:5px;'>\n<summary style='font-weight:bold; cursor:pointer;'>Quali sono le dimensioni ed \u00e8 facile da pulire?<\/summary>\n<div style='margin-top:10px; color:#555;'>Le dimensioni sono 21&#215;6 cm e si pulisce facilmente, adatto per il riutilizzo.<\/div>\n<\/details>\n<\/div>\n","protected":false},"excerpt":{"rendered":"<p>Plastica tritan, senza BPA Spiderman 21x6cm 590ml Domande Frequenti Di che materiale \u00e8 fatta questa borraccia? \u00c8 in plastica Tritan ed \u00e8 senza BPA. Qual \u00e8 la capacit\u00e0 della borraccia? La capacit\u00e0 \u00e8 di 590 ml. \u00c8 adatto per l&#8217;uso a scuola? S\u00ec, \u00e8 leggero, resistente e ideale per l&#8217;uso scolastico. Quali sono le dimensioni [&hellip;]<\/p>\n","protected":false},"featured_media":5028006,"comment_status":"closed","ping_status":"open","template":"","meta":[],"product_brand":[],"product_cat":[],"product_tag":[15],"class_list":{"0":"post-5315074","1":"product","2":"type-product","3":"status-publish","4":"has-post-thumbnail","6":"product_tag-uncategorized","8":"first","9":"onbackorder","10":"purchasable","11":"product-type-simple"},"jetpack_sharing_enabled":true,"_links":{"self":[{"href":"https:\/\/gadgettravellers.eu\/it\/wp-json\/wp\/v2\/product\/5315074","targetHints":{"allow":["GET"]}}],"collection":[{"href":"https:\/\/gadgettravellers.eu\/it\/wp-json\/wp\/v2\/product"}],"about":[{"href":"https:\/\/gadgettravellers.eu\/it\/wp-json\/wp\/v2\/types\/product"}],"replies":[{"embeddable":true,"href":"https:\/\/gadgettravellers.eu\/it\/wp-json\/wp\/v2\/comments?post=5315074"}],"wp:featuredmedia":[{"embeddable":true,"href":"https:\/\/gadgettravellers.eu\/it\/wp-json\/wp\/v2\/media\/5028006"}],"wp:attachment":[{"href":"https:\/\/gadgettravellers.eu\/it\/wp-json\/wp\/v2\/media?parent=5315074"}],"wp:term":[{"taxonomy":"product_brand","embeddable":true,"href":"https:\/\/gadgettravellers.eu\/it\/wp-json\/wp\/v2\/product_brand?post=5315074"},{"taxonomy":"product_cat","embeddable":true,"href":"https:\/\/gadgettravellers.eu\/it\/wp-json\/wp\/v2\/product_cat?post=5315074"},{"taxonomy":"product_tag","embeddable":true,"href":"https:\/\/gadgettravellers.eu\/it\/wp-json\/wp\/v2\/product_tag?post=5315074"}],"curies":[{"name":"wp","href":"https:\/\/api.w.org\/{rel}","templated":true}]}}