{"id":5315075,"date":"2026-01-19T14:20:28","date_gmt":"2026-01-19T12:20:28","guid":{"rendered":"https:\/\/gadgettravellers.eu\/shop\/borraccia-in-alluminio-400ml-lilo-stitch-17x65cm-400ml-gim-552-03229\/"},"modified":"2026-04-22T22:37:46","modified_gmt":"2026-04-22T20:37:46","slug":"borraccia-in-alluminio-400ml-lilo-stitch-17x65cm-400ml-gim-552-03229","status":"publish","type":"product","link":"https:\/\/gadgettravellers.eu\/it\/shop\/borraccia-in-alluminio-400ml-lilo-stitch-17x65cm-400ml-gim-552-03229\/","title":{"rendered":"Borraccia in Alluminio 400ml Lilo &#038; Stitch 17&#215;6,5cm 400ml Gim 552-03229"},"content":{"rendered":"<p>Alluminio, senza BPA, Lilo &#038; Stitch 17&#215;6,5cm 400ml<\/p>\n<div class='aiseo-faq-section' style='margin-top:30px; border-top:1px solid #eee; padding-top:20px;'>\n<h3>Domande Frequenti<\/h3>\n<details style='margin-bottom:10px; padding:10px; background:#f9f9f9; border-radius:5px;'>\n<summary style='font-weight:bold; cursor:pointer;'>Di che materiale \u00e8 fatto il borraccia?<\/summary>\n<div style='margin-top:10px; color:#555;'>La borraccia \u00e8 in alluminio ed \u00e8 priva di BPA.<\/div>\n<\/details>\n<details style='margin-bottom:10px; padding:10px; background:#f9f9f9; border-radius:5px;'>\n<summary style='font-weight:bold; cursor:pointer;'>Qual \u00e8 la capacit\u00e0 e quali sono le dimensioni?<\/summary>\n<div style='margin-top:10px; color:#555;'>Capacit\u00e0 400ml, dimensioni circa 17&#215;6,5cm.<\/div>\n<\/details>\n<details style='margin-bottom:10px; padding:10px; background:#f9f9f9; border-radius:5px;'>\n<summary style='font-weight:bold; cursor:pointer;'>\u00c8 adatto ai bambini?<\/summary>\n<div style='margin-top:10px; color:#555;'>S\u00ec, \u00e8 ideale per bambini e per l&#8217;uso portatile quotidiano.<\/div>\n<\/details>\n<details style='margin-bottom:10px; padding:10px; background:#f9f9f9; border-radius:5px;'>\n<summary style='font-weight:bold; cursor:pointer;'>\u00c8 riutilizzabile e resistente?<\/summary>\n<div style='margin-top:10px; color:#555;'>S\u00ec, \u00e8 leggero, resistente e riutilizzabile.<\/div>\n<\/details>\n<\/div>\n","protected":false},"excerpt":{"rendered":"<p>Alluminio, senza BPA, Lilo &#038; Stitch 17&#215;6,5cm 400ml Domande Frequenti Di che materiale \u00e8 fatto il borraccia? La borraccia \u00e8 in alluminio ed \u00e8 priva di BPA. Qual \u00e8 la capacit\u00e0 e quali sono le dimensioni? Capacit\u00e0 400ml, dimensioni circa 17&#215;6,5cm. \u00c8 adatto ai bambini? S\u00ec, \u00e8 ideale per bambini e per l&#8217;uso portatile quotidiano. [&hellip;]<\/p>\n","protected":false},"featured_media":5028010,"comment_status":"closed","ping_status":"open","template":"","meta":[],"product_brand":[],"product_cat":[],"product_tag":[15],"class_list":{"0":"post-5315075","1":"product","2":"type-product","3":"status-publish","4":"has-post-thumbnail","6":"product_tag-uncategorized","8":"first","9":"onbackorder","10":"purchasable","11":"product-type-simple"},"jetpack_sharing_enabled":true,"_links":{"self":[{"href":"https:\/\/gadgettravellers.eu\/it\/wp-json\/wp\/v2\/product\/5315075","targetHints":{"allow":["GET"]}}],"collection":[{"href":"https:\/\/gadgettravellers.eu\/it\/wp-json\/wp\/v2\/product"}],"about":[{"href":"https:\/\/gadgettravellers.eu\/it\/wp-json\/wp\/v2\/types\/product"}],"replies":[{"embeddable":true,"href":"https:\/\/gadgettravellers.eu\/it\/wp-json\/wp\/v2\/comments?post=5315075"}],"wp:featuredmedia":[{"embeddable":true,"href":"https:\/\/gadgettravellers.eu\/it\/wp-json\/wp\/v2\/media\/5028010"}],"wp:attachment":[{"href":"https:\/\/gadgettravellers.eu\/it\/wp-json\/wp\/v2\/media?parent=5315075"}],"wp:term":[{"taxonomy":"product_brand","embeddable":true,"href":"https:\/\/gadgettravellers.eu\/it\/wp-json\/wp\/v2\/product_brand?post=5315075"},{"taxonomy":"product_cat","embeddable":true,"href":"https:\/\/gadgettravellers.eu\/it\/wp-json\/wp\/v2\/product_cat?post=5315075"},{"taxonomy":"product_tag","embeddable":true,"href":"https:\/\/gadgettravellers.eu\/it\/wp-json\/wp\/v2\/product_tag?post=5315075"}],"curies":[{"name":"wp","href":"https:\/\/api.w.org\/{rel}","templated":true}]}}