{"id":5315076,"date":"2026-01-19T14:20:29","date_gmt":"2026-01-19T12:20:29","guid":{"rendered":"https:\/\/gadgettravellers.eu\/shop\/borraccia-in-plastica-pp-350ml-lilo-stitch-185x65cm-350ml-gim-552-03235\/"},"modified":"2026-04-22T22:37:46","modified_gmt":"2026-04-22T20:37:46","slug":"borraccia-in-plastica-pp-350ml-lilo-stitch-185x65cm-350ml-gim-552-03235","status":"publish","type":"product","link":"https:\/\/gadgettravellers.eu\/it\/shop\/borraccia-in-plastica-pp-350ml-lilo-stitch-185x65cm-350ml-gim-552-03235\/","title":{"rendered":"Borraccia in plastica pp, 350ml Lilo &#038; Stitch 18,5&#215;6,5cm  350ml Gim 552-03235"},"content":{"rendered":"<p>Plastica pp, senza bpa, Lilo &#038; stitch 18,5&#215;6,5cm 350ml<\/p>\n<div class='aiseo-faq-section' style='margin-top:30px; border-top:1px solid #eee; padding-top:20px;'>\n<h3>Domande Frequenti<\/h3>\n<details style='margin-bottom:10px; padding:10px; background:#f9f9f9; border-radius:5px;'>\n<summary style='font-weight:bold; cursor:pointer;'>Di che materiale \u00e8 fatto il borraccia?<\/summary>\n<div style='margin-top:10px; color:#555;'>Realizzato in plastica PP secondo la descrizione.<\/div>\n<\/details>\n<details style='margin-bottom:10px; padding:10px; background:#f9f9f9; border-radius:5px;'>\n<summary style='font-weight:bold; cursor:pointer;'>\u00c8 sicuro per i bambini? Contiene BPA?<\/summary>\n<div style='margin-top:10px; color:#555;'>S\u00ec, \u00e8 senza BPA (bpa free) e adatto ai bambini.<\/div>\n<\/details>\n<details style='margin-bottom:10px; padding:10px; background:#f9f9f9; border-radius:5px;'>\n<summary style='font-weight:bold; cursor:pointer;'>Qual \u00e8 la capacit\u00e0 e quali sono le dimensioni?<\/summary>\n<div style='margin-top:10px; color:#555;'>Capacit\u00e0 350ml, dimensioni 18,5 x 6,5 cm.<\/div>\n<\/details>\n<details style='margin-bottom:10px; padding:10px; background:#f9f9f9; border-radius:5px;'>\n<summary style='font-weight:bold; cursor:pointer;'>\u00c8 riutilizzabile e facile da trasportare?<\/summary>\n<div style='margin-top:10px; color:#555;'>S\u00ec, \u00e8 riutilizzabile, leggero e facile da trasportare.<\/div>\n<\/details>\n<\/div>\n","protected":false},"excerpt":{"rendered":"<p>Plastica pp, senza bpa, Lilo &#038; stitch 18,5&#215;6,5cm 350ml Domande Frequenti Di che materiale \u00e8 fatto il borraccia? Realizzato in plastica PP secondo la descrizione. \u00c8 sicuro per i bambini? Contiene BPA? S\u00ec, \u00e8 senza BPA (bpa free) e adatto ai bambini. Qual \u00e8 la capacit\u00e0 e quali sono le dimensioni? Capacit\u00e0 350ml, dimensioni 18,5 [&hellip;]<\/p>\n","protected":false},"featured_media":5028014,"comment_status":"closed","ping_status":"open","template":"","meta":[],"product_brand":[],"product_cat":[],"product_tag":[15],"class_list":{"0":"post-5315076","1":"product","2":"type-product","3":"status-publish","4":"has-post-thumbnail","6":"product_tag-uncategorized","8":"first","9":"onbackorder","10":"purchasable","11":"product-type-simple"},"jetpack_sharing_enabled":true,"_links":{"self":[{"href":"https:\/\/gadgettravellers.eu\/it\/wp-json\/wp\/v2\/product\/5315076","targetHints":{"allow":["GET"]}}],"collection":[{"href":"https:\/\/gadgettravellers.eu\/it\/wp-json\/wp\/v2\/product"}],"about":[{"href":"https:\/\/gadgettravellers.eu\/it\/wp-json\/wp\/v2\/types\/product"}],"replies":[{"embeddable":true,"href":"https:\/\/gadgettravellers.eu\/it\/wp-json\/wp\/v2\/comments?post=5315076"}],"wp:featuredmedia":[{"embeddable":true,"href":"https:\/\/gadgettravellers.eu\/it\/wp-json\/wp\/v2\/media\/5028014"}],"wp:attachment":[{"href":"https:\/\/gadgettravellers.eu\/it\/wp-json\/wp\/v2\/media?parent=5315076"}],"wp:term":[{"taxonomy":"product_brand","embeddable":true,"href":"https:\/\/gadgettravellers.eu\/it\/wp-json\/wp\/v2\/product_brand?post=5315076"},{"taxonomy":"product_cat","embeddable":true,"href":"https:\/\/gadgettravellers.eu\/it\/wp-json\/wp\/v2\/product_cat?post=5315076"},{"taxonomy":"product_tag","embeddable":true,"href":"https:\/\/gadgettravellers.eu\/it\/wp-json\/wp\/v2\/product_tag?post=5315076"}],"curies":[{"name":"wp","href":"https:\/\/api.w.org\/{rel}","templated":true}]}}