{"id":5315077,"date":"2026-01-19T14:20:30","date_gmt":"2026-01-19T12:20:30","guid":{"rendered":"https:\/\/gadgettravellers.eu\/shop\/borraccia-in-plastica-pp-500ml-lilo-stitch-19x8cm-500ml-gim-552-03209\/"},"modified":"2026-04-22T22:37:47","modified_gmt":"2026-04-22T20:37:47","slug":"borraccia-in-plastica-pp-500ml-lilo-stitch-19x8cm-500ml-gim-552-03209","status":"publish","type":"product","link":"https:\/\/gadgettravellers.eu\/it\/shop\/borraccia-in-plastica-pp-500ml-lilo-stitch-19x8cm-500ml-gim-552-03209\/","title":{"rendered":"Borraccia in plastica pp 500ml Lilo &#038; Stitch 19x8cm 500ml Gim 552-03209"},"content":{"rendered":"<p>Plastica pp con cannuccia, bpa free &#038; cordino di trasporto, Lilo &#038; Stitch 19x8cm 500ml<\/p>\n<div class='aiseo-faq-section' style='margin-top:30px; border-top:1px solid #eee; padding-top:20px;'>\n<h3>Domande Frequenti<\/h3>\n<details style='margin-bottom:10px; padding:10px; background:#f9f9f9; border-radius:5px;'>\n<summary style='font-weight:bold; cursor:pointer;'>Di quale materiale \u00e8 fatto il borraccia?<\/summary>\n<div style='margin-top:10px; color:#555;'>\u00c8 realizzato in plastica PP (polipropilene), come indicato nella descrizione.<\/div>\n<\/details>\n<details style='margin-bottom:10px; padding:10px; background:#f9f9f9; border-radius:5px;'>\n<summary style='font-weight:bold; cursor:pointer;'>Qual \u00e8 il volume e quali sono le dimensioni?<\/summary>\n<div style='margin-top:10px; color:#555;'>Capacit\u00e0 500 ml e dimensioni circa 19&#215;8 cm.<\/div>\n<\/details>\n<details style='margin-bottom:10px; padding:10px; background:#f9f9f9; border-radius:5px;'>\n<summary style='font-weight:bold; cursor:pointer;'>Ha una cannuccia e un cordino per il trasporto?<\/summary>\n<div style='margin-top:10px; color:#555;'>S\u00ec, ha una cannuccia incorporata e un cordino per un facile trasporto.<\/div>\n<\/details>\n<details style='margin-bottom:10px; padding:10px; background:#f9f9f9; border-radius:5px;'>\n<summary style='font-weight:bold; cursor:pointer;'>La borraccia \u00e8 sicura da usare?<\/summary>\n<div style='margin-top:10px; color:#555;'>S\u00ec, \u00e8 privo di BPA secondo la descrizione, adatto per l&#8217;uso quotidiano.<\/div>\n<\/details>\n<\/div>\n","protected":false},"excerpt":{"rendered":"<p>Plastica pp con cannuccia, bpa free &#038; cordino di trasporto, Lilo &#038; Stitch 19x8cm 500ml Domande Frequenti Di quale materiale \u00e8 fatto il borraccia? \u00c8 realizzato in plastica PP (polipropilene), come indicato nella descrizione. Qual \u00e8 il volume e quali sono le dimensioni? Capacit\u00e0 500 ml e dimensioni circa 19&#215;8 cm. Ha una cannuccia e [&hellip;]<\/p>\n","protected":false},"featured_media":5028018,"comment_status":"closed","ping_status":"open","template":"","meta":[],"product_brand":[],"product_cat":[],"product_tag":[15],"class_list":{"0":"post-5315077","1":"product","2":"type-product","3":"status-publish","4":"has-post-thumbnail","6":"product_tag-uncategorized","8":"first","9":"onbackorder","10":"purchasable","11":"product-type-simple"},"jetpack_sharing_enabled":true,"_links":{"self":[{"href":"https:\/\/gadgettravellers.eu\/it\/wp-json\/wp\/v2\/product\/5315077","targetHints":{"allow":["GET"]}}],"collection":[{"href":"https:\/\/gadgettravellers.eu\/it\/wp-json\/wp\/v2\/product"}],"about":[{"href":"https:\/\/gadgettravellers.eu\/it\/wp-json\/wp\/v2\/types\/product"}],"replies":[{"embeddable":true,"href":"https:\/\/gadgettravellers.eu\/it\/wp-json\/wp\/v2\/comments?post=5315077"}],"wp:featuredmedia":[{"embeddable":true,"href":"https:\/\/gadgettravellers.eu\/it\/wp-json\/wp\/v2\/media\/5028018"}],"wp:attachment":[{"href":"https:\/\/gadgettravellers.eu\/it\/wp-json\/wp\/v2\/media?parent=5315077"}],"wp:term":[{"taxonomy":"product_brand","embeddable":true,"href":"https:\/\/gadgettravellers.eu\/it\/wp-json\/wp\/v2\/product_brand?post=5315077"},{"taxonomy":"product_cat","embeddable":true,"href":"https:\/\/gadgettravellers.eu\/it\/wp-json\/wp\/v2\/product_cat?post=5315077"},{"taxonomy":"product_tag","embeddable":true,"href":"https:\/\/gadgettravellers.eu\/it\/wp-json\/wp\/v2\/product_tag?post=5315077"}],"curies":[{"name":"wp","href":"https:\/\/api.w.org\/{rel}","templated":true}]}}