{"id":5315084,"date":"2026-01-19T14:20:34","date_gmt":"2026-01-19T12:20:34","guid":{"rendered":"https:\/\/gadgettravellers.eu\/shop\/contenitore-per-alimenti-in-plastica-pp-900ml-panda-fisher-price-175x7x13cm-900ml-gim-571-68265\/"},"modified":"2026-04-22T22:37:50","modified_gmt":"2026-04-22T20:37:50","slug":"contenitore-per-alimenti-in-plastica-pp-900ml-panda-fisher-price-175x7x13cm-900ml-gim-571-68265","status":"publish","type":"product","link":"https:\/\/gadgettravellers.eu\/it\/shop\/contenitore-per-alimenti-in-plastica-pp-900ml-panda-fisher-price-175x7x13cm-900ml-gim-571-68265\/","title":{"rendered":"Contenitore per alimenti in plastica pp 900ml Panda Fisher Price 17,5x7x13cm 900ml Gim 571-68265"},"content":{"rendered":"<p>Plastica pp, senza bpa, ermetico, adatto per microonde Panda fisher price 17,5x7x13cm 900ml<\/p>\n<div class='aiseo-faq-section' style='margin-top:30px; border-top:1px solid #eee; padding-top:20px;'>\n<h3>Domande Frequenti<\/h3>\n<details style='margin-bottom:10px; padding:10px; background:#f9f9f9; border-radius:5px;'>\n<summary style='font-weight:bold; cursor:pointer;'>Di che materiale \u00e8 fatto il contenitore?<\/summary>\n<div style='margin-top:10px; color:#555;'>\u00c8 realizzato in plastica PP (polipropilene).<\/div>\n<\/details>\n<details style='margin-bottom:10px; padding:10px; background:#f9f9f9; border-radius:5px;'>\n<summary style='font-weight:bold; cursor:pointer;'>\u00c8 sicuro per gli alimenti (senza BPA)?<\/summary>\n<div style='margin-top:10px; color:#555;'>S\u00ec, \u00e8 privo di BPA e adatto al contatto con gli alimenti.<\/div>\n<\/details>\n<details style='margin-bottom:10px; padding:10px; background:#f9f9f9; border-radius:5px;'>\n<summary style='font-weight:bold; cursor:pointer;'>\u00c8 ermetico?<\/summary>\n<div style='margin-top:10px; color:#555;'>S\u00ec, dispone di una chiusura ermetica per una conservazione sicura.<\/div>\n<\/details>\n<details style='margin-bottom:10px; padding:10px; background:#f9f9f9; border-radius:5px;'>\n<summary style='font-weight:bold; cursor:pointer;'>Pu\u00f2 essere utilizzato nel forno a microonde?<\/summary>\n<div style='margin-top:10px; color:#555;'>S\u00ec, il contenitore \u00e8 adatto per l&#8217;uso nel microonde.<\/div>\n<\/details>\n<details style='margin-bottom:10px; padding:10px; background:#f9f9f9; border-radius:5px;'>\n<summary style='font-weight:bold; cursor:pointer;'>Qual \u00e8 la capacit\u00e0 e le dimensioni?<\/summary>\n<div style='margin-top:10px; color:#555;'>Capacit\u00e0 900 ml e dimensioni circa 17,5 x 7 x 13 cm.<\/div>\n<\/details>\n<\/div>\n","protected":false},"excerpt":{"rendered":"<p>Plastica pp, senza bpa, ermetico, adatto per microonde Panda fisher price 17,5x7x13cm 900ml Domande Frequenti Di che materiale \u00e8 fatto il contenitore? \u00c8 realizzato in plastica PP (polipropilene). \u00c8 sicuro per gli alimenti (senza BPA)? S\u00ec, \u00e8 privo di BPA e adatto al contatto con gli alimenti. \u00c8 ermetico? S\u00ec, dispone di una chiusura ermetica [&hellip;]<\/p>\n","protected":false},"featured_media":5028038,"comment_status":"closed","ping_status":"open","template":"","meta":[],"product_brand":[],"product_cat":[],"product_tag":[15],"class_list":{"0":"post-5315084","1":"product","2":"type-product","3":"status-publish","4":"has-post-thumbnail","6":"product_tag-uncategorized","8":"first","9":"onbackorder","10":"purchasable","11":"product-type-simple"},"jetpack_sharing_enabled":true,"_links":{"self":[{"href":"https:\/\/gadgettravellers.eu\/it\/wp-json\/wp\/v2\/product\/5315084","targetHints":{"allow":["GET"]}}],"collection":[{"href":"https:\/\/gadgettravellers.eu\/it\/wp-json\/wp\/v2\/product"}],"about":[{"href":"https:\/\/gadgettravellers.eu\/it\/wp-json\/wp\/v2\/types\/product"}],"replies":[{"embeddable":true,"href":"https:\/\/gadgettravellers.eu\/it\/wp-json\/wp\/v2\/comments?post=5315084"}],"wp:featuredmedia":[{"embeddable":true,"href":"https:\/\/gadgettravellers.eu\/it\/wp-json\/wp\/v2\/media\/5028038"}],"wp:attachment":[{"href":"https:\/\/gadgettravellers.eu\/it\/wp-json\/wp\/v2\/media?parent=5315084"}],"wp:term":[{"taxonomy":"product_brand","embeddable":true,"href":"https:\/\/gadgettravellers.eu\/it\/wp-json\/wp\/v2\/product_brand?post=5315084"},{"taxonomy":"product_cat","embeddable":true,"href":"https:\/\/gadgettravellers.eu\/it\/wp-json\/wp\/v2\/product_cat?post=5315084"},{"taxonomy":"product_tag","embeddable":true,"href":"https:\/\/gadgettravellers.eu\/it\/wp-json\/wp\/v2\/product_tag?post=5315084"}],"curies":[{"name":"wp","href":"https:\/\/api.w.org\/{rel}","templated":true}]}}