{"id":5315099,"date":"2026-01-19T14:20:45","date_gmt":"2026-01-19T12:20:45","guid":{"rendered":"https:\/\/gadgettravellers.eu\/shop\/set-2-pz-stitch-contenitore-per-alimenti-800ml-bottiglia-500ml-contenitore-per-alimenti-800ml-bottiglia-con-cannuccia-500ml-stitch-00056109\/"},"modified":"2026-04-22T22:37:57","modified_gmt":"2026-04-22T20:37:57","slug":"set-2-pz-stitch-contenitore-per-alimenti-800ml-bottiglia-500ml-contenitore-per-alimenti-800ml-bottiglia-con-cannuccia-500ml-stitch-00056109","status":"publish","type":"product","link":"https:\/\/gadgettravellers.eu\/it\/shop\/set-2-pz-stitch-contenitore-per-alimenti-800ml-bottiglia-500ml-contenitore-per-alimenti-800ml-bottiglia-con-cannuccia-500ml-stitch-00056109\/","title":{"rendered":"Set 2 pz Stitch Contenitore per alimenti 800ml &#038; Bottiglia 500ml Contenitore per alimenti 800ml, Bottiglia con cannuccia 500ml Stitch 00056109"},"content":{"rendered":"<p>Set 2 pz stitch Contenitore per alimenti 800ml, borraccia con cannuccia 500ml<\/p>\n<div class='aiseo-faq-section' style='margin-top:30px; border-top:1px solid #eee; padding-top:20px;'>\n<h3>Domande Frequenti<\/h3>\n<details style='margin-bottom:10px; padding:10px; background:#f9f9f9; border-radius:5px;'>\n<summary style='font-weight:bold; cursor:pointer;'>Cosa include il set?<\/summary>\n<div style='margin-top:10px; color:#555;'>Il set include un contenitore per alimenti da 800 ml e una borraccia da 500 ml con cannuccia.<\/div>\n<\/details>\n<details style='margin-bottom:10px; padding:10px; background:#f9f9f9; border-radius:5px;'>\n<summary style='font-weight:bold; cursor:pointer;'>Qual \u00e8 la capacit\u00e0 di ogni pezzo?<\/summary>\n<div style='margin-top:10px; color:#555;'>Il contenitore per il cibo ha una capacit\u00e0 di 800ml e la borraccia 500ml.<\/div>\n<\/details>\n<details style='margin-bottom:10px; padding:10px; background:#f9f9f9; border-radius:5px;'>\n<summary style='font-weight:bold; cursor:pointer;'>\u00c8 adatto per la scuola?<\/summary>\n<div style='margin-top:10px; color:#555;'>S\u00ec, il set \u00e8 ideale per la scuola e i trasporti quotidiani.<\/div>\n<\/details>\n<details style='margin-bottom:10px; padding:10px; background:#f9f9f9; border-radius:5px;'>\n<summary style='font-weight:bold; cursor:pointer;'>La borraccia ha una cannuccia?<\/summary>\n<div style='margin-top:10px; color:#555;'>S\u00ec, la borraccia include una cannuccia integrata per un facile consumo.<\/div>\n<\/details>\n<\/div>\n","protected":false},"excerpt":{"rendered":"<p>Set 2 pz stitch Contenitore per alimenti 800ml, borraccia con cannuccia 500ml Domande Frequenti Cosa include il set? Il set include un contenitore per alimenti da 800 ml e una borraccia da 500 ml con cannuccia. Qual \u00e8 la capacit\u00e0 di ogni pezzo? Il contenitore per il cibo ha una capacit\u00e0 di 800ml e la [&hellip;]<\/p>\n","protected":false},"featured_media":5028193,"comment_status":"closed","ping_status":"open","template":"","meta":[],"product_brand":[],"product_cat":[],"product_tag":[15],"class_list":{"0":"post-5315099","1":"product","2":"type-product","3":"status-publish","4":"has-post-thumbnail","6":"product_tag-uncategorized","8":"first","9":"onbackorder","10":"purchasable","11":"product-type-simple"},"jetpack_sharing_enabled":true,"_links":{"self":[{"href":"https:\/\/gadgettravellers.eu\/it\/wp-json\/wp\/v2\/product\/5315099","targetHints":{"allow":["GET"]}}],"collection":[{"href":"https:\/\/gadgettravellers.eu\/it\/wp-json\/wp\/v2\/product"}],"about":[{"href":"https:\/\/gadgettravellers.eu\/it\/wp-json\/wp\/v2\/types\/product"}],"replies":[{"embeddable":true,"href":"https:\/\/gadgettravellers.eu\/it\/wp-json\/wp\/v2\/comments?post=5315099"}],"wp:featuredmedia":[{"embeddable":true,"href":"https:\/\/gadgettravellers.eu\/it\/wp-json\/wp\/v2\/media\/5028193"}],"wp:attachment":[{"href":"https:\/\/gadgettravellers.eu\/it\/wp-json\/wp\/v2\/media?parent=5315099"}],"wp:term":[{"taxonomy":"product_brand","embeddable":true,"href":"https:\/\/gadgettravellers.eu\/it\/wp-json\/wp\/v2\/product_brand?post=5315099"},{"taxonomy":"product_cat","embeddable":true,"href":"https:\/\/gadgettravellers.eu\/it\/wp-json\/wp\/v2\/product_cat?post=5315099"},{"taxonomy":"product_tag","embeddable":true,"href":"https:\/\/gadgettravellers.eu\/it\/wp-json\/wp\/v2\/product_tag?post=5315099"}],"curies":[{"name":"wp","href":"https:\/\/api.w.org\/{rel}","templated":true}]}}