{"id":5315100,"date":"2026-01-19T14:20:45","date_gmt":"2026-01-19T12:20:45","guid":{"rendered":"https:\/\/gadgettravellers.eu\/shop\/salvadanaio-metallico-stitch-11x8cm-stitch-8050054114644\/"},"modified":"2026-04-22T22:37:57","modified_gmt":"2026-04-22T20:37:57","slug":"salvadanaio-metallico-stitch-11x8cm-stitch-8050054114644","status":"publish","type":"product","link":"https:\/\/gadgettravellers.eu\/it\/shop\/salvadanaio-metallico-stitch-11x8cm-stitch-8050054114644\/","title":{"rendered":"Salvadanaio Metallico Stitch 11x8cm Stitch 8050054114644"},"content":{"rendered":"<p>Stitch, metallico 11x8cm<\/p>\n<div class='aiseo-faq-section' style='margin-top:30px; border-top:1px solid #eee; padding-top:20px;'>\n<h3>Domande Frequenti<\/h3>\n<details style='margin-bottom:10px; padding:10px; background:#f9f9f9; border-radius:5px;'>\n<summary style='font-weight:bold; cursor:pointer;'>Di che materiale \u00e8 il salvadanaio?<\/summary>\n<div style='margin-top:10px; color:#555;'>\u00c8 metallico, come indicato nella descrizione.<\/div>\n<\/details>\n<details style='margin-bottom:10px; padding:10px; background:#f9f9f9; border-radius:5px;'>\n<summary style='font-weight:bold; cursor:pointer;'>Quali sono le sue dimensioni?<\/summary>\n<div style='margin-top:10px; color:#555;'>Le dimensioni sono 11&#215;8 cm.<\/div>\n<\/details>\n<details style='margin-bottom:10px; padding:10px; background:#f9f9f9; border-radius:5px;'>\n<summary style='font-weight:bold; cursor:pointer;'>\u00c8 adatto per la conservazione delle monete?<\/summary>\n<div style='margin-top:10px; color:#555;'>S\u00ec, la descrizione breve indica che \u00e8 per la conservazione delle monete.<\/div>\n<\/details>\n<details style='margin-bottom:10px; padding:10px; background:#f9f9f9; border-radius:5px;'>\n<summary style='font-weight:bold; cursor:pointer;'>Pu\u00f2 essere regalato ai bambini?<\/summary>\n<div style='margin-top:10px; color:#555;'>S\u00ec, \u00e8 ideale come regalo per bambini e come piccolo dettaglio decorativo sulla scrivania.<\/div>\n<\/details>\n<\/div>\n","protected":false},"excerpt":{"rendered":"<p>Stitch, metallico 11x8cm Domande Frequenti Di che materiale \u00e8 il salvadanaio? \u00c8 metallico, come indicato nella descrizione. Quali sono le sue dimensioni? Le dimensioni sono 11&#215;8 cm. \u00c8 adatto per la conservazione delle monete? S\u00ec, la descrizione breve indica che \u00e8 per la conservazione delle monete. Pu\u00f2 essere regalato ai bambini? S\u00ec, \u00e8 ideale come [&hellip;]<\/p>\n","protected":false},"featured_media":5028201,"comment_status":"closed","ping_status":"open","template":"","meta":[],"product_brand":[],"product_cat":[],"product_tag":[15],"class_list":{"0":"post-5315100","1":"product","2":"type-product","3":"status-publish","4":"has-post-thumbnail","6":"product_tag-uncategorized","8":"first","9":"onbackorder","10":"purchasable","11":"product-type-simple"},"jetpack_sharing_enabled":true,"_links":{"self":[{"href":"https:\/\/gadgettravellers.eu\/it\/wp-json\/wp\/v2\/product\/5315100","targetHints":{"allow":["GET"]}}],"collection":[{"href":"https:\/\/gadgettravellers.eu\/it\/wp-json\/wp\/v2\/product"}],"about":[{"href":"https:\/\/gadgettravellers.eu\/it\/wp-json\/wp\/v2\/types\/product"}],"replies":[{"embeddable":true,"href":"https:\/\/gadgettravellers.eu\/it\/wp-json\/wp\/v2\/comments?post=5315100"}],"wp:featuredmedia":[{"embeddable":true,"href":"https:\/\/gadgettravellers.eu\/it\/wp-json\/wp\/v2\/media\/5028201"}],"wp:attachment":[{"href":"https:\/\/gadgettravellers.eu\/it\/wp-json\/wp\/v2\/media?parent=5315100"}],"wp:term":[{"taxonomy":"product_brand","embeddable":true,"href":"https:\/\/gadgettravellers.eu\/it\/wp-json\/wp\/v2\/product_brand?post=5315100"},{"taxonomy":"product_cat","embeddable":true,"href":"https:\/\/gadgettravellers.eu\/it\/wp-json\/wp\/v2\/product_cat?post=5315100"},{"taxonomy":"product_tag","embeddable":true,"href":"https:\/\/gadgettravellers.eu\/it\/wp-json\/wp\/v2\/product_tag?post=5315100"}],"curies":[{"name":"wp","href":"https:\/\/api.w.org\/{rel}","templated":true}]}}