{"id":5315102,"date":"2026-01-19T14:20:46","date_gmt":"2026-01-19T12:20:46","guid":{"rendered":"https:\/\/gadgettravellers.eu\/shop\/diario-con-lucchetto-stitch-10x15cm-stitch-8032780952905\/"},"modified":"2026-04-22T22:37:58","modified_gmt":"2026-04-22T20:37:58","slug":"diario-con-lucchetto-stitch-10x15cm-stitch-8032780952905","status":"publish","type":"product","link":"https:\/\/gadgettravellers.eu\/it\/shop\/diario-con-lucchetto-stitch-10x15cm-stitch-8032780952905\/","title":{"rendered":"Diario con Lucchetto Stitch 10x15cm Stitch 8032780952905"},"content":{"rendered":"<p>Stitch 10x15cm<\/p>\n<div class='aiseo-faq-section' style='margin-top:30px; border-top:1px solid #eee; padding-top:20px;'>\n<h3>Domande Frequenti<\/h3>\n<details style='margin-bottom:10px; padding:10px; background:#f9f9f9; border-radius:5px;'>\n<summary style='font-weight:bold; cursor:pointer;'>Quali sono le dimensioni del calendario?<\/summary>\n<div style='margin-top:10px; color:#555;'>Le dimensioni sono 10x15cm, adatto per uso portatile.<\/div>\n<\/details>\n<details style='margin-bottom:10px; padding:10px; background:#f9f9f9; border-radius:5px;'>\n<summary style='font-weight:bold; cursor:pointer;'>Ha una serratura per la protezione?<\/summary>\n<div style='margin-top:10px; color:#555;'>S\u00ec, ha una chiusura pratica che protegge le note personali.<\/div>\n<\/details>\n<details style='margin-bottom:10px; padding:10px; background:#f9f9f9; border-radius:5px;'>\n<summary style='font-weight:bold; cursor:pointer;'>Per quali usi \u00e8 adatto questo calendario?<\/summary>\n<div style='margin-top:10px; color:#555;'>Ideale per appunti quotidiani, registrazioni di viaggio e diario personale.<\/div>\n<\/details>\n<details style='margin-bottom:10px; padding:10px; background:#f9f9f9; border-radius:5px;'>\n<summary style='font-weight:bold; cursor:pointer;'>\u00c8 adatto per la scuola o per un viaggio?<\/summary>\n<div style='margin-top:10px; color:#555;'>S\u00ec, la dimensione compatta lo rende facile da trasportare nella borsa o nello zaino.<\/div>\n<\/details>\n<details style='margin-bottom:10px; padding:10px; background:#f9f9f9; border-radius:5px;'>\n<summary style='font-weight:bold; cursor:pointer;'>\u00c8 una buona scelta come regalo?<\/summary>\n<div style='margin-top:10px; color:#555;'>S\u00ec, ha un design carino ed \u00e8 ideale come regalo per bambini e adolescenti.<\/div>\n<\/details>\n<\/div>\n","protected":false},"excerpt":{"rendered":"<p>Stitch 10x15cm Domande Frequenti Quali sono le dimensioni del calendario? Le dimensioni sono 10x15cm, adatto per uso portatile. Ha una serratura per la protezione? S\u00ec, ha una chiusura pratica che protegge le note personali. Per quali usi \u00e8 adatto questo calendario? Ideale per appunti quotidiani, registrazioni di viaggio e diario personale. \u00c8 adatto per la [&hellip;]<\/p>\n","protected":false},"featured_media":5028209,"comment_status":"closed","ping_status":"open","template":"","meta":[],"product_brand":[],"product_cat":[],"product_tag":[15],"class_list":{"0":"post-5315102","1":"product","2":"type-product","3":"status-publish","4":"has-post-thumbnail","6":"product_tag-uncategorized","8":"first","9":"onbackorder","10":"purchasable","11":"product-type-simple"},"jetpack_sharing_enabled":true,"_links":{"self":[{"href":"https:\/\/gadgettravellers.eu\/it\/wp-json\/wp\/v2\/product\/5315102","targetHints":{"allow":["GET"]}}],"collection":[{"href":"https:\/\/gadgettravellers.eu\/it\/wp-json\/wp\/v2\/product"}],"about":[{"href":"https:\/\/gadgettravellers.eu\/it\/wp-json\/wp\/v2\/types\/product"}],"replies":[{"embeddable":true,"href":"https:\/\/gadgettravellers.eu\/it\/wp-json\/wp\/v2\/comments?post=5315102"}],"wp:featuredmedia":[{"embeddable":true,"href":"https:\/\/gadgettravellers.eu\/it\/wp-json\/wp\/v2\/media\/5028209"}],"wp:attachment":[{"href":"https:\/\/gadgettravellers.eu\/it\/wp-json\/wp\/v2\/media?parent=5315102"}],"wp:term":[{"taxonomy":"product_brand","embeddable":true,"href":"https:\/\/gadgettravellers.eu\/it\/wp-json\/wp\/v2\/product_brand?post=5315102"},{"taxonomy":"product_cat","embeddable":true,"href":"https:\/\/gadgettravellers.eu\/it\/wp-json\/wp\/v2\/product_cat?post=5315102"},{"taxonomy":"product_tag","embeddable":true,"href":"https:\/\/gadgettravellers.eu\/it\/wp-json\/wp\/v2\/product_tag?post=5315102"}],"curies":[{"name":"wp","href":"https:\/\/api.w.org\/{rel}","templated":true}]}}