{"id":5315104,"date":"2026-01-19T14:20:48","date_gmt":"2026-01-19T12:20:48","guid":{"rendered":"https:\/\/gadgettravellers.eu\/shop\/forbice-scolastica-13cm-justnote-70465\/"},"modified":"2026-04-22T22:37:59","modified_gmt":"2026-04-22T20:37:59","slug":"forbice-scolastica-13cm-justnote-70465","status":"publish","type":"product","link":"https:\/\/gadgettravellers.eu\/it\/shop\/forbice-scolastica-13cm-justnote-70465\/","title":{"rendered":"Forbice Scolastica 13cm JustNote 70465"},"content":{"rendered":"<p>(abbina) 13cm<\/p>\n<div class='aiseo-faq-section' style='margin-top:30px; border-top:1px solid #eee; padding-top:20px;'>\n<h3>Domande Frequenti<\/h3>\n<details style='margin-bottom:10px; padding:10px; background:#f9f9f9; border-radius:5px;'>\n<summary style='font-weight:bold; cursor:pointer;'>Per chi \u00e8 progettata questa forbice?<\/summary>\n<div style='margin-top:10px; color:#555;'>\u00c8 ideale per studenti e per l&#8217;uso in lavori manuali, adatto per l&#8217;uso quotidiano a scuola e a casa.<\/div>\n<\/details>\n<details style='margin-bottom:10px; padding:10px; background:#f9f9f9; border-radius:5px;'>\n<summary style='font-weight:bold; cursor:pointer;'>Qual \u00e8 la lunghezza delle forbici?<\/summary>\n<div style='margin-top:10px; color:#555;'>La lunghezza \u00e8 di 13 cm.<\/div>\n<\/details>\n<details style='margin-bottom:10px; padding:10px; background:#f9f9f9; border-radius:5px;'>\n<summary style='font-weight:bold; cursor:pointer;'>Di quali materiali \u00e8 composto?<\/summary>\n<div style='margin-top:10px; color:#555;'>Dispone di un&#8217;impugnatura ergonomica in plastica e di una robusta lama in metallo.<\/div>\n<\/details>\n<details style='margin-bottom:10px; padding:10px; background:#f9f9f9; border-radius:5px;'>\n<summary style='font-weight:bold; cursor:pointer;'>Pu\u00f2 tagliare cartone?<\/summary>\n<div style='margin-top:10px; color:#555;'>S\u00ec, la lama metallica taglia pulitamente carta e cartone.<\/div>\n<\/details>\n<\/div>\n","protected":false},"excerpt":{"rendered":"<p>(abbina) 13cm Domande Frequenti Per chi \u00e8 progettata questa forbice? \u00c8 ideale per studenti e per l&#8217;uso in lavori manuali, adatto per l&#8217;uso quotidiano a scuola e a casa. Qual \u00e8 la lunghezza delle forbici? La lunghezza \u00e8 di 13 cm. Di quali materiali \u00e8 composto? Dispone di un&#8217;impugnatura ergonomica in plastica e di una [&hellip;]<\/p>\n","protected":false},"featured_media":14499,"comment_status":"closed","ping_status":"open","template":"","meta":[],"product_brand":[],"product_cat":[],"product_tag":[15],"class_list":{"0":"post-5315104","1":"product","2":"type-product","3":"status-publish","4":"has-post-thumbnail","6":"product_tag-uncategorized","8":"first","9":"onbackorder","10":"purchasable","11":"product-type-simple"},"jetpack_sharing_enabled":true,"_links":{"self":[{"href":"https:\/\/gadgettravellers.eu\/it\/wp-json\/wp\/v2\/product\/5315104","targetHints":{"allow":["GET"]}}],"collection":[{"href":"https:\/\/gadgettravellers.eu\/it\/wp-json\/wp\/v2\/product"}],"about":[{"href":"https:\/\/gadgettravellers.eu\/it\/wp-json\/wp\/v2\/types\/product"}],"replies":[{"embeddable":true,"href":"https:\/\/gadgettravellers.eu\/it\/wp-json\/wp\/v2\/comments?post=5315104"}],"wp:featuredmedia":[{"embeddable":true,"href":"https:\/\/gadgettravellers.eu\/it\/wp-json\/wp\/v2\/media\/14499"}],"wp:attachment":[{"href":"https:\/\/gadgettravellers.eu\/it\/wp-json\/wp\/v2\/media?parent=5315104"}],"wp:term":[{"taxonomy":"product_brand","embeddable":true,"href":"https:\/\/gadgettravellers.eu\/it\/wp-json\/wp\/v2\/product_brand?post=5315104"},{"taxonomy":"product_cat","embeddable":true,"href":"https:\/\/gadgettravellers.eu\/it\/wp-json\/wp\/v2\/product_cat?post=5315104"},{"taxonomy":"product_tag","embeddable":true,"href":"https:\/\/gadgettravellers.eu\/it\/wp-json\/wp\/v2\/product_tag?post=5315104"}],"curies":[{"name":"wp","href":"https:\/\/api.w.org\/{rel}","templated":true}]}}