{"id":5315120,"date":"2026-01-19T14:21:00","date_gmt":"2026-01-19T12:21:00","guid":{"rendered":"https:\/\/gadgettravellers.eu\/shop\/raschietto-metallico-semplice-justnote-70696\/"},"modified":"2026-04-22T22:38:06","modified_gmt":"2026-04-22T20:38:06","slug":"raschietto-metallico-semplice-justnote-70696","status":"publish","type":"product","link":"https:\/\/gadgettravellers.eu\/it\/shop\/raschietto-metallico-semplice-justnote-70696\/","title":{"rendered":"Raschietto Metallico Semplice JustNote 70696"},"content":{"rendered":"<p>Metallica<\/p>\n<div class='aiseo-faq-section' style='margin-top:30px; border-top:1px solid #eee; padding-top:20px;'>\n<h3>Domande Frequenti<\/h3>\n<details style='margin-bottom:10px; padding:10px; background:#f9f9f9; border-radius:5px;'>\n<summary style='font-weight:bold; cursor:pointer;'>Per quali tipi di matite \u00e8 adatta?<\/summary>\n<div style='margin-top:10px; color:#555;'>Adatta per matite comuni utilizzate a scuola e in ufficio.<\/div>\n<\/details>\n<details style='margin-bottom:10px; padding:10px; background:#f9f9f9; border-radius:5px;'>\n<summary style='font-weight:bold; cursor:pointer;'>Di che materiale \u00e8 fatta?<\/summary>\n<div style='margin-top:10px; color:#555;'>Ha una struttura metallica resistente.<\/div>\n<\/details>\n<details style='margin-bottom:10px; padding:10px; background:#f9f9f9; border-radius:5px;'>\n<summary style='font-weight:bold; cursor:pointer;'>\u00c8 portatile da mettere nella borsa?<\/summary>\n<div style='margin-top:10px; color:#555;'>S\u00ec, la dimensione compatta garantisce una facile portabilit\u00e0 per borsa o scrivania.<\/div>\n<\/details>\n<details style='margin-bottom:10px; padding:10px; background:#f9f9f9; border-radius:5px;'>\n<summary style='font-weight:bold; cursor:pointer;'>Richiede una manutenzione speciale?<\/summary>\n<div style='margin-top:10px; color:#555;'>No, \u00e8 facile da usare e da mantenere e si pulisce facilmente.<\/div>\n<\/details>\n<\/div>\n","protected":false},"excerpt":{"rendered":"<p>Metallica Domande Frequenti Per quali tipi di matite \u00e8 adatta? Adatta per matite comuni utilizzate a scuola e in ufficio. Di che materiale \u00e8 fatta? Ha una struttura metallica resistente. \u00c8 portatile da mettere nella borsa? S\u00ec, la dimensione compatta garantisce una facile portabilit\u00e0 per borsa o scrivania. Richiede una manutenzione speciale? No, \u00e8 facile [&hellip;]<\/p>\n","protected":false},"featured_media":14592,"comment_status":"closed","ping_status":"open","template":"","meta":[],"product_brand":[],"product_cat":[],"product_tag":[15],"class_list":{"0":"post-5315120","1":"product","2":"type-product","3":"status-publish","4":"has-post-thumbnail","6":"product_tag-uncategorized","8":"first","9":"onbackorder","10":"purchasable","11":"product-type-simple"},"jetpack_sharing_enabled":true,"_links":{"self":[{"href":"https:\/\/gadgettravellers.eu\/it\/wp-json\/wp\/v2\/product\/5315120","targetHints":{"allow":["GET"]}}],"collection":[{"href":"https:\/\/gadgettravellers.eu\/it\/wp-json\/wp\/v2\/product"}],"about":[{"href":"https:\/\/gadgettravellers.eu\/it\/wp-json\/wp\/v2\/types\/product"}],"replies":[{"embeddable":true,"href":"https:\/\/gadgettravellers.eu\/it\/wp-json\/wp\/v2\/comments?post=5315120"}],"wp:featuredmedia":[{"embeddable":true,"href":"https:\/\/gadgettravellers.eu\/it\/wp-json\/wp\/v2\/media\/14592"}],"wp:attachment":[{"href":"https:\/\/gadgettravellers.eu\/it\/wp-json\/wp\/v2\/media?parent=5315120"}],"wp:term":[{"taxonomy":"product_brand","embeddable":true,"href":"https:\/\/gadgettravellers.eu\/it\/wp-json\/wp\/v2\/product_brand?post=5315120"},{"taxonomy":"product_cat","embeddable":true,"href":"https:\/\/gadgettravellers.eu\/it\/wp-json\/wp\/v2\/product_cat?post=5315120"},{"taxonomy":"product_tag","embeddable":true,"href":"https:\/\/gadgettravellers.eu\/it\/wp-json\/wp\/v2\/product_tag?post=5315120"}],"curies":[{"name":"wp","href":"https:\/\/api.w.org\/{rel}","templated":true}]}}