{"id":5315123,"date":"2026-01-19T14:21:03","date_gmt":"2026-01-19T12:21:03","guid":{"rendered":"https:\/\/gadgettravellers.eu\/shop\/pasta-modellabile-secchio-set5-colori-500g-netti-justnote-70707\/"},"modified":"2026-04-22T22:38:07","modified_gmt":"2026-04-22T20:38:07","slug":"pasta-modellabile-secchio-set5-colori-500g-netti-justnote-70707","status":"publish","type":"product","link":"https:\/\/gadgettravellers.eu\/it\/shop\/pasta-modellabile-secchio-set5-colori-500g-netti-justnote-70707\/","title":{"rendered":"Pasta modellabile Secchio set=5 Colori 500g netti JustNote 70707"},"content":{"rendered":"<p>Set=5 colori 500g netto<\/p>\n<div class='aiseo-faq-section' style='margin-top:30px; border-top:1px solid #eee; padding-top:20px;'>\n<h3>Domande Frequenti<\/h3>\n<details style='margin-bottom:10px; padding:10px; background:#f9f9f9; border-radius:5px;'>\n<summary style='font-weight:bold; cursor:pointer;'>Questo set \u00e8 non tossico?<\/summary>\n<div style='margin-top:10px; color:#555;'>S\u00ec, il prodotto \u00e8 dichiarato non tossico e adatto ai bambini di et\u00e0 superiore ai 3 anni.<\/div>\n<\/details>\n<details style='margin-bottom:10px; padding:10px; background:#f9f9f9; border-radius:5px;'>\n<summary style='font-weight:bold; cursor:pointer;'>Quanti colori contiene il set?<\/summary>\n<div style='margin-top:10px; color:#555;'>Il set include 5 colori vivaci.<\/div>\n<\/details>\n<details style='margin-bottom:10px; padding:10px; background:#f9f9f9; border-radius:5px;'>\n<summary style='font-weight:bold; cursor:pointer;'>Qual \u00e8 il peso netto del prodotto?<\/summary>\n<div style='margin-top:10px; color:#555;'>Il peso netto totale \u00e8 di 500 g netti.<\/div>\n<\/details>\n<details style='margin-bottom:10px; padding:10px; background:#f9f9f9; border-radius:5px;'>\n<summary style='font-weight:bold; cursor:pointer;'>\u00c8 adatto per progetti scolastici e costruzioni?<\/summary>\n<div style='margin-top:10px; color:#555;'>S\u00ec, \u00e8 ideale per giochi creativi, costruzioni e progetti scolastici.<\/div>\n<\/details>\n<\/div>\n","protected":false},"excerpt":{"rendered":"<p>Set=5 colori 500g netto Domande Frequenti Questo set \u00e8 non tossico? S\u00ec, il prodotto \u00e8 dichiarato non tossico e adatto ai bambini di et\u00e0 superiore ai 3 anni. Quanti colori contiene il set? Il set include 5 colori vivaci. Qual \u00e8 il peso netto del prodotto? Il peso netto totale \u00e8 di 500 g netti. [&hellip;]<\/p>\n","protected":false},"featured_media":14594,"comment_status":"closed","ping_status":"open","template":"","meta":[],"product_brand":[],"product_cat":[],"product_tag":[15],"class_list":{"0":"post-5315123","1":"product","2":"type-product","3":"status-publish","4":"has-post-thumbnail","6":"product_tag-uncategorized","8":"first","9":"onbackorder","10":"purchasable","11":"product-type-simple"},"jetpack_sharing_enabled":true,"_links":{"self":[{"href":"https:\/\/gadgettravellers.eu\/it\/wp-json\/wp\/v2\/product\/5315123","targetHints":{"allow":["GET"]}}],"collection":[{"href":"https:\/\/gadgettravellers.eu\/it\/wp-json\/wp\/v2\/product"}],"about":[{"href":"https:\/\/gadgettravellers.eu\/it\/wp-json\/wp\/v2\/types\/product"}],"replies":[{"embeddable":true,"href":"https:\/\/gadgettravellers.eu\/it\/wp-json\/wp\/v2\/comments?post=5315123"}],"wp:featuredmedia":[{"embeddable":true,"href":"https:\/\/gadgettravellers.eu\/it\/wp-json\/wp\/v2\/media\/14594"}],"wp:attachment":[{"href":"https:\/\/gadgettravellers.eu\/it\/wp-json\/wp\/v2\/media?parent=5315123"}],"wp:term":[{"taxonomy":"product_brand","embeddable":true,"href":"https:\/\/gadgettravellers.eu\/it\/wp-json\/wp\/v2\/product_brand?post=5315123"},{"taxonomy":"product_cat","embeddable":true,"href":"https:\/\/gadgettravellers.eu\/it\/wp-json\/wp\/v2\/product_cat?post=5315123"},{"taxonomy":"product_tag","embeddable":true,"href":"https:\/\/gadgettravellers.eu\/it\/wp-json\/wp\/v2\/product_tag?post=5315123"}],"curies":[{"name":"wp","href":"https:\/\/api.w.org\/{rel}","templated":true}]}}