{"id":5315164,"date":"2026-01-19T14:21:39","date_gmt":"2026-01-19T12:21:39","guid":{"rendered":"https:\/\/gadgettravellers.eu\/shop\/adesivi-puffy-spiderman-22x10cm-spiderman-000500969\/"},"modified":"2026-04-22T22:38:26","modified_gmt":"2026-04-22T20:38:26","slug":"adesivi-puffy-spiderman-22x10cm-spiderman-000500969","status":"publish","type":"product","link":"https:\/\/gadgettravellers.eu\/it\/shop\/adesivi-puffy-spiderman-22x10cm-spiderman-000500969\/","title":{"rendered":"Adesivi Puffy Spiderman 22x10cm Spiderman 000500969"},"content":{"rendered":"<p>Spiderman 22x10cm<\/p>\n<div class='aiseo-faq-section' style='margin-top:30px; border-top:1px solid #eee; padding-top:20px;'>\n<h3>Domande Frequenti<\/h3>\n<details style='margin-bottom:10px; padding:10px; background:#f9f9f9; border-radius:5px;'>\n<summary style='font-weight:bold; cursor:pointer;'>Qual \u00e8 la dimensione dell&#8217;adesivo?<\/summary>\n<div style='margin-top:10px; color:#555;'>L&#8217;adesivo ha dimensioni 22&#215;10 cm.<\/div>\n<\/details>\n<details style='margin-bottom:10px; padding:10px; background:#f9f9f9; border-radius:5px;'>\n<summary style='font-weight:bold; cursor:pointer;'>Ha una texture in rilievo?<\/summary>\n<div style='margin-top:10px; color:#555;'>S\u00ec, ha una texture in rilievo soffice.<\/div>\n<\/details>\n<details style='margin-bottom:10px; padding:10px; background:#f9f9f9; border-radius:5px;'>\n<summary style='font-weight:bold; cursor:pointer;'>Ha una parte posteriore adesiva?<\/summary>\n<div style='margin-top:10px; color:#555;'>S\u00ec, ha un retro adesivo per una facile applicazione.<\/div>\n<\/details>\n<details style='margin-bottom:10px; padding:10px; background:#f9f9f9; border-radius:5px;'>\n<summary style='font-weight:bold; cursor:pointer;'>Per quale uso \u00e8 adatto?<\/summary>\n<div style='margin-top:10px; color:#555;'>\u00c8 ideale per decorare articoli scolastici, regali e lavori manuali.<\/div>\n<\/details>\n<\/div>\n","protected":false},"excerpt":{"rendered":"<p>Spiderman 22x10cm Domande Frequenti Qual \u00e8 la dimensione dell&#8217;adesivo? L&#8217;adesivo ha dimensioni 22&#215;10 cm. Ha una texture in rilievo? S\u00ec, ha una texture in rilievo soffice. Ha una parte posteriore adesiva? S\u00ec, ha un retro adesivo per una facile applicazione. Per quale uso \u00e8 adatto? \u00c8 ideale per decorare articoli scolastici, regali e lavori manuali.<\/p>\n","protected":false},"featured_media":14800,"comment_status":"closed","ping_status":"open","template":"","meta":[],"product_brand":[],"product_cat":[],"product_tag":[15],"class_list":{"0":"post-5315164","1":"product","2":"type-product","3":"status-publish","4":"has-post-thumbnail","6":"product_tag-uncategorized","8":"first","9":"onbackorder","10":"purchasable","11":"product-type-simple"},"jetpack_sharing_enabled":true,"_links":{"self":[{"href":"https:\/\/gadgettravellers.eu\/it\/wp-json\/wp\/v2\/product\/5315164","targetHints":{"allow":["GET"]}}],"collection":[{"href":"https:\/\/gadgettravellers.eu\/it\/wp-json\/wp\/v2\/product"}],"about":[{"href":"https:\/\/gadgettravellers.eu\/it\/wp-json\/wp\/v2\/types\/product"}],"replies":[{"embeddable":true,"href":"https:\/\/gadgettravellers.eu\/it\/wp-json\/wp\/v2\/comments?post=5315164"}],"wp:featuredmedia":[{"embeddable":true,"href":"https:\/\/gadgettravellers.eu\/it\/wp-json\/wp\/v2\/media\/14800"}],"wp:attachment":[{"href":"https:\/\/gadgettravellers.eu\/it\/wp-json\/wp\/v2\/media?parent=5315164"}],"wp:term":[{"taxonomy":"product_brand","embeddable":true,"href":"https:\/\/gadgettravellers.eu\/it\/wp-json\/wp\/v2\/product_brand?post=5315164"},{"taxonomy":"product_cat","embeddable":true,"href":"https:\/\/gadgettravellers.eu\/it\/wp-json\/wp\/v2\/product_cat?post=5315164"},{"taxonomy":"product_tag","embeddable":true,"href":"https:\/\/gadgettravellers.eu\/it\/wp-json\/wp\/v2\/product_tag?post=5315164"}],"curies":[{"name":"wp","href":"https:\/\/api.w.org\/{rel}","templated":true}]}}