{"id":5315177,"date":"2026-01-19T14:21:52","date_gmt":"2026-01-19T12:21:52","guid":{"rendered":"https:\/\/gadgettravellers.eu\/shop\/adesivi-puffy-lilo-stitch-22x10cm-stitch-000564612\/"},"modified":"2026-04-22T22:38:31","modified_gmt":"2026-04-22T20:38:31","slug":"adesivi-puffy-lilo-stitch-22x10cm-stitch-000564612","status":"publish","type":"product","link":"https:\/\/gadgettravellers.eu\/it\/shop\/adesivi-puffy-lilo-stitch-22x10cm-stitch-000564612\/","title":{"rendered":"Adesivi Puffy Lilo &#038; Stitch 22x10cm Stitch 000564612"},"content":{"rendered":"<p>Lilo &#038; stitch 22x10cm<\/p>\n<div class='aiseo-faq-section' style='margin-top:30px; border-top:1px solid #eee; padding-top:20px;'>\n<h3>Domande Frequenti<\/h3>\n<details style='margin-bottom:10px; padding:10px; background:#f9f9f9; border-radius:5px;'>\n<summary style='font-weight:bold; cursor:pointer;'>Qual \u00e8 la dimensione dell&#8217;adesivo?<\/summary>\n<div style='margin-top:10px; color:#555;'>L&#8217;adesivo ha una dimensione di 22&#215;10 cm.<\/div>\n<\/details>\n<details style='margin-bottom:10px; padding:10px; background:#f9f9f9; border-radius:5px;'>\n<summary style='font-weight:bold; cursor:pointer;'>Su quali superfici pu\u00f2 essere utilizzato?<\/summary>\n<div style='margin-top:10px; color:#555;'>Pu\u00f2 essere attaccato a superfici come quaderni, astucci e regali.<\/div>\n<\/details>\n<details style='margin-bottom:10px; padding:10px; background:#f9f9f9; border-radius:5px;'>\n<summary style='font-weight:bold; cursor:pointer;'>\u00c8 adatto ai bambini?<\/summary>\n<div style='margin-top:10px; color:#555;'>S\u00ec, l&#8217;adesivo \u00e8 adatto ai bambini.<\/div>\n<\/details>\n<details style='margin-bottom:10px; padding:10px; background:#f9f9f9; border-radius:5px;'>\n<summary style='font-weight:bold; cursor:pointer;'>Per quali usi \u00e8 consigliato l&#8217;adesivo?<\/summary>\n<div style='margin-top:10px; color:#555;'>\u00c8 consigliato per decorazioni, scrapbooking e regali.<\/div>\n<\/details>\n<\/div>\n","protected":false},"excerpt":{"rendered":"<p>Lilo &#038; stitch 22x10cm Domande Frequenti Qual \u00e8 la dimensione dell&#8217;adesivo? L&#8217;adesivo ha una dimensione di 22&#215;10 cm. Su quali superfici pu\u00f2 essere utilizzato? Pu\u00f2 essere attaccato a superfici come quaderni, astucci e regali. \u00c8 adatto ai bambini? S\u00ec, l&#8217;adesivo \u00e8 adatto ai bambini. Per quali usi \u00e8 consigliato l&#8217;adesivo? \u00c8 consigliato per decorazioni, scrapbooking [&hellip;]<\/p>\n","protected":false},"featured_media":5028260,"comment_status":"closed","ping_status":"open","template":"","meta":[],"product_brand":[],"product_cat":[],"product_tag":[15],"class_list":{"0":"post-5315177","1":"product","2":"type-product","3":"status-publish","4":"has-post-thumbnail","6":"product_tag-uncategorized","8":"first","9":"onbackorder","10":"purchasable","11":"product-type-simple"},"jetpack_sharing_enabled":true,"_links":{"self":[{"href":"https:\/\/gadgettravellers.eu\/it\/wp-json\/wp\/v2\/product\/5315177","targetHints":{"allow":["GET"]}}],"collection":[{"href":"https:\/\/gadgettravellers.eu\/it\/wp-json\/wp\/v2\/product"}],"about":[{"href":"https:\/\/gadgettravellers.eu\/it\/wp-json\/wp\/v2\/types\/product"}],"replies":[{"embeddable":true,"href":"https:\/\/gadgettravellers.eu\/it\/wp-json\/wp\/v2\/comments?post=5315177"}],"wp:featuredmedia":[{"embeddable":true,"href":"https:\/\/gadgettravellers.eu\/it\/wp-json\/wp\/v2\/media\/5028260"}],"wp:attachment":[{"href":"https:\/\/gadgettravellers.eu\/it\/wp-json\/wp\/v2\/media?parent=5315177"}],"wp:term":[{"taxonomy":"product_brand","embeddable":true,"href":"https:\/\/gadgettravellers.eu\/it\/wp-json\/wp\/v2\/product_brand?post=5315177"},{"taxonomy":"product_cat","embeddable":true,"href":"https:\/\/gadgettravellers.eu\/it\/wp-json\/wp\/v2\/product_cat?post=5315177"},{"taxonomy":"product_tag","embeddable":true,"href":"https:\/\/gadgettravellers.eu\/it\/wp-json\/wp\/v2\/product_tag?post=5315177"}],"curies":[{"name":"wp","href":"https:\/\/api.w.org\/{rel}","templated":true}]}}