{"id":5315198,"date":"2026-01-19T14:22:12","date_gmt":"2026-01-19T12:22:12","guid":{"rendered":"https:\/\/gadgettravellers.eu\/shop\/set-di-pastelli-a-cera12-colori-justnote-80307\/"},"modified":"2026-04-22T22:38:39","modified_gmt":"2026-04-22T20:38:39","slug":"set-di-pastelli-a-cera12-colori-justnote-80307","status":"publish","type":"product","link":"https:\/\/gadgettravellers.eu\/it\/shop\/set-di-pastelli-a-cera12-colori-justnote-80307\/","title":{"rendered":"Set di pastelli a cera=12 colori JustNote 80307"},"content":{"rendered":"<p>Set=12 colori pastelli a cera<\/p>\n<div class='aiseo-faq-section' style='margin-top:30px; border-top:1px solid #eee; padding-top:20px;'>\n<h3>Domande Frequenti<\/h3>\n<details style='margin-bottom:10px; padding:10px; background:#f9f9f9; border-radius:5px;'>\n<summary style='font-weight:bold; cursor:pointer;'>Quanti colori include il set?<\/summary>\n<div style='margin-top:10px; color:#555;'>Il set include 12 pastelli a cera.<\/div>\n<\/details>\n<details style='margin-bottom:10px; padding:10px; background:#f9f9f9; border-radius:5px;'>\n<summary style='font-weight:bold; cursor:pointer;'>Per quali usi \u00e8 adatto?<\/summary>\n<div style='margin-top:10px; color:#555;'>Per pittura, colorazione, attivit\u00e0 scolastiche e progetti creativi.<\/div>\n<\/details>\n<details style='margin-bottom:10px; padding:10px; background:#f9f9f9; border-radius:5px;'>\n<summary style='font-weight:bold; cursor:pointer;'>Il pacchetto \u00e8 portatile?<\/summary>\n<div style='margin-top:10px; color:#555;'>S\u00ec, viene in un pacchetto portatile che \u00e8 facile da usare.<\/div>\n<\/details>\n<details style='margin-bottom:10px; padding:10px; background:#f9f9f9; border-radius:5px;'>\n<summary style='font-weight:bold; cursor:pointer;'>\u00c8 destinato all&#8217;uso scolastico?<\/summary>\n<div style='margin-top:10px; color:#555;'>S\u00ec, \u00e8 adatto per attivit\u00e0 scolastiche e lavori artistici.<\/div>\n<\/details>\n<\/div>\n","protected":false},"excerpt":{"rendered":"<p>Set=12 colori pastelli a cera Domande Frequenti Quanti colori include il set? Il set include 12 pastelli a cera. Per quali usi \u00e8 adatto? Per pittura, colorazione, attivit\u00e0 scolastiche e progetti creativi. Il pacchetto \u00e8 portatile? S\u00ec, viene in un pacchetto portatile che \u00e8 facile da usare. \u00c8 destinato all&#8217;uso scolastico? S\u00ec, \u00e8 adatto per [&hellip;]<\/p>\n","protected":false},"featured_media":14945,"comment_status":"closed","ping_status":"open","template":"","meta":[],"product_brand":[],"product_cat":[],"product_tag":[15],"class_list":{"0":"post-5315198","1":"product","2":"type-product","3":"status-publish","4":"has-post-thumbnail","6":"product_tag-uncategorized","8":"first","9":"onbackorder","10":"purchasable","11":"product-type-simple"},"jetpack_sharing_enabled":true,"_links":{"self":[{"href":"https:\/\/gadgettravellers.eu\/it\/wp-json\/wp\/v2\/product\/5315198","targetHints":{"allow":["GET"]}}],"collection":[{"href":"https:\/\/gadgettravellers.eu\/it\/wp-json\/wp\/v2\/product"}],"about":[{"href":"https:\/\/gadgettravellers.eu\/it\/wp-json\/wp\/v2\/types\/product"}],"replies":[{"embeddable":true,"href":"https:\/\/gadgettravellers.eu\/it\/wp-json\/wp\/v2\/comments?post=5315198"}],"wp:featuredmedia":[{"embeddable":true,"href":"https:\/\/gadgettravellers.eu\/it\/wp-json\/wp\/v2\/media\/14945"}],"wp:attachment":[{"href":"https:\/\/gadgettravellers.eu\/it\/wp-json\/wp\/v2\/media?parent=5315198"}],"wp:term":[{"taxonomy":"product_brand","embeddable":true,"href":"https:\/\/gadgettravellers.eu\/it\/wp-json\/wp\/v2\/product_brand?post=5315198"},{"taxonomy":"product_cat","embeddable":true,"href":"https:\/\/gadgettravellers.eu\/it\/wp-json\/wp\/v2\/product_cat?post=5315198"},{"taxonomy":"product_tag","embeddable":true,"href":"https:\/\/gadgettravellers.eu\/it\/wp-json\/wp\/v2\/product_tag?post=5315198"}],"curies":[{"name":"wp","href":"https:\/\/api.w.org\/{rel}","templated":true}]}}