{"id":5315264,"date":"2026-01-19T14:23:05","date_gmt":"2026-01-19T12:23:05","guid":{"rendered":"https:\/\/gadgettravellers.eu\/shop\/matita-meccanica-punta-07mm-justnote-80800\/"},"modified":"2026-04-22T22:39:09","modified_gmt":"2026-04-22T20:39:09","slug":"matita-meccanica-punta-07mm-justnote-80800","status":"publish","type":"product","link":"https:\/\/gadgettravellers.eu\/it\/shop\/matita-meccanica-punta-07mm-justnote-80800\/","title":{"rendered":"Matita Meccanica Punta 0,7mm JustNote 80800"},"content":{"rendered":"<p>(abbina) Punta 0,7mm<\/p>\n<div class='aiseo-faq-section' style='margin-top:30px; border-top:1px solid #eee; padding-top:20px;'>\n<h3>Domande Frequenti<\/h3>\n<details style='margin-bottom:10px; padding:10px; background:#f9f9f9; border-radius:5px;'>\n<summary style='font-weight:bold; cursor:pointer;'>In quale dimensione \u00e8 questo naso?<\/summary>\n<div style='margin-top:10px; color:#555;'>Il naso ha un diametro di 0,7 mm.<\/div>\n<\/details>\n<details style='margin-bottom:10px; padding:10px; background:#f9f9f9; border-radius:5px;'>\n<summary style='font-weight:bold; cursor:pointer;'>Con quali matite \u00e8 compatibile?<\/summary>\n<div style='margin-top:10px; color:#555;'>\u00c8 una punta di ricambio per matite meccaniche che accettano una punta da 0,7 mm.<\/div>\n<\/details>\n<details style='margin-bottom:10px; padding:10px; background:#f9f9f9; border-radius:5px;'>\n<summary style='font-weight:bold; cursor:pointer;'>In quali tonalit\u00e0 \u00e8 disponibile?<\/summary>\n<div style='margin-top:10px; color:#555;'>Disponibile in tonalit\u00e0 assortite.<\/div>\n<\/details>\n<details style='margin-bottom:10px; padding:10px; background:#f9f9f9; border-radius:5px;'>\n<summary style='font-weight:bold; cursor:pointer;'>Che tipo di scrittura offre?<\/summary>\n<div style='margin-top:10px; color:#555;'>\u00c8 adatta per una scrittura precisa e fluida.<\/div>\n<\/details>\n<\/div>\n","protected":false},"excerpt":{"rendered":"<p>(abbina) Punta 0,7mm Domande Frequenti In quale dimensione \u00e8 questo naso? Il naso ha un diametro di 0,7 mm. Con quali matite \u00e8 compatibile? \u00c8 una punta di ricambio per matite meccaniche che accettano una punta da 0,7 mm. In quali tonalit\u00e0 \u00e8 disponibile? Disponibile in tonalit\u00e0 assortite. Che tipo di scrittura offre? \u00c8 adatta [&hellip;]<\/p>\n","protected":false},"featured_media":15253,"comment_status":"closed","ping_status":"open","template":"","meta":[],"product_brand":[],"product_cat":[],"product_tag":[15],"class_list":{"0":"post-5315264","1":"product","2":"type-product","3":"status-publish","4":"has-post-thumbnail","6":"product_tag-uncategorized","8":"first","9":"onbackorder","10":"purchasable","11":"product-type-simple"},"jetpack_sharing_enabled":true,"_links":{"self":[{"href":"https:\/\/gadgettravellers.eu\/it\/wp-json\/wp\/v2\/product\/5315264","targetHints":{"allow":["GET"]}}],"collection":[{"href":"https:\/\/gadgettravellers.eu\/it\/wp-json\/wp\/v2\/product"}],"about":[{"href":"https:\/\/gadgettravellers.eu\/it\/wp-json\/wp\/v2\/types\/product"}],"replies":[{"embeddable":true,"href":"https:\/\/gadgettravellers.eu\/it\/wp-json\/wp\/v2\/comments?post=5315264"}],"wp:featuredmedia":[{"embeddable":true,"href":"https:\/\/gadgettravellers.eu\/it\/wp-json\/wp\/v2\/media\/15253"}],"wp:attachment":[{"href":"https:\/\/gadgettravellers.eu\/it\/wp-json\/wp\/v2\/media?parent=5315264"}],"wp:term":[{"taxonomy":"product_brand","embeddable":true,"href":"https:\/\/gadgettravellers.eu\/it\/wp-json\/wp\/v2\/product_brand?post=5315264"},{"taxonomy":"product_cat","embeddable":true,"href":"https:\/\/gadgettravellers.eu\/it\/wp-json\/wp\/v2\/product_cat?post=5315264"},{"taxonomy":"product_tag","embeddable":true,"href":"https:\/\/gadgettravellers.eu\/it\/wp-json\/wp\/v2\/product_tag?post=5315264"}],"curies":[{"name":"wp","href":"https:\/\/api.w.org\/{rel}","templated":true}]}}