{"id":5315278,"date":"2026-01-19T14:23:16","date_gmt":"2026-01-19T12:23:16","guid":{"rendered":"https:\/\/gadgettravellers.eu\/shop\/set-di-24-pastelli-a-cera-paw-patrol-paw-patrol\/"},"modified":"2026-04-22T22:39:15","modified_gmt":"2026-04-22T20:39:15","slug":"set-di-24-pastelli-a-cera-paw-patrol-paw-patrol","status":"publish","type":"product","link":"https:\/\/gadgettravellers.eu\/it\/shop\/set-di-24-pastelli-a-cera-paw-patrol-paw-patrol\/","title":{"rendered":"Set di 24 pastelli a cera Paw Patrol  Paw Patrol"},"content":{"rendered":"<p>Set=24 pezzi pastelli a cera paw patrol<\/p>\n<div class='aiseo-faq-section' style='margin-top:30px; border-top:1px solid #eee; padding-top:20px;'>\n<h3>Domande Frequenti<\/h3>\n<details style='margin-bottom:10px; padding:10px; background:#f9f9f9; border-radius:5px;'>\n<summary style='font-weight:bold; cursor:pointer;'>Quanti pezzi include il set?<\/summary>\n<div style='margin-top:10px; color:#555;'>Il set include 24 pastelli a cera.<\/div>\n<\/details>\n<details style='margin-bottom:10px; padding:10px; background:#f9f9f9; border-radius:5px;'>\n<summary style='font-weight:bold; cursor:pointer;'>Per quali attivit\u00e0 \u00e8 adatto?<\/summary>\n<div style='margin-top:10px; color:#555;'>Ideale per attivit\u00e0 scolastiche e creative.<\/div>\n<\/details>\n<details style='margin-bottom:10px; padding:10px; background:#f9f9f9; border-radius:5px;'>\n<summary style='font-weight:bold; cursor:pointer;'>\u00c8 adatto come regalo?<\/summary>\n<div style='margin-top:10px; color:#555;'>S\u00ec, \u00e8 adatto come regalo per i bambini che amano i personaggi della serie.<\/div>\n<\/details>\n<details style='margin-bottom:10px; padding:10px; background:#f9f9f9; border-radius:5px;'>\n<summary style='font-weight:bold; cursor:pointer;'>Per quale pubblico \u00e8 destinato?<\/summary>\n<div style='margin-top:10px; color:#555;'>Progettato principalmente per bambini che si dedicano alla pittura e alla colorazione.<\/div>\n<\/details>\n<\/div>\n","protected":false},"excerpt":{"rendered":"<p>Set=24 pezzi pastelli a cera paw patrol Domande Frequenti Quanti pezzi include il set? Il set include 24 pastelli a cera. Per quali attivit\u00e0 \u00e8 adatto? Ideale per attivit\u00e0 scolastiche e creative. \u00c8 adatto come regalo? S\u00ec, \u00e8 adatto come regalo per i bambini che amano i personaggi della serie. Per quale pubblico \u00e8 destinato? [&hellip;]<\/p>\n","protected":false},"featured_media":15285,"comment_status":"closed","ping_status":"open","template":"","meta":[],"product_brand":[],"product_cat":[],"product_tag":[15],"class_list":{"0":"post-5315278","1":"product","2":"type-product","3":"status-publish","4":"has-post-thumbnail","6":"product_tag-uncategorized","8":"first","9":"onbackorder","10":"purchasable","11":"product-type-simple"},"jetpack_sharing_enabled":true,"_links":{"self":[{"href":"https:\/\/gadgettravellers.eu\/it\/wp-json\/wp\/v2\/product\/5315278","targetHints":{"allow":["GET"]}}],"collection":[{"href":"https:\/\/gadgettravellers.eu\/it\/wp-json\/wp\/v2\/product"}],"about":[{"href":"https:\/\/gadgettravellers.eu\/it\/wp-json\/wp\/v2\/types\/product"}],"replies":[{"embeddable":true,"href":"https:\/\/gadgettravellers.eu\/it\/wp-json\/wp\/v2\/comments?post=5315278"}],"wp:featuredmedia":[{"embeddable":true,"href":"https:\/\/gadgettravellers.eu\/it\/wp-json\/wp\/v2\/media\/15285"}],"wp:attachment":[{"href":"https:\/\/gadgettravellers.eu\/it\/wp-json\/wp\/v2\/media?parent=5315278"}],"wp:term":[{"taxonomy":"product_brand","embeddable":true,"href":"https:\/\/gadgettravellers.eu\/it\/wp-json\/wp\/v2\/product_brand?post=5315278"},{"taxonomy":"product_cat","embeddable":true,"href":"https:\/\/gadgettravellers.eu\/it\/wp-json\/wp\/v2\/product_cat?post=5315278"},{"taxonomy":"product_tag","embeddable":true,"href":"https:\/\/gadgettravellers.eu\/it\/wp-json\/wp\/v2\/product_tag?post=5315278"}],"curies":[{"name":"wp","href":"https:\/\/api.w.org\/{rel}","templated":true}]}}