{"id":5315282,"date":"2026-01-19T14:23:19","date_gmt":"2026-01-19T12:23:19","guid":{"rendered":"https:\/\/gadgettravellers.eu\/shop\/pennarello-nero-indelebile-in-alluminio-leaderart\/"},"modified":"2026-04-22T22:39:17","modified_gmt":"2026-04-22T20:39:17","slug":"pennarello-nero-indelebile-in-alluminio-leaderart","status":"publish","type":"product","link":"https:\/\/gadgettravellers.eu\/it\/shop\/pennarello-nero-indelebile-in-alluminio-leaderart\/","title":{"rendered":"Pennarello Nero Indelebile in Alluminio Leaderart"},"content":{"rendered":"<p>(per colore) nero indelebile in alluminio<\/p>\n<div class='aiseo-faq-section' style='margin-top:30px; border-top:1px solid #eee; padding-top:20px;'>\n<h3>Domande Frequenti<\/h3>\n<details style='margin-bottom:10px; padding:10px; background:#f9f9f9; border-radius:5px;'>\n<summary style='font-weight:bold; cursor:pointer;'>L&#8217;inchiostro \u00e8 impermeabile?<\/summary>\n<div style='margin-top:10px; color:#555;'>S\u00ec, il prodotto offre una scrittura resistente e impermeabile.<\/div>\n<\/details>\n<details style='margin-bottom:10px; padding:10px; background:#f9f9f9; border-radius:5px;'>\n<summary style='font-weight:bold; cursor:pointer;'>Qual \u00e8 il colore dell&#8217;inchiostro?<\/summary>\n<div style='margin-top:10px; color:#555;'>L&#8217;inchiostro \u00e8 nero indelebile.<\/div>\n<\/details>\n<details style='margin-bottom:10px; padding:10px; background:#f9f9f9; border-radius:5px;'>\n<summary style='font-weight:bold; cursor:pointer;'>Di che materiale \u00e8 fatto il corpo del pennarello?<\/summary>\n<div style='margin-top:10px; color:#555;'>Il corpo \u00e8 realizzato in alluminio.<\/div>\n<\/details>\n<details style='margin-bottom:10px; padding:10px; background:#f9f9f9; border-radius:5px;'>\n<summary style='font-weight:bold; cursor:pointer;'>Per quali usi \u00e8 adatto?<\/summary>\n<div style='margin-top:10px; color:#555;'>Ideale per etichettatura, archiviazione e lavori manuali grazie al flusso costante e alla scrittura resistente.<\/div>\n<\/details>\n<\/div>\n","protected":false},"excerpt":{"rendered":"<p>(per colore) nero indelebile in alluminio Domande Frequenti L&#8217;inchiostro \u00e8 impermeabile? S\u00ec, il prodotto offre una scrittura resistente e impermeabile. Qual \u00e8 il colore dell&#8217;inchiostro? L&#8217;inchiostro \u00e8 nero indelebile. Di che materiale \u00e8 fatto il corpo del pennarello? Il corpo \u00e8 realizzato in alluminio. Per quali usi \u00e8 adatto? Ideale per etichettatura, archiviazione e lavori [&hellip;]<\/p>\n","protected":false},"featured_media":15349,"comment_status":"closed","ping_status":"open","template":"","meta":[],"product_brand":[],"product_cat":[],"product_tag":[15],"class_list":{"0":"post-5315282","1":"product","2":"type-product","3":"status-publish","4":"has-post-thumbnail","6":"product_tag-uncategorized","8":"first","9":"onbackorder","10":"purchasable","11":"product-type-simple"},"jetpack_sharing_enabled":true,"_links":{"self":[{"href":"https:\/\/gadgettravellers.eu\/it\/wp-json\/wp\/v2\/product\/5315282","targetHints":{"allow":["GET"]}}],"collection":[{"href":"https:\/\/gadgettravellers.eu\/it\/wp-json\/wp\/v2\/product"}],"about":[{"href":"https:\/\/gadgettravellers.eu\/it\/wp-json\/wp\/v2\/types\/product"}],"replies":[{"embeddable":true,"href":"https:\/\/gadgettravellers.eu\/it\/wp-json\/wp\/v2\/comments?post=5315282"}],"wp:featuredmedia":[{"embeddable":true,"href":"https:\/\/gadgettravellers.eu\/it\/wp-json\/wp\/v2\/media\/15349"}],"wp:attachment":[{"href":"https:\/\/gadgettravellers.eu\/it\/wp-json\/wp\/v2\/media?parent=5315282"}],"wp:term":[{"taxonomy":"product_brand","embeddable":true,"href":"https:\/\/gadgettravellers.eu\/it\/wp-json\/wp\/v2\/product_brand?post=5315282"},{"taxonomy":"product_cat","embeddable":true,"href":"https:\/\/gadgettravellers.eu\/it\/wp-json\/wp\/v2\/product_cat?post=5315282"},{"taxonomy":"product_tag","embeddable":true,"href":"https:\/\/gadgettravellers.eu\/it\/wp-json\/wp\/v2\/product_tag?post=5315282"}],"curies":[{"name":"wp","href":"https:\/\/api.w.org\/{rel}","templated":true}]}}