{"id":5315292,"date":"2026-01-19T14:23:26","date_gmt":"2026-01-19T12:23:26","guid":{"rendered":"https:\/\/gadgettravellers.eu\/shop\/penna-a-pulsante-in-blister-avengers-avengers\/"},"modified":"2026-04-22T22:39:21","modified_gmt":"2026-04-22T20:39:21","slug":"penna-a-pulsante-in-blister-avengers-avengers","status":"publish","type":"product","link":"https:\/\/gadgettravellers.eu\/it\/shop\/penna-a-pulsante-in-blister-avengers-avengers\/","title":{"rendered":"Penna a pulsante in blister Avengers  Avengers"},"content":{"rendered":"<p>Penna a pulsante Avengers<\/p>\n<div class='aiseo-faq-section' style='margin-top:30px; border-top:1px solid #eee; padding-top:20px;'>\n<h3>Domande Frequenti<\/h3>\n<details style='margin-bottom:10px; padding:10px; background:#f9f9f9; border-radius:5px;'>\n<summary style='font-weight:bold; cursor:pointer;'>Che meccanismo ha la penna?<\/summary>\n<div style='margin-top:10px; color:#555;'>Dispone di un pratico meccanismo retrattile (pulsante).<\/div>\n<\/details>\n<details style='margin-bottom:10px; padding:10px; background:#f9f9f9; border-radius:5px;'>\n<summary style='font-weight:bold; cursor:pointer;'>Di che materiale \u00e8 fatto il corpo della penna?<\/summary>\n<div style='margin-top:10px; color:#555;'>Il corpo \u00e8 in plastica leggera.<\/div>\n<\/details>\n<details style='margin-bottom:10px; padding:10px; background:#f9f9f9; border-radius:5px;'>\n<summary style='font-weight:bold; cursor:pointer;'>\u00c8 adatto per la scuola?<\/summary>\n<div style='margin-top:10px; color:#555;'>S\u00ec, \u00e8 ideale per l&#8217;uso a scuola.<\/div>\n<\/details>\n<details style='margin-bottom:10px; padding:10px; background:#f9f9f9; border-radius:5px;'>\n<summary style='font-weight:bold; cursor:pointer;'>Come viene consegnata la penna?<\/summary>\n<div style='margin-top:10px; color:#555;'>Confezionato in blister con carattere tematico.<\/div>\n<\/details>\n<\/div>\n","protected":false},"excerpt":{"rendered":"<p>Penna a pulsante Avengers Domande Frequenti Che meccanismo ha la penna? Dispone di un pratico meccanismo retrattile (pulsante). Di che materiale \u00e8 fatto il corpo della penna? Il corpo \u00e8 in plastica leggera. \u00c8 adatto per la scuola? S\u00ec, \u00e8 ideale per l&#8217;uso a scuola. Come viene consegnata la penna? Confezionato in blister con carattere [&hellip;]<\/p>\n","protected":false},"featured_media":15373,"comment_status":"closed","ping_status":"open","template":"","meta":[],"product_brand":[],"product_cat":[],"product_tag":[15],"class_list":{"0":"post-5315292","1":"product","2":"type-product","3":"status-publish","4":"has-post-thumbnail","6":"product_tag-uncategorized","8":"first","9":"onbackorder","10":"purchasable","11":"product-type-simple"},"jetpack_sharing_enabled":true,"_links":{"self":[{"href":"https:\/\/gadgettravellers.eu\/it\/wp-json\/wp\/v2\/product\/5315292","targetHints":{"allow":["GET"]}}],"collection":[{"href":"https:\/\/gadgettravellers.eu\/it\/wp-json\/wp\/v2\/product"}],"about":[{"href":"https:\/\/gadgettravellers.eu\/it\/wp-json\/wp\/v2\/types\/product"}],"replies":[{"embeddable":true,"href":"https:\/\/gadgettravellers.eu\/it\/wp-json\/wp\/v2\/comments?post=5315292"}],"wp:featuredmedia":[{"embeddable":true,"href":"https:\/\/gadgettravellers.eu\/it\/wp-json\/wp\/v2\/media\/15373"}],"wp:attachment":[{"href":"https:\/\/gadgettravellers.eu\/it\/wp-json\/wp\/v2\/media?parent=5315292"}],"wp:term":[{"taxonomy":"product_brand","embeddable":true,"href":"https:\/\/gadgettravellers.eu\/it\/wp-json\/wp\/v2\/product_brand?post=5315292"},{"taxonomy":"product_cat","embeddable":true,"href":"https:\/\/gadgettravellers.eu\/it\/wp-json\/wp\/v2\/product_cat?post=5315292"},{"taxonomy":"product_tag","embeddable":true,"href":"https:\/\/gadgettravellers.eu\/it\/wp-json\/wp\/v2\/product_tag?post=5315292"}],"curies":[{"name":"wp","href":"https:\/\/api.w.org\/{rel}","templated":true}]}}