{"id":5315313,"date":"2026-01-19T14:23:44","date_gmt":"2026-01-19T12:23:44","guid":{"rendered":"https:\/\/gadgettravellers.eu\/shop\/penna-con-pon-pon-assortiti-20cm-justnote-80885\/"},"modified":"2026-04-22T22:39:31","modified_gmt":"2026-04-22T20:39:31","slug":"penna-con-pon-pon-assortiti-20cm-justnote-80885","status":"publish","type":"product","link":"https:\/\/gadgettravellers.eu\/it\/shop\/penna-con-pon-pon-assortiti-20cm-justnote-80885\/","title":{"rendered":"Penna con Pon-Pon Assortiti, 20cm JustNote 80885"},"content":{"rendered":"<p>Inchiostro nero assortito, 20cm<\/p>\n<div class='aiseo-faq-section' style='margin-top:30px; border-top:1px solid #eee; padding-top:20px;'>\n<h3>Domande Frequenti<\/h3>\n<details style='margin-bottom:10px; padding:10px; background:#f9f9f9; border-radius:5px;'>\n<summary style='font-weight:bold; cursor:pointer;'>Che tipo di inchiostro ha la penna?<\/summary>\n<div style='margin-top:10px; color:#555;'>Ha inchiostro nero.<\/div>\n<\/details>\n<details style='margin-bottom:10px; padding:10px; background:#f9f9f9; border-radius:5px;'>\n<summary style='font-weight:bold; cursor:pointer;'>Quanto \u00e8 lungo la penna?<\/summary>\n<div style='margin-top:10px; color:#555;'>La lunghezza \u00e8 20 cm.<\/div>\n<\/details>\n<details style='margin-bottom:10px; padding:10px; background:#f9f9f9; border-radius:5px;'>\n<summary style='font-weight:bold; cursor:pointer;'>\u00c8 adatto per la scuola e l&#8217;ufficio?<\/summary>\n<div style='margin-top:10px; color:#555;'>S\u00ec, \u00e8 ideale per la scuola, l&#8217;ufficio o come regalo.<\/div>\n<\/details>\n<details style='margin-bottom:10px; padding:10px; background:#f9f9f9; border-radius:5px;'>\n<summary style='font-weight:bold; cursor:pointer;'>Com&#8217;\u00e8 la qualit\u00e0 della scrittura?<\/summary>\n<div style='margin-top:10px; color:#555;'>Fornisce una scrittura comoda e precisa.<\/div>\n<\/details>\n<\/div>\n","protected":false},"excerpt":{"rendered":"<p>Inchiostro nero assortito, 20cm Domande Frequenti Che tipo di inchiostro ha la penna? Ha inchiostro nero. Quanto \u00e8 lungo la penna? La lunghezza \u00e8 20 cm. \u00c8 adatto per la scuola e l&#8217;ufficio? S\u00ec, \u00e8 ideale per la scuola, l&#8217;ufficio o come regalo. Com&#8217;\u00e8 la qualit\u00e0 della scrittura? Fornisce una scrittura comoda e precisa.<\/p>\n","protected":false},"featured_media":5026620,"comment_status":"closed","ping_status":"open","template":"","meta":[],"product_brand":[],"product_cat":[],"product_tag":[15],"class_list":{"0":"post-5315313","1":"product","2":"type-product","3":"status-publish","4":"has-post-thumbnail","6":"product_tag-uncategorized","8":"first","9":"onbackorder","10":"purchasable","11":"product-type-simple"},"jetpack_sharing_enabled":true,"_links":{"self":[{"href":"https:\/\/gadgettravellers.eu\/it\/wp-json\/wp\/v2\/product\/5315313","targetHints":{"allow":["GET"]}}],"collection":[{"href":"https:\/\/gadgettravellers.eu\/it\/wp-json\/wp\/v2\/product"}],"about":[{"href":"https:\/\/gadgettravellers.eu\/it\/wp-json\/wp\/v2\/types\/product"}],"replies":[{"embeddable":true,"href":"https:\/\/gadgettravellers.eu\/it\/wp-json\/wp\/v2\/comments?post=5315313"}],"wp:featuredmedia":[{"embeddable":true,"href":"https:\/\/gadgettravellers.eu\/it\/wp-json\/wp\/v2\/media\/5026620"}],"wp:attachment":[{"href":"https:\/\/gadgettravellers.eu\/it\/wp-json\/wp\/v2\/media?parent=5315313"}],"wp:term":[{"taxonomy":"product_brand","embeddable":true,"href":"https:\/\/gadgettravellers.eu\/it\/wp-json\/wp\/v2\/product_brand?post=5315313"},{"taxonomy":"product_cat","embeddable":true,"href":"https:\/\/gadgettravellers.eu\/it\/wp-json\/wp\/v2\/product_cat?post=5315313"},{"taxonomy":"product_tag","embeddable":true,"href":"https:\/\/gadgettravellers.eu\/it\/wp-json\/wp\/v2\/product_tag?post=5315313"}],"curies":[{"name":"wp","href":"https:\/\/api.w.org\/{rel}","templated":true}]}}