{"id":5315316,"date":"2026-01-19T14:23:45","date_gmt":"2026-01-19T12:23:45","guid":{"rendered":"https:\/\/gadgettravellers.eu\/shop\/penna-magica-con-gomma-a-pulsante-robot-145cm-justnote-80887\/"},"modified":"2026-04-22T22:39:32","modified_gmt":"2026-04-22T20:39:32","slug":"penna-magica-con-gomma-a-pulsante-robot-145cm-justnote-80887","status":"publish","type":"product","link":"https:\/\/gadgettravellers.eu\/it\/shop\/penna-magica-con-gomma-a-pulsante-robot-145cm-justnote-80887\/","title":{"rendered":"Penna Magica con Gomma a Pulsante Robot 14,5cm JustNote 80887"},"content":{"rendered":"<p>(abbina) cancella con la gomma da 14,5cm<\/p>\n<div class='aiseo-faq-section' style='margin-top:30px; border-top:1px solid #eee; padding-top:20px;'>\n<h3>Domande Frequenti<\/h3>\n<details style='margin-bottom:10px; padding:10px; background:#f9f9f9; border-radius:5px;'>\n<summary style='font-weight:bold; cursor:pointer;'>Quanto \u00e8 lungo la penna?<\/summary>\n<div style='margin-top:10px; color:#555;'>La penna \u00e8 lunga 14,5 cm.<\/div>\n<\/details>\n<details style='margin-bottom:10px; padding:10px; background:#f9f9f9; border-radius:5px;'>\n<summary style='font-weight:bold; cursor:pointer;'>Ha una gomma e come funziona?<\/summary>\n<div style='margin-top:10px; color:#555;'>S\u00ec, dispone di una gomma incorporata che cancella le linee.<\/div>\n<\/details>\n<details style='margin-bottom:10px; padding:10px; background:#f9f9f9; border-radius:5px;'>\n<summary style='font-weight:bold; cursor:pointer;'>Per quale uso \u00e8 adatta la penna?<\/summary>\n<div style='margin-top:10px; color:#555;'>\u00c8 pratico per la scuola e l&#8217;ufficio.<\/div>\n<\/details>\n<\/div>\n","protected":false},"excerpt":{"rendered":"<p>(abbina) cancella con la gomma da 14,5cm Domande Frequenti Quanto \u00e8 lungo la penna? La penna \u00e8 lunga 14,5 cm. Ha una gomma e come funziona? S\u00ec, dispone di una gomma incorporata che cancella le linee. Per quale uso \u00e8 adatta la penna? \u00c8 pratico per la scuola e l&#8217;ufficio.<\/p>\n","protected":false},"featured_media":5028369,"comment_status":"closed","ping_status":"open","template":"","meta":[],"product_brand":[],"product_cat":[],"product_tag":[15],"class_list":{"0":"post-5315316","1":"product","2":"type-product","3":"status-publish","4":"has-post-thumbnail","6":"product_tag-uncategorized","8":"first","9":"onbackorder","10":"purchasable","11":"product-type-simple"},"jetpack_sharing_enabled":true,"_links":{"self":[{"href":"https:\/\/gadgettravellers.eu\/it\/wp-json\/wp\/v2\/product\/5315316","targetHints":{"allow":["GET"]}}],"collection":[{"href":"https:\/\/gadgettravellers.eu\/it\/wp-json\/wp\/v2\/product"}],"about":[{"href":"https:\/\/gadgettravellers.eu\/it\/wp-json\/wp\/v2\/types\/product"}],"replies":[{"embeddable":true,"href":"https:\/\/gadgettravellers.eu\/it\/wp-json\/wp\/v2\/comments?post=5315316"}],"wp:featuredmedia":[{"embeddable":true,"href":"https:\/\/gadgettravellers.eu\/it\/wp-json\/wp\/v2\/media\/5028369"}],"wp:attachment":[{"href":"https:\/\/gadgettravellers.eu\/it\/wp-json\/wp\/v2\/media?parent=5315316"}],"wp:term":[{"taxonomy":"product_brand","embeddable":true,"href":"https:\/\/gadgettravellers.eu\/it\/wp-json\/wp\/v2\/product_brand?post=5315316"},{"taxonomy":"product_cat","embeddable":true,"href":"https:\/\/gadgettravellers.eu\/it\/wp-json\/wp\/v2\/product_cat?post=5315316"},{"taxonomy":"product_tag","embeddable":true,"href":"https:\/\/gadgettravellers.eu\/it\/wp-json\/wp\/v2\/product_tag?post=5315316"}],"curies":[{"name":"wp","href":"https:\/\/api.w.org\/{rel}","templated":true}]}}